{"id":23248,"date":"2024-11-28T00:01:33","date_gmt":"2024-11-27T23:01:33","guid":{"rendered":"https:\/\/kuus.shop\/?post_type=product&#038;p=23248"},"modified":"2026-04-17T08:31:55","modified_gmt":"2026-04-17T07:31:55","slug":"paket-laenger-zu-hause-leben","status":"publish","type":"product","link":"https:\/\/kuus.shop\/de\/einkaufsseite\/black-friday\/paket-laenger-zu-hause-leben\/","title":{"rendered":"Paket L\u00e4nger zu Hause leben"},"content":{"rendered":"<p>Lassen Sie Ihre Eltern l\u00e4nger sicher zu Hause leben! Mit der Sturzerkennungsuhr haben Sie immer das sichere Gef\u00fchl, dass Ihre Eltern Sie im Notfall erreichen k\u00f6nnen. Das Klettverschlussarmband erleichtert das Anlegen der Uhr.  <\/p>\n<ul>\n<li>1x Alarmuhr mit Sturzerkennung<\/li>\n<li>1x Glas Displayschutzfolie<\/li>\n<li>1x Bequemes Klettverschluss-Uhrenarmband<\/li>\n<\/ul>\n","protected":false},"excerpt":{"rendered":"<p>Sicher l\u00e4nger zu Hause leben. Das beste Black Friday Angebot mit 28% Rabatt! <\/p>\n","protected":false},"featured_media":21209,"comment_status":"open","ping_status":"closed","template":"","meta":{"_acf_changed":false,"inline_featured_image":false},"product_brand":[],"product_cat":[92],"product_tag":[],"woo-feed-brand":[],"class_list":{"0":"post-23248","1":"product","2":"type-product","3":"status-publish","4":"has-post-thumbnail","6":"product_cat-black-friday","8":"first","9":"instock","10":"sale","11":"virtual","12":"taxable","13":"purchasable","14":"product-type-bundle"},"bundled_by":[],"bundle_stock_status":"instock","bundle_stock_quantity":24,"bundle_virtual":false,"bundle_layout":"default","bundle_add_to_cart_form_location":"default","bundle_editable_in_cart":false,"bundle_sold_individually_context":"product","bundle_item_grouping":"parent","bundle_min_size":"","bundle_max_size":"","bundle_price":{"price":{"min":{"incl_tax":"179.95","excl_tax":"148.719008"},"max":{"incl_tax":"179.95","excl_tax":"148.719008"}},"regular_price":{"min":{"incl_tax":"250","excl_tax":"206.61157"},"max":{"incl_tax":"250","excl_tax":"206.61157"}}},"bundled_items":[{"bundled_item_id":31,"product_id":12899,"menu_order":0,"quantity_min":1,"quantity_max":1,"quantity_default":1,"priced_individually":false,"shipped_individually":false,"override_title":false,"title":"KUUS. S2","override_description":false,"description":"KUUS. S2","optional":false,"hide_thumbnail":false,"discount":"","override_variations":false,"allowed_variations":[""],"override_default_variation_attributes":false,"default_variation_attributes":[],"single_product_visibility":"visible","cart_visibility":"visible","order_visibility":"visible","single_product_price_visibility":"visible","cart_price_visibility":"visible","order_price_visibility":"visible","stock_status":"in_stock"},{"bundled_item_id":32,"product_id":13599,"menu_order":1,"quantity_min":1,"quantity_max":1,"quantity_default":1,"priced_individually":false,"shipped_individually":false,"override_title":false,"title":"Uhrenklettverschluss f\u00fcr KUUS S1, S2 &amp; W2","override_description":false,"description":"Uhrenklettverschluss f\u00fcr KUUS S1, S2 &amp; W2","optional":false,"hide_thumbnail":false,"discount":"","override_variations":false,"allowed_variations":[""],"override_default_variation_attributes":false,"default_variation_attributes":[],"single_product_visibility":"visible","cart_visibility":"visible","order_visibility":"visible","single_product_price_visibility":"visible","cart_price_visibility":"visible","order_price_visibility":"visible","stock_status":"in_stock"},{"bundled_item_id":33,"product_id":13659,"menu_order":2,"quantity_min":1,"quantity_max":1,"quantity_default":1,"priced_individually":false,"shipped_individually":false,"override_title":false,"title":"Displayschutzfolie aus Glas S1 S2","override_description":false,"description":"Displayschutzfolie aus Glas S1 S2","optional":false,"hide_thumbnail":false,"discount":"","override_variations":false,"allowed_variations":[""],"override_default_variation_attributes":false,"default_variation_attributes":[],"single_product_visibility":"visible","cart_visibility":"visible","order_visibility":"visible","single_product_price_visibility":"visible","cart_price_visibility":"visible","order_price_visibility":"visible","stock_status":"in_stock"}],"bundle_sell_ids":[],"acf":[],"yoast_head":"<!-- This site is optimized with the Yoast SEO plugin v27.3 - https:\/\/yoast.com\/product\/yoast-seo-wordpress\/ -->\n<title>Paket L\u00e4nger zu Hause leben - KUUS.<\/title>\n<meta name=\"robots\" content=\"index, follow, max-snippet:-1, max-image-preview:large, max-video-preview:-1\" \/>\n<link rel=\"canonical\" href=\"https:\/\/kuus.shop\/de\/einkaufsseite\/black-friday\/paket-laenger-zu-hause-leben\/\" \/>\n<meta property=\"og:locale\" content=\"de_DE\" \/>\n<meta property=\"og:type\" content=\"article\" \/>\n<meta property=\"og:title\" content=\"Paket L\u00e4nger zu Hause leben - KUUS.\" \/>\n<meta property=\"og:description\" content=\"Sicher l\u00e4nger zu Hause leben. Das beste Black Friday Angebot mit 28% Rabatt!\" \/>\n<meta property=\"og:url\" content=\"https:\/\/kuus.shop\/de\/einkaufsseite\/black-friday\/paket-laenger-zu-hause-leben\/\" \/>\n<meta property=\"og:site_name\" content=\"KUUS.\" \/>\n<meta property=\"article:publisher\" content=\"https:\/\/www.facebook.com\/Kuus.nederland\/\" \/>\n<meta property=\"article:modified_time\" content=\"2026-04-17T07:31:55+00:00\" \/>\n<meta property=\"og:image\" content=\"https:\/\/kuus.shop\/wp-content\/uploads\/2024\/11\/3.-KUUS.-Black-Friday-Cyber-Monday-visuals-scaled.jpg\" \/>\n\t<meta property=\"og:image:width\" content=\"2560\" \/>\n\t<meta property=\"og:image:height\" content=\"2560\" \/>\n\t<meta property=\"og:image:type\" content=\"image\/jpeg\" \/>\n<meta name=\"twitter:card\" content=\"summary_large_image\" \/>\n<script type=\"application\/ld+json\" class=\"yoast-schema-graph\">{\"@context\":\"https:\\\/\\\/schema.org\",\"@graph\":[{\"@type\":\"WebPage\",\"@id\":\"https:\\\/\\\/kuus.shop\\\/de\\\/einkaufsseite\\\/black-friday\\\/paket-laenger-zu-hause-leben\\\/\",\"url\":\"https:\\\/\\\/kuus.shop\\\/de\\\/einkaufsseite\\\/black-friday\\\/paket-laenger-zu-hause-leben\\\/\",\"name\":\"Paket L\u00e4nger zu Hause leben - KUUS.\",\"isPartOf\":{\"@id\":\"https:\\\/\\\/kuus.shop\\\/de\\\/#website\"},\"primaryImageOfPage\":{\"@id\":\"https:\\\/\\\/kuus.shop\\\/de\\\/einkaufsseite\\\/black-friday\\\/paket-laenger-zu-hause-leben\\\/#primaryimage\"},\"image\":{\"@id\":\"https:\\\/\\\/kuus.shop\\\/de\\\/einkaufsseite\\\/black-friday\\\/paket-laenger-zu-hause-leben\\\/#primaryimage\"},\"thumbnailUrl\":\"https:\\\/\\\/kuus.shop\\\/wp-content\\\/uploads\\\/2024\\\/11\\\/3.-KUUS.-Black-Friday-Cyber-Monday-visuals-scaled.jpg\",\"datePublished\":\"2024-11-27T23:01:33+00:00\",\"dateModified\":\"2026-04-17T07:31:55+00:00\",\"breadcrumb\":{\"@id\":\"https:\\\/\\\/kuus.shop\\\/de\\\/einkaufsseite\\\/black-friday\\\/paket-laenger-zu-hause-leben\\\/#breadcrumb\"},\"inLanguage\":\"de\",\"potentialAction\":[{\"@type\":\"ReadAction\",\"target\":[\"https:\\\/\\\/kuus.shop\\\/de\\\/einkaufsseite\\\/black-friday\\\/paket-laenger-zu-hause-leben\\\/\"]}]},{\"@type\":\"ImageObject\",\"inLanguage\":\"de\",\"@id\":\"https:\\\/\\\/kuus.shop\\\/de\\\/einkaufsseite\\\/black-friday\\\/paket-laenger-zu-hause-leben\\\/#primaryimage\",\"url\":\"https:\\\/\\\/kuus.shop\\\/wp-content\\\/uploads\\\/2024\\\/11\\\/3.-KUUS.-Black-Friday-Cyber-Monday-visuals-scaled.jpg\",\"contentUrl\":\"https:\\\/\\\/kuus.shop\\\/wp-content\\\/uploads\\\/2024\\\/11\\\/3.-KUUS.-Black-Friday-Cyber-Monday-visuals-scaled.jpg\",\"width\":2560,\"height\":2560},{\"@type\":\"BreadcrumbList\",\"@id\":\"https:\\\/\\\/kuus.shop\\\/de\\\/einkaufsseite\\\/black-friday\\\/paket-laenger-zu-hause-leben\\\/#breadcrumb\",\"itemListElement\":[{\"@type\":\"ListItem\",\"position\":1,\"name\":\"KUUS.\",\"item\":\"https:\\\/\\\/kuus.shop\\\/de\\\/\"},{\"@type\":\"ListItem\",\"position\":2,\"name\":\"Shop\",\"item\":\"https:\\\/\\\/kuus.shop\\\/de\\\/shop\\\/\"},{\"@type\":\"ListItem\",\"position\":3,\"name\":\"Black Friday\",\"item\":\"https:\\\/\\\/kuus.shop\\\/de\\\/black-friday\\\/\"},{\"@type\":\"ListItem\",\"position\":4,\"name\":\"Paket L\u00e4nger zu Hause leben\"}]},{\"@type\":\"WebSite\",\"@id\":\"https:\\\/\\\/kuus.shop\\\/de\\\/#website\",\"url\":\"https:\\\/\\\/kuus.shop\\\/de\\\/\",\"name\":\"KUUS.\",\"description\":\"Watch your valuables\",\"publisher\":{\"@id\":\"https:\\\/\\\/kuus.shop\\\/de\\\/#organization\"},\"potentialAction\":[{\"@type\":\"SearchAction\",\"target\":{\"@type\":\"EntryPoint\",\"urlTemplate\":\"https:\\\/\\\/kuus.shop\\\/de\\\/?s={search_term_string}\"},\"query-input\":{\"@type\":\"PropertyValueSpecification\",\"valueRequired\":true,\"valueName\":\"search_term_string\"}}],\"inLanguage\":\"de\"},{\"@type\":\"Organization\",\"@id\":\"https:\\\/\\\/kuus.shop\\\/de\\\/#organization\",\"name\":\"KUUS.\",\"url\":\"https:\\\/\\\/kuus.shop\",\"logo\":{\"@type\":\"ImageObject\",\"inLanguage\":\"de\",\"@id\":\"https:\\\/\\\/kuus.shop\\\/de\\\/#\\\/schema\\\/logo\\\/image\\\/\",\"url\":\"https:\\\/\\\/kuus.shop\\\/wp-content\\\/uploads\\\/2023\\\/06\\\/groot-vierkant-2000x2000-1.png\",\"contentUrl\":\"https:\\\/\\\/kuus.shop\\\/wp-content\\\/uploads\\\/2023\\\/06\\\/groot-vierkant-2000x2000-1.png\",\"width\":2000,\"height\":2000,\"caption\":\"KUUS.\"},\"image\":{\"@id\":\"https:\\\/\\\/kuus.shop\\\/de\\\/#\\\/schema\\\/logo\\\/image\\\/\"},\"sameAs\":[\"https:\\\/\\\/www.facebook.com\\\/Kuus.nederland\\\/\",\"https:\\\/\\\/www.instagram.com\\\/kuus.nederland\\\/\"],\"legalName\":\"WCMK B.V\",\"alternateName\":\"KUUS\"}]}<\/script>\n<!-- \/ Yoast SEO plugin. -->","yoast_head_json":{"title":"Paket L\u00e4nger zu Hause leben - KUUS.","robots":{"index":"index","follow":"follow","max-snippet":"max-snippet:-1","max-image-preview":"max-image-preview:large","max-video-preview":"max-video-preview:-1"},"canonical":"https:\/\/kuus.shop\/de\/einkaufsseite\/black-friday\/paket-laenger-zu-hause-leben\/","og_locale":"de_DE","og_type":"article","og_title":"Paket L\u00e4nger zu Hause leben - KUUS.","og_description":"Sicher l\u00e4nger zu Hause leben. Das beste Black Friday Angebot mit 28% Rabatt!","og_url":"https:\/\/kuus.shop\/de\/einkaufsseite\/black-friday\/paket-laenger-zu-hause-leben\/","og_site_name":"KUUS.","article_publisher":"https:\/\/www.facebook.com\/Kuus.nederland\/","article_modified_time":"2026-04-17T07:31:55+00:00","og_image":[{"width":2560,"height":2560,"url":"https:\/\/kuus.shop\/wp-content\/uploads\/2024\/11\/3.-KUUS.-Black-Friday-Cyber-Monday-visuals-scaled.jpg","type":"image\/jpeg"}],"twitter_card":"summary_large_image","schema":{"@context":"https:\/\/schema.org","@graph":[{"@type":"WebPage","@id":"https:\/\/kuus.shop\/de\/einkaufsseite\/black-friday\/paket-laenger-zu-hause-leben\/","url":"https:\/\/kuus.shop\/de\/einkaufsseite\/black-friday\/paket-laenger-zu-hause-leben\/","name":"Paket L\u00e4nger zu Hause leben - KUUS.","isPartOf":{"@id":"https:\/\/kuus.shop\/de\/#website"},"primaryImageOfPage":{"@id":"https:\/\/kuus.shop\/de\/einkaufsseite\/black-friday\/paket-laenger-zu-hause-leben\/#primaryimage"},"image":{"@id":"https:\/\/kuus.shop\/de\/einkaufsseite\/black-friday\/paket-laenger-zu-hause-leben\/#primaryimage"},"thumbnailUrl":"https:\/\/kuus.shop\/wp-content\/uploads\/2024\/11\/3.-KUUS.-Black-Friday-Cyber-Monday-visuals-scaled.jpg","datePublished":"2024-11-27T23:01:33+00:00","dateModified":"2026-04-17T07:31:55+00:00","breadcrumb":{"@id":"https:\/\/kuus.shop\/de\/einkaufsseite\/black-friday\/paket-laenger-zu-hause-leben\/#breadcrumb"},"inLanguage":"de","potentialAction":[{"@type":"ReadAction","target":["https:\/\/kuus.shop\/de\/einkaufsseite\/black-friday\/paket-laenger-zu-hause-leben\/"]}]},{"@type":"ImageObject","inLanguage":"de","@id":"https:\/\/kuus.shop\/de\/einkaufsseite\/black-friday\/paket-laenger-zu-hause-leben\/#primaryimage","url":"https:\/\/kuus.shop\/wp-content\/uploads\/2024\/11\/3.-KUUS.-Black-Friday-Cyber-Monday-visuals-scaled.jpg","contentUrl":"https:\/\/kuus.shop\/wp-content\/uploads\/2024\/11\/3.-KUUS.-Black-Friday-Cyber-Monday-visuals-scaled.jpg","width":2560,"height":2560},{"@type":"BreadcrumbList","@id":"https:\/\/kuus.shop\/de\/einkaufsseite\/black-friday\/paket-laenger-zu-hause-leben\/#breadcrumb","itemListElement":[{"@type":"ListItem","position":1,"name":"KUUS.","item":"https:\/\/kuus.shop\/de\/"},{"@type":"ListItem","position":2,"name":"Shop","item":"https:\/\/kuus.shop\/de\/shop\/"},{"@type":"ListItem","position":3,"name":"Black Friday","item":"https:\/\/kuus.shop\/de\/black-friday\/"},{"@type":"ListItem","position":4,"name":"Paket L\u00e4nger zu Hause leben"}]},{"@type":"WebSite","@id":"https:\/\/kuus.shop\/de\/#website","url":"https:\/\/kuus.shop\/de\/","name":"KUUS.","description":"Watch your valuables","publisher":{"@id":"https:\/\/kuus.shop\/de\/#organization"},"potentialAction":[{"@type":"SearchAction","target":{"@type":"EntryPoint","urlTemplate":"https:\/\/kuus.shop\/de\/?s={search_term_string}"},"query-input":{"@type":"PropertyValueSpecification","valueRequired":true,"valueName":"search_term_string"}}],"inLanguage":"de"},{"@type":"Organization","@id":"https:\/\/kuus.shop\/de\/#organization","name":"KUUS.","url":"https:\/\/kuus.shop","logo":{"@type":"ImageObject","inLanguage":"de","@id":"https:\/\/kuus.shop\/de\/#\/schema\/logo\/image\/","url":"https:\/\/kuus.shop\/wp-content\/uploads\/2023\/06\/groot-vierkant-2000x2000-1.png","contentUrl":"https:\/\/kuus.shop\/wp-content\/uploads\/2023\/06\/groot-vierkant-2000x2000-1.png","width":2000,"height":2000,"caption":"KUUS."},"image":{"@id":"https:\/\/kuus.shop\/de\/#\/schema\/logo\/image\/"},"sameAs":["https:\/\/www.facebook.com\/Kuus.nederland\/","https:\/\/www.instagram.com\/kuus.nederland\/"],"legalName":"WCMK B.V","alternateName":"KUUS"}]}},"_links":{"self":[{"href":"https:\/\/kuus.shop\/de\/wp-json\/wp\/v2\/product\/23248","targetHints":{"allow":["GET"]}}],"collection":[{"href":"https:\/\/kuus.shop\/de\/wp-json\/wp\/v2\/product"}],"about":[{"href":"https:\/\/kuus.shop\/de\/wp-json\/wp\/v2\/types\/product"}],"replies":[{"embeddable":true,"href":"https:\/\/kuus.shop\/de\/wp-json\/wp\/v2\/comments?post=23248"}],"wp:featuredmedia":[{"embeddable":true,"href":"https:\/\/kuus.shop\/de\/wp-json\/wp\/v2\/media\/21209"}],"wp:attachment":[{"href":"https:\/\/kuus.shop\/de\/wp-json\/wp\/v2\/media?parent=23248"}],"wp:term":[{"taxonomy":"product_brand","embeddable":true,"href":"https:\/\/kuus.shop\/de\/wp-json\/wp\/v2\/product_brand?post=23248"},{"taxonomy":"product_cat","embeddable":true,"href":"https:\/\/kuus.shop\/de\/wp-json\/wp\/v2\/product_cat?post=23248"},{"taxonomy":"product_tag","embeddable":true,"href":"https:\/\/kuus.shop\/de\/wp-json\/wp\/v2\/product_tag?post=23248"},{"taxonomy":"woo-feed-brand","embeddable":true,"href":"https:\/\/kuus.shop\/de\/wp-json\/wp\/v2\/woo-feed-brand?post=23248"}],"curies":[{"name":"wp","href":"https:\/\/api.w.org\/{rel}","templated":true}]}}