{"id":23246,"date":"2024-11-26T00:01:25","date_gmt":"2024-11-25T23:01:25","guid":{"rendered":"https:\/\/kuus.shop\/unkategorisiert\/gps-uhr-kind-outdoor-spielbeweis-paket\/"},"modified":"2026-04-07T15:35:25","modified_gmt":"2026-04-07T14:35:25","slug":"gps-uhr-kind-outdoor-spielbeweis-paket","status":"publish","type":"product","link":"https:\/\/kuus.shop\/de\/einkaufsseite\/black-friday\/gps-uhr-kind-outdoor-spielbeweis-paket\/","title":{"rendered":"GPS-Uhr Kind Outdoor Spielbeweis Paket"},"content":{"rendered":"<p>Lassen Sie Ihre Kinder noch l\u00e4nger drau\u00dfen spielen! Sch\u00fctzen Sie die Uhr optimal und sorgen Sie daf\u00fcr, dass Ihr Sohn oder Ihre Tochter die Uhr leicht selbst an- und ablegen kann!<\/p>\n<ul>\n<li>1x GPS Uhr f\u00fcr Kinder in Blau, Rosa oder Schwarz<\/li>\n<li>2x Glas Displayschutzfolie<\/li>\n<li>1x Bequemes Klettverschluss-Uhrenarmband<\/li>\n<\/ul>\n","protected":false},"excerpt":{"rendered":"<p>Outdoor Play Proof Paket! Holen Sie sich den besten Uhrenschutz, damit Ihre Kinder besonders lange drau\u00dfen spielen k\u00f6nnen! Jetzt mit 39% Rabatt!<\/p>\n","protected":false},"featured_media":0,"comment_status":"open","ping_status":"closed","template":"","meta":{"_acf_changed":false,"inline_featured_image":false},"product_brand":[],"product_cat":[92],"product_tag":[],"woo-feed-brand":[138],"class_list":{"0":"post-23246","1":"product","2":"type-product","3":"status-publish","5":"product_cat-black-friday","6":"woo-feed-brand-kuus","8":"first","9":"instock","10":"sale","11":"virtual","12":"taxable","13":"purchasable","14":"product-type-bundle"},"bundled_by":[],"bundle_stock_status":"insufficientstock","bundle_stock_quantity":0,"bundle_virtual":false,"bundle_layout":"default","bundle_add_to_cart_form_location":"default","bundle_editable_in_cart":false,"bundle_sold_individually_context":"product","bundle_item_grouping":"parent","bundle_min_size":"","bundle_max_size":"","bundle_price":{"price":{"min":{"incl_tax":"99.95","excl_tax":"82.603306"},"max":{"incl_tax":"99.95","excl_tax":"82.603306"}},"regular_price":{"min":{"incl_tax":"165","excl_tax":"136.363636"},"max":{"incl_tax":"165","excl_tax":"136.363636"}}},"bundled_items":[{"bundled_item_id":25,"product_id":12901,"menu_order":0,"quantity_min":1,"quantity_max":1,"quantity_default":1,"priced_individually":false,"shipped_individually":false,"override_title":false,"title":"KUUS. W2","override_description":false,"description":"KUUS. W2","optional":false,"hide_thumbnail":false,"discount":"","override_variations":false,"allowed_variations":[""],"override_default_variation_attributes":false,"default_variation_attributes":[],"single_product_visibility":"visible","cart_visibility":"visible","order_visibility":"visible","single_product_price_visibility":"visible","cart_price_visibility":"visible","order_price_visibility":"visible","stock_status":"out_of_stock"},{"bundled_item_id":26,"product_id":12895,"menu_order":1,"quantity_min":2,"quantity_max":2,"quantity_default":2,"priced_individually":false,"shipped_individually":false,"override_title":false,"title":"KUUS Glas Displayschutzfolie W2 geh\u00e4rtetes Glas S1-S2 &#8211; Smartwatch Displayschutzfolie","override_description":false,"description":"KUUS Glas Displayschutzfolie W2 geh\u00e4rtetes Glas S1-S2 &#8211; Smartwatch Displayschutzfolie","optional":false,"hide_thumbnail":false,"discount":"","override_variations":false,"allowed_variations":[""],"override_default_variation_attributes":false,"default_variation_attributes":[],"single_product_visibility":"visible","cart_visibility":"visible","order_visibility":"visible","single_product_price_visibility":"visible","cart_price_visibility":"visible","order_price_visibility":"visible","stock_status":"in_stock"},{"bundled_item_id":27,"product_id":13599,"menu_order":2,"quantity_min":1,"quantity_max":1,"quantity_default":1,"priced_individually":false,"shipped_individually":false,"override_title":false,"title":"Uhrenklettverschluss f\u00fcr KUUS S1, S2 &amp; W2","override_description":false,"description":"Uhrenklettverschluss f\u00fcr KUUS S1, S2 &amp; W2","optional":false,"hide_thumbnail":false,"discount":"","override_variations":false,"allowed_variations":[""],"override_default_variation_attributes":false,"default_variation_attributes":[],"single_product_visibility":"visible","cart_visibility":"visible","order_visibility":"visible","single_product_price_visibility":"visible","cart_price_visibility":"visible","order_price_visibility":"visible","stock_status":"in_stock"}],"bundle_sell_ids":[],"acf":[],"yoast_head":"<!-- This site is optimized with the Yoast SEO plugin v27.3 - https:\/\/yoast.com\/product\/yoast-seo-wordpress\/ -->\n<title>GPS-Uhr Kind Outdoor Spielbeweis Paket - KUUS.<\/title>\n<meta name=\"robots\" content=\"index, follow, max-snippet:-1, max-image-preview:large, max-video-preview:-1\" \/>\n<link rel=\"canonical\" href=\"https:\/\/kuus.shop\/de\/einkaufsseite\/black-friday\/gps-uhr-kind-outdoor-spielbeweis-paket\/\" \/>\n<meta property=\"og:locale\" content=\"de_DE\" \/>\n<meta property=\"og:type\" content=\"article\" \/>\n<meta property=\"og:title\" content=\"GPS-Uhr Kind Outdoor Spielbeweis Paket - KUUS.\" \/>\n<meta property=\"og:description\" content=\"Outdoor Play Proof Paket! Holen Sie sich den besten Uhrenschutz, damit Ihre Kinder besonders lange drau\u00dfen spielen k\u00f6nnen! Jetzt mit 39% Rabatt!\" \/>\n<meta property=\"og:url\" content=\"https:\/\/kuus.shop\/de\/einkaufsseite\/black-friday\/gps-uhr-kind-outdoor-spielbeweis-paket\/\" \/>\n<meta property=\"og:site_name\" content=\"KUUS.\" \/>\n<meta property=\"article:publisher\" content=\"https:\/\/www.facebook.com\/Kuus.nederland\/\" \/>\n<meta property=\"article:modified_time\" content=\"2026-04-07T14:35:25+00:00\" \/>\n<meta name=\"twitter:card\" content=\"summary_large_image\" \/>\n<script type=\"application\/ld+json\" class=\"yoast-schema-graph\">{\"@context\":\"https:\\\/\\\/schema.org\",\"@graph\":[{\"@type\":\"WebPage\",\"@id\":\"https:\\\/\\\/kuus.shop\\\/de\\\/einkaufsseite\\\/black-friday\\\/gps-uhr-kind-outdoor-spielbeweis-paket\\\/\",\"url\":\"https:\\\/\\\/kuus.shop\\\/de\\\/einkaufsseite\\\/black-friday\\\/gps-uhr-kind-outdoor-spielbeweis-paket\\\/\",\"name\":\"GPS-Uhr Kind Outdoor Spielbeweis Paket - KUUS.\",\"isPartOf\":{\"@id\":\"https:\\\/\\\/kuus.shop\\\/de\\\/#website\"},\"datePublished\":\"2024-11-25T23:01:25+00:00\",\"dateModified\":\"2026-04-07T14:35:25+00:00\",\"breadcrumb\":{\"@id\":\"https:\\\/\\\/kuus.shop\\\/de\\\/einkaufsseite\\\/black-friday\\\/gps-uhr-kind-outdoor-spielbeweis-paket\\\/#breadcrumb\"},\"inLanguage\":\"de\",\"potentialAction\":[{\"@type\":\"ReadAction\",\"target\":[\"https:\\\/\\\/kuus.shop\\\/de\\\/einkaufsseite\\\/black-friday\\\/gps-uhr-kind-outdoor-spielbeweis-paket\\\/\"]}]},{\"@type\":\"BreadcrumbList\",\"@id\":\"https:\\\/\\\/kuus.shop\\\/de\\\/einkaufsseite\\\/black-friday\\\/gps-uhr-kind-outdoor-spielbeweis-paket\\\/#breadcrumb\",\"itemListElement\":[{\"@type\":\"ListItem\",\"position\":1,\"name\":\"KUUS.\",\"item\":\"https:\\\/\\\/kuus.shop\\\/de\\\/\"},{\"@type\":\"ListItem\",\"position\":2,\"name\":\"Shop\",\"item\":\"https:\\\/\\\/kuus.shop\\\/de\\\/shop\\\/\"},{\"@type\":\"ListItem\",\"position\":3,\"name\":\"Black Friday\",\"item\":\"https:\\\/\\\/kuus.shop\\\/de\\\/black-friday\\\/\"},{\"@type\":\"ListItem\",\"position\":4,\"name\":\"GPS-Uhr Kind Outdoor Spielbeweis Paket\"}]},{\"@type\":\"WebSite\",\"@id\":\"https:\\\/\\\/kuus.shop\\\/de\\\/#website\",\"url\":\"https:\\\/\\\/kuus.shop\\\/de\\\/\",\"name\":\"KUUS.\",\"description\":\"Watch your valuables\",\"publisher\":{\"@id\":\"https:\\\/\\\/kuus.shop\\\/de\\\/#organization\"},\"potentialAction\":[{\"@type\":\"SearchAction\",\"target\":{\"@type\":\"EntryPoint\",\"urlTemplate\":\"https:\\\/\\\/kuus.shop\\\/de\\\/?s={search_term_string}\"},\"query-input\":{\"@type\":\"PropertyValueSpecification\",\"valueRequired\":true,\"valueName\":\"search_term_string\"}}],\"inLanguage\":\"de\"},{\"@type\":\"Organization\",\"@id\":\"https:\\\/\\\/kuus.shop\\\/de\\\/#organization\",\"name\":\"KUUS.\",\"url\":\"https:\\\/\\\/kuus.shop\",\"logo\":{\"@type\":\"ImageObject\",\"inLanguage\":\"de\",\"@id\":\"https:\\\/\\\/kuus.shop\\\/de\\\/#\\\/schema\\\/logo\\\/image\\\/\",\"url\":\"https:\\\/\\\/kuus.shop\\\/wp-content\\\/uploads\\\/2023\\\/06\\\/groot-vierkant-2000x2000-1.png\",\"contentUrl\":\"https:\\\/\\\/kuus.shop\\\/wp-content\\\/uploads\\\/2023\\\/06\\\/groot-vierkant-2000x2000-1.png\",\"width\":2000,\"height\":2000,\"caption\":\"KUUS.\"},\"image\":{\"@id\":\"https:\\\/\\\/kuus.shop\\\/de\\\/#\\\/schema\\\/logo\\\/image\\\/\"},\"sameAs\":[\"https:\\\/\\\/www.facebook.com\\\/Kuus.nederland\\\/\",\"https:\\\/\\\/www.instagram.com\\\/kuus.nederland\\\/\"],\"legalName\":\"WCMK B.V\",\"alternateName\":\"KUUS\"}]}<\/script>\n<!-- \/ Yoast SEO plugin. -->","yoast_head_json":{"title":"GPS-Uhr Kind Outdoor Spielbeweis Paket - KUUS.","robots":{"index":"index","follow":"follow","max-snippet":"max-snippet:-1","max-image-preview":"max-image-preview:large","max-video-preview":"max-video-preview:-1"},"canonical":"https:\/\/kuus.shop\/de\/einkaufsseite\/black-friday\/gps-uhr-kind-outdoor-spielbeweis-paket\/","og_locale":"de_DE","og_type":"article","og_title":"GPS-Uhr Kind Outdoor Spielbeweis Paket - KUUS.","og_description":"Outdoor Play Proof Paket! Holen Sie sich den besten Uhrenschutz, damit Ihre Kinder besonders lange drau\u00dfen spielen k\u00f6nnen! Jetzt mit 39% Rabatt!","og_url":"https:\/\/kuus.shop\/de\/einkaufsseite\/black-friday\/gps-uhr-kind-outdoor-spielbeweis-paket\/","og_site_name":"KUUS.","article_publisher":"https:\/\/www.facebook.com\/Kuus.nederland\/","article_modified_time":"2026-04-07T14:35:25+00:00","twitter_card":"summary_large_image","schema":{"@context":"https:\/\/schema.org","@graph":[{"@type":"WebPage","@id":"https:\/\/kuus.shop\/de\/einkaufsseite\/black-friday\/gps-uhr-kind-outdoor-spielbeweis-paket\/","url":"https:\/\/kuus.shop\/de\/einkaufsseite\/black-friday\/gps-uhr-kind-outdoor-spielbeweis-paket\/","name":"GPS-Uhr Kind Outdoor Spielbeweis Paket - KUUS.","isPartOf":{"@id":"https:\/\/kuus.shop\/de\/#website"},"datePublished":"2024-11-25T23:01:25+00:00","dateModified":"2026-04-07T14:35:25+00:00","breadcrumb":{"@id":"https:\/\/kuus.shop\/de\/einkaufsseite\/black-friday\/gps-uhr-kind-outdoor-spielbeweis-paket\/#breadcrumb"},"inLanguage":"de","potentialAction":[{"@type":"ReadAction","target":["https:\/\/kuus.shop\/de\/einkaufsseite\/black-friday\/gps-uhr-kind-outdoor-spielbeweis-paket\/"]}]},{"@type":"BreadcrumbList","@id":"https:\/\/kuus.shop\/de\/einkaufsseite\/black-friday\/gps-uhr-kind-outdoor-spielbeweis-paket\/#breadcrumb","itemListElement":[{"@type":"ListItem","position":1,"name":"KUUS.","item":"https:\/\/kuus.shop\/de\/"},{"@type":"ListItem","position":2,"name":"Shop","item":"https:\/\/kuus.shop\/de\/shop\/"},{"@type":"ListItem","position":3,"name":"Black Friday","item":"https:\/\/kuus.shop\/de\/black-friday\/"},{"@type":"ListItem","position":4,"name":"GPS-Uhr Kind Outdoor Spielbeweis Paket"}]},{"@type":"WebSite","@id":"https:\/\/kuus.shop\/de\/#website","url":"https:\/\/kuus.shop\/de\/","name":"KUUS.","description":"Watch your valuables","publisher":{"@id":"https:\/\/kuus.shop\/de\/#organization"},"potentialAction":[{"@type":"SearchAction","target":{"@type":"EntryPoint","urlTemplate":"https:\/\/kuus.shop\/de\/?s={search_term_string}"},"query-input":{"@type":"PropertyValueSpecification","valueRequired":true,"valueName":"search_term_string"}}],"inLanguage":"de"},{"@type":"Organization","@id":"https:\/\/kuus.shop\/de\/#organization","name":"KUUS.","url":"https:\/\/kuus.shop","logo":{"@type":"ImageObject","inLanguage":"de","@id":"https:\/\/kuus.shop\/de\/#\/schema\/logo\/image\/","url":"https:\/\/kuus.shop\/wp-content\/uploads\/2023\/06\/groot-vierkant-2000x2000-1.png","contentUrl":"https:\/\/kuus.shop\/wp-content\/uploads\/2023\/06\/groot-vierkant-2000x2000-1.png","width":2000,"height":2000,"caption":"KUUS."},"image":{"@id":"https:\/\/kuus.shop\/de\/#\/schema\/logo\/image\/"},"sameAs":["https:\/\/www.facebook.com\/Kuus.nederland\/","https:\/\/www.instagram.com\/kuus.nederland\/"],"legalName":"WCMK B.V","alternateName":"KUUS"}]}},"_links":{"self":[{"href":"https:\/\/kuus.shop\/de\/wp-json\/wp\/v2\/product\/23246","targetHints":{"allow":["GET"]}}],"collection":[{"href":"https:\/\/kuus.shop\/de\/wp-json\/wp\/v2\/product"}],"about":[{"href":"https:\/\/kuus.shop\/de\/wp-json\/wp\/v2\/types\/product"}],"replies":[{"embeddable":true,"href":"https:\/\/kuus.shop\/de\/wp-json\/wp\/v2\/comments?post=23246"}],"wp:attachment":[{"href":"https:\/\/kuus.shop\/de\/wp-json\/wp\/v2\/media?parent=23246"}],"wp:term":[{"taxonomy":"product_brand","embeddable":true,"href":"https:\/\/kuus.shop\/de\/wp-json\/wp\/v2\/product_brand?post=23246"},{"taxonomy":"product_cat","embeddable":true,"href":"https:\/\/kuus.shop\/de\/wp-json\/wp\/v2\/product_cat?post=23246"},{"taxonomy":"product_tag","embeddable":true,"href":"https:\/\/kuus.shop\/de\/wp-json\/wp\/v2\/product_tag?post=23246"},{"taxonomy":"woo-feed-brand","embeddable":true,"href":"https:\/\/kuus.shop\/de\/wp-json\/wp\/v2\/woo-feed-brand?post=23246"}],"curies":[{"name":"wp","href":"https:\/\/api.w.org\/{rel}","templated":true}]}}