{"id":14485,"date":"2024-03-28T08:44:36","date_gmt":"2024-03-28T07:44:36","guid":{"rendered":"https:\/\/kuus.shop\/?post_type=product&#038;p=14485"},"modified":"2026-04-21T12:30:35","modified_gmt":"2026-04-21T11:30:35","slug":"kuus-bm1-white-noise-babyphone-mit-kamera-und-app-babyphone-babykamera-wifi","status":"publish","type":"product","link":"https:\/\/kuus.shop\/de\/einkaufsseite\/babyphone-mit-kamera\/kuus-bm1-white-noise-babyphone-mit-kamera-und-app-babyphone-babykamera-wifi\/","title":{"rendered":"KUUS BM1 - White Noise Einschlafhilfe mit 6 Beruhigungskl\u00e4ngen. Wei\u00dfes Rauschen BabyKamera Babyphone mit Kamera und App, Baby Monitor WLAN mit App,"},"content":{"rendered":"<p><strong>Verbessern Sie den Schlaf Ihres Kindes mit unserem Babyphone mit integriertem White Noise, also wei\u00dfem Rauschen!<\/strong><\/p>\n<p>Dieses Babyphone mit Kamera und App erleichtert Ihrem Baby das Einschlafen dank der eingebauten wei\u00dfen Ger\u00e4uschfunktionen. Sechs verschiedene Kl\u00e4nge, darunter wei\u00dfes Rauschen, schaffen eine beruhigende Umgebung f\u00fcr Ihr Baby. Neben wei\u00dfem Rauschen k\u00f6nnen Sie auch Schlaflieder ausw\u00e4hlen, um Ihr Kind zu beruhigen. Au\u00dferdem bietet das eingebaute Nachtlicht ein sanftes, beruhigendes Licht.<\/p>\n<p><strong>Livebilder und R\u00fcckblick <\/strong>\u00dcber die kostenlose KUUS PRO App k\u00f6nnen Sie Live-Bilder Ihres Babys sehen. In das Babyphone ist eine sehr scharfe Kamera eingebaut, so dass die Bilder 2k scharf sind. Hm, was h\u00e4lt Ihr Baby jetzt in der Hand? Zoomen Sie ganz einfach mit der Vergr\u00f6\u00dferungsfunktion hinein. Schl\u00e4ft Ihr Kind immer noch friedlich im dunklen Zimmer? Sehen Sie perfekt mit der Nachtsichtfunktion. Mit der mitgelieferten 32-GB-Speicherkarte werden alle Aufnahmen gespeichert, und Sie k\u00f6nnen bis zu 5 Tage lang auf die Bilder zur\u00fcckgreifen. Dies ist beispielsweise bei S\u00e4uglingen mit Epilepsie von Vorteil.<\/p>\n<p><strong>Flexible Montage<\/strong>\u00a0Das Babyphone hat einen flexiblen Schwanz, der sich leicht an einer Wiege oder einem Kinderbett befestigen l\u00e4sst. Au\u00dferdem wird eine Halterung zum Abstellen der Kamera mitgeliefert. Das Babyphone hat keinen Akku\/keine Batterie, es funktioniert mit einem 1,95 Meter langen Kabel.<\/p>\n<p><strong>Zwei-Wege-Audio und Schreierkennung<\/strong> Mit der Zwei-Wege-Audiofunktion k\u00f6nnen Sie Ihr Baby sowohl h\u00f6ren als auch mit ihm sprechen, wo immer Sie sind. Die Schrei-Erkennungsfunktion sendet eine Benachrichtigung an die KUUS PRO App, sobald Ihr Baby weint.<\/p>\n<p><strong>Benutzerfreundliche Installation mit gro\u00dfer Reichweite<\/strong> Dank des mitgelieferten Anleitungsvideos ist das Babyphone innerhalb weniger Minuten einsatzbereit. Ideal f\u00fcr zu Hause oder f\u00fcr \u00dcbernachtungen bei den Gro\u00dfeltern. Verbinden Sie das Ger\u00e4t innerhalb von 3 Minuten mit dem WLAN, wodurch dieses Babyphone mit Kamera eine gro\u00dfe Reichweite erh\u00e4lt. Selbst im Garten, bei den Nachbarn oder eine Stra\u00dfe weiter haben Sie noch immer eine Verbindung \u00fcber gro\u00dfe Distanzen zum Babyphone.<\/p>\n<p><strong>Langfristige Nutzung<\/strong> Wenn Ihr Kind \u00e4lter wird, kann das Babyphone in eine \u00dcberwachungskamera umgewandelt werden, indem der abnehmbare Silikonb\u00e4r entfernt wird.<\/p>\n<p><strong>6 beruhigende Kl\u00e4nge<\/strong> Die Babykamera bietet eine Auswahl an beruhigenden Kl\u00e4ngen: Wei\u00dfes Rauschen, Herzschlag, Geb\u00e4rmutter, Regen und Wiegenlieder. So finden Sie immer den perfekten Sound, um Ihr Kind zu beruhigen.<\/p>\n<p><strong>Beruhigende Beleuchtung<\/strong> Das Nachtlicht mit Atemlicht hilft, den \u00dcbergang vom Mutterleib zur Au\u00dfenwelt zu erleichtern. Das Licht kann nach Belieben verwendet oder f\u00fcr einen dunklen Raum ausgeschaltet werden.<\/p>\n<p><strong>Kurz gesagt<\/strong><\/p>\n<ul>\n<li><strong>6 beruhigende Kl\u00e4nge<\/strong>: Wei\u00dfes Rauschen, Herzschlag, Geb\u00e4rmutter, Regen, Wiegenlieder.<\/li>\n<li><strong>Eingebautes Nachtlicht<\/strong>: Beruhigendes Atemlicht f\u00fcr zus\u00e4tzliche Entspannung.<\/li>\n<li><strong>Live-Bilder \u00fcber die KUUS PRO App<\/strong>: Immer ein Blick auf Ihr Baby.<\/li>\n<li><strong>Flexible Befestigung<\/strong>: Einfach an der Wiege oder am Kinderbett zu befestigen.<\/li>\n<li><strong>Zwei-Wege-Audio<\/strong>: H\u00f6ren und sprechen Sie mit Ihrem Baby aus der Ferne.<\/li>\n<li><strong>Schreierkennung<\/strong>: Sie erhalten Benachrichtigungen, wenn Ihr Baby weint.<\/li>\n<li><strong>Benutzerfreundliche Installation<\/strong>: Innerhalb weniger Minuten einsatzbereit.<\/li>\n<li><strong>Langfristige Verwendung<\/strong>: Zur Verwendung als \u00dcberwachungskamera, wenn Ihr Kind \u00e4lter wird.<\/li>\n<li><strong>Temperaturfunktion:<\/strong> Erfassen Sie die Temperatur im Kinderzimmer<\/li>\n<li><strong>Luftfeuchtigkeitsmesser<\/strong>: \u00dcberpr\u00fcfen Sie den Luftfeuchtigkeitsgehalt im Raum.<\/li>\n<li><strong>Kinderfreundliches Design<\/strong>: Sicher und ansprechend f\u00fcr Ihr Baby.<\/li>\n<\/ul>\n<p>Verbessern Sie den Schlaf Ihres Kindes und genie\u00dfen Sie selbst einen besseren Schlaf mit unserem vielseitigen Babyphone mit integriertem wei\u00dfen Rauschen und Kamera.<\/p>\n<p>Lesen Sie die <a href=\"https:\/\/rustigenacht.nl\/blogs\/testen-en-reviews\/review-babyfoon-kuus\">Rezension von Rustige Nacht<\/a><\/p>\n","protected":false},"excerpt":{"rendered":"<p>Lassen Sie Ihr Baby mit wei\u00dfem Rauschen leicht einschlafen. \u00dcberwachen Sie Ihr Baby mit 2K-Kamerabildern - Scharfe Nachtsicht - Bewegungserkennung - Schreierkennung<\/p>\n","protected":false},"featured_media":451508,"comment_status":"open","ping_status":"closed","template":"","meta":{"_acf_changed":false,"inline_featured_image":false},"product_brand":[],"product_cat":[115],"product_tag":[],"woo-feed-brand":[],"class_list":{"0":"post-14485","1":"product","2":"type-product","3":"status-publish","4":"has-post-thumbnail","6":"product_cat-babyphone-mit-kamera","8":"first","9":"instock","10":"taxable","11":"shipping-taxable","12":"purchasable","13":"product-type-simple"},"bundled_by":[],"bundle_stock_status":"instock","bundle_stock_quantity":329,"bundle_virtual":false,"bundle_layout":"","bundle_add_to_cart_form_location":"","bundle_editable_in_cart":false,"bundle_sold_individually_context":"","bundle_item_grouping":"","bundle_min_size":"","bundle_max_size":"","bundle_price":[],"bundled_items":[],"bundle_sell_ids":[],"acf":[],"yoast_head":"<!-- This site is optimized with the Yoast SEO plugin v27.3 - https:\/\/yoast.com\/product\/yoast-seo-wordpress\/ -->\n<title>White Noise Einschlafhilfe mit 6 Wei\u00dfes Rauschen BabyKamera<\/title>\n<meta name=\"description\" content=\"KUUS. BM1 - White Noise Einschlafhilfe mit 6 Beruhigungskl\u00e4ngen. Wei\u00dfes Rauschen BabyKamera Babyphone mit Kamera und App, Baby Monitor WLAN mit App\" \/>\n<meta name=\"robots\" content=\"index, follow, max-snippet:-1, max-image-preview:large, max-video-preview:-1\" \/>\n<link rel=\"canonical\" href=\"https:\/\/kuus.shop\/de\/einkaufsseite\/babyphone-mit-kamera\/kuus-bm1-white-noise-babyphone-mit-kamera-und-app-babyphone-babykamera-wifi\/\" \/>\n<meta property=\"og:locale\" content=\"de_DE\" \/>\n<meta property=\"og:type\" content=\"article\" \/>\n<meta property=\"og:title\" content=\"White Noise Einschlafhilfe mit 6 Wei\u00dfes Rauschen BabyKamera\" \/>\n<meta property=\"og:description\" content=\"KUUS. BM1 - White Noise Einschlafhilfe mit 6 Beruhigungskl\u00e4ngen. Wei\u00dfes Rauschen BabyKamera Babyphone mit Kamera und App, Baby Monitor WLAN mit App\" \/>\n<meta property=\"og:url\" content=\"https:\/\/kuus.shop\/de\/einkaufsseite\/babyphone-mit-kamera\/kuus-bm1-white-noise-babyphone-mit-kamera-und-app-babyphone-babykamera-wifi\/\" \/>\n<meta property=\"og:site_name\" content=\"KUUS.\" \/>\n<meta property=\"article:publisher\" content=\"https:\/\/www.facebook.com\/Kuus.nederland\/\" \/>\n<meta property=\"article:modified_time\" content=\"2026-04-21T11:30:35+00:00\" \/>\n<meta property=\"og:image\" content=\"https:\/\/kuus.shop\/wp-content\/uploads\/2024\/03\/bedje-1.jpg\" \/>\n\t<meta property=\"og:image:width\" content=\"1024\" \/>\n\t<meta property=\"og:image:height\" content=\"1024\" \/>\n\t<meta property=\"og:image:type\" content=\"image\/jpeg\" \/>\n<meta name=\"twitter:card\" content=\"summary_large_image\" \/>\n<meta name=\"twitter:label1\" content=\"Gesch\u00e4tzte Lesezeit\" \/>\n\t<meta name=\"twitter:data1\" content=\"5 Minuten\" \/>\n<script type=\"application\/ld+json\" class=\"yoast-schema-graph\">{\"@context\":\"https:\\\/\\\/schema.org\",\"@graph\":[{\"@type\":\"WebPage\",\"@id\":\"https:\\\/\\\/kuus.shop\\\/de\\\/einkaufsseite\\\/babyphone-mit-kamera\\\/kuus-bm1-white-noise-babyphone-mit-kamera-und-app-babyphone-babykamera-wifi\\\/\",\"url\":\"https:\\\/\\\/kuus.shop\\\/de\\\/einkaufsseite\\\/babyphone-mit-kamera\\\/kuus-bm1-white-noise-babyphone-mit-kamera-und-app-babyphone-babykamera-wifi\\\/\",\"name\":\"White Noise Einschlafhilfe mit 6 Wei\u00dfes Rauschen BabyKamera\",\"isPartOf\":{\"@id\":\"https:\\\/\\\/kuus.shop\\\/de\\\/#website\"},\"primaryImageOfPage\":{\"@id\":\"https:\\\/\\\/kuus.shop\\\/de\\\/einkaufsseite\\\/babyphone-mit-kamera\\\/kuus-bm1-white-noise-babyphone-mit-kamera-und-app-babyphone-babykamera-wifi\\\/#primaryimage\"},\"image\":{\"@id\":\"https:\\\/\\\/kuus.shop\\\/de\\\/einkaufsseite\\\/babyphone-mit-kamera\\\/kuus-bm1-white-noise-babyphone-mit-kamera-und-app-babyphone-babykamera-wifi\\\/#primaryimage\"},\"thumbnailUrl\":\"https:\\\/\\\/kuus.shop\\\/wp-content\\\/uploads\\\/2026\\\/03\\\/Dutch.webp\",\"datePublished\":\"2024-03-28T07:44:36+00:00\",\"dateModified\":\"2026-04-21T11:30:35+00:00\",\"description\":\"KUUS. BM1 - White Noise Einschlafhilfe mit 6 Beruhigungskl\u00e4ngen. Wei\u00dfes Rauschen BabyKamera Babyphone mit Kamera und App, Baby Monitor WLAN mit App\",\"breadcrumb\":{\"@id\":\"https:\\\/\\\/kuus.shop\\\/de\\\/einkaufsseite\\\/babyphone-mit-kamera\\\/kuus-bm1-white-noise-babyphone-mit-kamera-und-app-babyphone-babykamera-wifi\\\/#breadcrumb\"},\"inLanguage\":\"de\",\"potentialAction\":[{\"@type\":\"ReadAction\",\"target\":[\"https:\\\/\\\/kuus.shop\\\/de\\\/einkaufsseite\\\/babyphone-mit-kamera\\\/kuus-bm1-white-noise-babyphone-mit-kamera-und-app-babyphone-babykamera-wifi\\\/\"]}]},{\"@type\":\"ImageObject\",\"inLanguage\":\"de\",\"@id\":\"https:\\\/\\\/kuus.shop\\\/de\\\/einkaufsseite\\\/babyphone-mit-kamera\\\/kuus-bm1-white-noise-babyphone-mit-kamera-und-app-babyphone-babykamera-wifi\\\/#primaryimage\",\"url\":\"https:\\\/\\\/kuus.shop\\\/wp-content\\\/uploads\\\/2026\\\/03\\\/Dutch.webp\",\"contentUrl\":\"https:\\\/\\\/kuus.shop\\\/wp-content\\\/uploads\\\/2026\\\/03\\\/Dutch.webp\",\"width\":1500,\"height\":1500,\"caption\":\"Babyfoon app\"},{\"@type\":\"BreadcrumbList\",\"@id\":\"https:\\\/\\\/kuus.shop\\\/de\\\/einkaufsseite\\\/babyphone-mit-kamera\\\/kuus-bm1-white-noise-babyphone-mit-kamera-und-app-babyphone-babykamera-wifi\\\/#breadcrumb\",\"itemListElement\":[{\"@type\":\"ListItem\",\"position\":1,\"name\":\"KUUS.\",\"item\":\"https:\\\/\\\/kuus.shop\\\/de\\\/\"},{\"@type\":\"ListItem\",\"position\":2,\"name\":\"Shop\",\"item\":\"https:\\\/\\\/kuus.shop\\\/de\\\/shop\\\/\"},{\"@type\":\"ListItem\",\"position\":3,\"name\":\"Babyphone mit Kamera\",\"item\":\"https:\\\/\\\/kuus.shop\\\/de\\\/babyphone-mit-kamera\\\/\"},{\"@type\":\"ListItem\",\"position\":4,\"name\":\"KUUS BM1 &#8211; White Noise Einschlafhilfe mit 6 Beruhigungskl\u00e4ngen. Wei\u00dfes Rauschen BabyKamera Babyphone mit Kamera und App, Baby Monitor WLAN mit App,\"}]},{\"@type\":\"WebSite\",\"@id\":\"https:\\\/\\\/kuus.shop\\\/de\\\/#website\",\"url\":\"https:\\\/\\\/kuus.shop\\\/de\\\/\",\"name\":\"KUUS.\",\"description\":\"Watch your valuables\",\"publisher\":{\"@id\":\"https:\\\/\\\/kuus.shop\\\/de\\\/#organization\"},\"potentialAction\":[{\"@type\":\"SearchAction\",\"target\":{\"@type\":\"EntryPoint\",\"urlTemplate\":\"https:\\\/\\\/kuus.shop\\\/de\\\/?s={search_term_string}\"},\"query-input\":{\"@type\":\"PropertyValueSpecification\",\"valueRequired\":true,\"valueName\":\"search_term_string\"}}],\"inLanguage\":\"de\"},{\"@type\":\"Organization\",\"@id\":\"https:\\\/\\\/kuus.shop\\\/de\\\/#organization\",\"name\":\"KUUS.\",\"url\":\"https:\\\/\\\/kuus.shop\",\"logo\":{\"@type\":\"ImageObject\",\"inLanguage\":\"de\",\"@id\":\"https:\\\/\\\/kuus.shop\\\/de\\\/#\\\/schema\\\/logo\\\/image\\\/\",\"url\":\"https:\\\/\\\/kuus.shop\\\/wp-content\\\/uploads\\\/2023\\\/06\\\/groot-vierkant-2000x2000-1.png\",\"contentUrl\":\"https:\\\/\\\/kuus.shop\\\/wp-content\\\/uploads\\\/2023\\\/06\\\/groot-vierkant-2000x2000-1.png\",\"width\":2000,\"height\":2000,\"caption\":\"KUUS.\"},\"image\":{\"@id\":\"https:\\\/\\\/kuus.shop\\\/de\\\/#\\\/schema\\\/logo\\\/image\\\/\"},\"sameAs\":[\"https:\\\/\\\/www.facebook.com\\\/Kuus.nederland\\\/\",\"https:\\\/\\\/www.instagram.com\\\/kuus.nederland\\\/\"],\"legalName\":\"WCMK B.V\",\"alternateName\":\"KUUS\"}]}<\/script>\n<!-- \/ Yoast SEO plugin. -->","yoast_head_json":{"title":"White Noise Einschlafhilfe mit 6 Wei\u00dfes Rauschen BabyKamera","description":"KUUS. BM1 - White Noise Einschlafhilfe mit 6 Beruhigungskl\u00e4ngen. Wei\u00dfes Rauschen BabyKamera Babyphone mit Kamera und App, Baby Monitor WLAN mit App","robots":{"index":"index","follow":"follow","max-snippet":"max-snippet:-1","max-image-preview":"max-image-preview:large","max-video-preview":"max-video-preview:-1"},"canonical":"https:\/\/kuus.shop\/de\/einkaufsseite\/babyphone-mit-kamera\/kuus-bm1-white-noise-babyphone-mit-kamera-und-app-babyphone-babykamera-wifi\/","og_locale":"de_DE","og_type":"article","og_title":"White Noise Einschlafhilfe mit 6 Wei\u00dfes Rauschen BabyKamera","og_description":"KUUS. BM1 - White Noise Einschlafhilfe mit 6 Beruhigungskl\u00e4ngen. Wei\u00dfes Rauschen BabyKamera Babyphone mit Kamera und App, Baby Monitor WLAN mit App","og_url":"https:\/\/kuus.shop\/de\/einkaufsseite\/babyphone-mit-kamera\/kuus-bm1-white-noise-babyphone-mit-kamera-und-app-babyphone-babykamera-wifi\/","og_site_name":"KUUS.","article_publisher":"https:\/\/www.facebook.com\/Kuus.nederland\/","article_modified_time":"2026-04-21T11:30:35+00:00","og_image":[{"width":1024,"height":1024,"url":"https:\/\/kuus.shop\/wp-content\/uploads\/2024\/03\/bedje-1.jpg","type":"image\/jpeg"}],"twitter_card":"summary_large_image","twitter_misc":{"Gesch\u00e4tzte Lesezeit":"5 Minuten"},"schema":{"@context":"https:\/\/schema.org","@graph":[{"@type":"WebPage","@id":"https:\/\/kuus.shop\/de\/einkaufsseite\/babyphone-mit-kamera\/kuus-bm1-white-noise-babyphone-mit-kamera-und-app-babyphone-babykamera-wifi\/","url":"https:\/\/kuus.shop\/de\/einkaufsseite\/babyphone-mit-kamera\/kuus-bm1-white-noise-babyphone-mit-kamera-und-app-babyphone-babykamera-wifi\/","name":"White Noise Einschlafhilfe mit 6 Wei\u00dfes Rauschen BabyKamera","isPartOf":{"@id":"https:\/\/kuus.shop\/de\/#website"},"primaryImageOfPage":{"@id":"https:\/\/kuus.shop\/de\/einkaufsseite\/babyphone-mit-kamera\/kuus-bm1-white-noise-babyphone-mit-kamera-und-app-babyphone-babykamera-wifi\/#primaryimage"},"image":{"@id":"https:\/\/kuus.shop\/de\/einkaufsseite\/babyphone-mit-kamera\/kuus-bm1-white-noise-babyphone-mit-kamera-und-app-babyphone-babykamera-wifi\/#primaryimage"},"thumbnailUrl":"https:\/\/kuus.shop\/wp-content\/uploads\/2026\/03\/Dutch.webp","datePublished":"2024-03-28T07:44:36+00:00","dateModified":"2026-04-21T11:30:35+00:00","description":"KUUS. BM1 - White Noise Einschlafhilfe mit 6 Beruhigungskl\u00e4ngen. Wei\u00dfes Rauschen BabyKamera Babyphone mit Kamera und App, Baby Monitor WLAN mit App","breadcrumb":{"@id":"https:\/\/kuus.shop\/de\/einkaufsseite\/babyphone-mit-kamera\/kuus-bm1-white-noise-babyphone-mit-kamera-und-app-babyphone-babykamera-wifi\/#breadcrumb"},"inLanguage":"de","potentialAction":[{"@type":"ReadAction","target":["https:\/\/kuus.shop\/de\/einkaufsseite\/babyphone-mit-kamera\/kuus-bm1-white-noise-babyphone-mit-kamera-und-app-babyphone-babykamera-wifi\/"]}]},{"@type":"ImageObject","inLanguage":"de","@id":"https:\/\/kuus.shop\/de\/einkaufsseite\/babyphone-mit-kamera\/kuus-bm1-white-noise-babyphone-mit-kamera-und-app-babyphone-babykamera-wifi\/#primaryimage","url":"https:\/\/kuus.shop\/wp-content\/uploads\/2026\/03\/Dutch.webp","contentUrl":"https:\/\/kuus.shop\/wp-content\/uploads\/2026\/03\/Dutch.webp","width":1500,"height":1500,"caption":"Babyfoon app"},{"@type":"BreadcrumbList","@id":"https:\/\/kuus.shop\/de\/einkaufsseite\/babyphone-mit-kamera\/kuus-bm1-white-noise-babyphone-mit-kamera-und-app-babyphone-babykamera-wifi\/#breadcrumb","itemListElement":[{"@type":"ListItem","position":1,"name":"KUUS.","item":"https:\/\/kuus.shop\/de\/"},{"@type":"ListItem","position":2,"name":"Shop","item":"https:\/\/kuus.shop\/de\/shop\/"},{"@type":"ListItem","position":3,"name":"Babyphone mit Kamera","item":"https:\/\/kuus.shop\/de\/babyphone-mit-kamera\/"},{"@type":"ListItem","position":4,"name":"KUUS BM1 &#8211; White Noise Einschlafhilfe mit 6 Beruhigungskl\u00e4ngen. Wei\u00dfes Rauschen BabyKamera Babyphone mit Kamera und App, Baby Monitor WLAN mit App,"}]},{"@type":"WebSite","@id":"https:\/\/kuus.shop\/de\/#website","url":"https:\/\/kuus.shop\/de\/","name":"KUUS.","description":"Watch your valuables","publisher":{"@id":"https:\/\/kuus.shop\/de\/#organization"},"potentialAction":[{"@type":"SearchAction","target":{"@type":"EntryPoint","urlTemplate":"https:\/\/kuus.shop\/de\/?s={search_term_string}"},"query-input":{"@type":"PropertyValueSpecification","valueRequired":true,"valueName":"search_term_string"}}],"inLanguage":"de"},{"@type":"Organization","@id":"https:\/\/kuus.shop\/de\/#organization","name":"KUUS.","url":"https:\/\/kuus.shop","logo":{"@type":"ImageObject","inLanguage":"de","@id":"https:\/\/kuus.shop\/de\/#\/schema\/logo\/image\/","url":"https:\/\/kuus.shop\/wp-content\/uploads\/2023\/06\/groot-vierkant-2000x2000-1.png","contentUrl":"https:\/\/kuus.shop\/wp-content\/uploads\/2023\/06\/groot-vierkant-2000x2000-1.png","width":2000,"height":2000,"caption":"KUUS."},"image":{"@id":"https:\/\/kuus.shop\/de\/#\/schema\/logo\/image\/"},"sameAs":["https:\/\/www.facebook.com\/Kuus.nederland\/","https:\/\/www.instagram.com\/kuus.nederland\/"],"legalName":"WCMK B.V","alternateName":"KUUS"}]}},"_links":{"self":[{"href":"https:\/\/kuus.shop\/de\/wp-json\/wp\/v2\/product\/14485","targetHints":{"allow":["GET"]}}],"collection":[{"href":"https:\/\/kuus.shop\/de\/wp-json\/wp\/v2\/product"}],"about":[{"href":"https:\/\/kuus.shop\/de\/wp-json\/wp\/v2\/types\/product"}],"replies":[{"embeddable":true,"href":"https:\/\/kuus.shop\/de\/wp-json\/wp\/v2\/comments?post=14485"}],"wp:featuredmedia":[{"embeddable":true,"href":"https:\/\/kuus.shop\/de\/wp-json\/wp\/v2\/media\/451508"}],"wp:attachment":[{"href":"https:\/\/kuus.shop\/de\/wp-json\/wp\/v2\/media?parent=14485"}],"wp:term":[{"taxonomy":"product_brand","embeddable":true,"href":"https:\/\/kuus.shop\/de\/wp-json\/wp\/v2\/product_brand?post=14485"},{"taxonomy":"product_cat","embeddable":true,"href":"https:\/\/kuus.shop\/de\/wp-json\/wp\/v2\/product_cat?post=14485"},{"taxonomy":"product_tag","embeddable":true,"href":"https:\/\/kuus.shop\/de\/wp-json\/wp\/v2\/product_tag?post=14485"},{"taxonomy":"woo-feed-brand","embeddable":true,"href":"https:\/\/kuus.shop\/de\/wp-json\/wp\/v2\/woo-feed-brand?post=14485"}],"curies":[{"name":"wp","href":"https:\/\/api.w.org\/{rel}","templated":true}]}}