{"id":13669,"date":"2023-02-21T12:59:25","date_gmt":"2023-02-21T12:59:25","guid":{"rendered":"https:\/\/kuus.shop\/unkategorisiert\/kuus-w1-gps-uhr-kind-smartwatch-fuer-kinder-mit-gps-tracker-walkie-talkie-funktion\/"},"modified":"2026-04-30T09:39:07","modified_gmt":"2026-04-30T07:39:07","slug":"kuus-w1","status":"publish","type":"product","link":"https:\/\/kuus.shop\/de\/product\/kuus-w1\/","title":{"rendered":"KUUS. W1"},"content":{"rendered":"<p><strong>KUUS. GPS-Uhr f\u00fcr Kinder<\/strong><\/p>\n<p><strong>Lassen Sie Ihre Kinder unbesorgt drau\u00dfen spielen!<br \/>\n<\/strong>Kinder m\u00f6gen es, die freie Natur zu genie\u00dfen<span class=\"more\"> mit Freunden spielen. Neue Dinge zu entdecken, auch wenn sie dann nicht immer im Blickfeld der Eltern sind. Das kann zu Hause, am Strand, in einem Vergn\u00fcgungspark oder auf einem Campingplatz im Ausland sein.<\/span><\/p>\n<div class=\"extra-content\">\n<p><strong>KUUS. Smartwatch f\u00fcr Kinder mit Anruffunktion<br \/>\n<\/strong>Die KUUS. Die GPS-Uhr hat eine Klingelfunktion eingebaut. So kann Ihr Kind Sie zu jeder Zeit anrufen. Die Uhr muss also nicht mit einem Telefon verbunden werden, da sich eine SIM-Karte im Inneren der Kinder-Smartwatch befindet. Au\u00dferdem k\u00f6nnen Sie Ihr Kind anrufen und ihm Nachrichten schicken. Die Nachrichten k\u00f6nnen Textnachrichten oder Sprachnachrichten sein. Die Uhr vibriert, wenn Sie Anrufe oder Nachrichten erhalten. Die Nachrichten werden auf dem Display der Uhr angezeigt<strong>.Smartwatch ohne Spiele<br \/>\n<\/strong>Hinweis: Diese KUUS. Die Smartwatch f\u00fcr Kinder hat keine Spiele. Diese Kinderuhr ist eigentlich als GPS-Tracker und Kommunikations-Smartwatch f\u00fcr Kinder gedacht. Sicheres Spielen im Freien ohne Ablenkung.<\/p>\n<p><strong>GPS-Uhr Kind mit Alarmfunktion<br \/>\n<\/strong>An der Seite des KUUS. Die GPS-Uhr ist ein Notrufknopf. Wenn Sie diese Taste dr\u00fccken, kann Ihr Kind Sie jederzeit anrufen. Es k\u00f6nnen bis zu 3 SOS-Nummern eingestellt werden.<\/p>\n<p><strong>Kostenlose deutsche App mit Live-GPS-Ortung<br \/>\n<\/strong>Mit der lebenslangen kostenlosen App f\u00fcr Ihr Telefon (also ohne monatliche Geb\u00fchren oder Werbung) k\u00f6nnen Sie immer sehen, wo Ihr Kind ist. Es ist sogar m\u00f6glich, einen Sicherheitsbereich festzulegen (z.B. einen Spielplatz). Wird sich Ihr Kind au\u00dferhalb dieses Bereichs aufhalten? Wenn ja, erhalten Sie eine Benachrichtigung. Au\u00dferdem k\u00f6nnen Sie einen Alarm\/Wecker einstellen, zum Beispiel jeden Tag um 8:00 Uhr, um Medikamente einzunehmen.<\/p>\n<p><strong>Walkie Talkie Funktion<br \/>\n<\/strong>Spielen Sie gerne in der Nachbarschaft? Zusammen mit Freunden macht es noch mehr Spa\u00df! Mit der Walkie Talkie Funktion der KUUS. GPS-Uhr (einstellbar \u00fcber das Telefonbuch) erm\u00f6glicht es Kindern, miteinander zu kommunizieren. So k\u00f6nnen die Kinder ganz einfach ihre Freunde anrufen und sich z.B. zum gemeinsamen Spielen auf dem Spielplatz verabreden. Wenn Sie die mitgelieferte Lebara ONE SIM-Karte verwenden, ist diese Funktion kostenlos!<\/p>\n<p><strong>KUUS. GPS-Tracker Kind mit kostenloser SIM-Karte<br \/>\n<\/strong>Die GPS-Smartwatch f\u00fcr Kinder funktioniert im KPN-Netz. Als Service erhalten Sie eine kostenlose, kosteng\u00fcnstige Prepaid-SIM-Karte im zuverl\u00e4ssigen KPN-Netz (Lebara). Wir haben dies getestet und es funktioniert in ganz Europa, auch in Belgien oder im Urlaub!<br \/>\n- Internet kostet (Daten) etwa 1 \u20ac pro Monat. (um den GPS-Standort anzuzeigen)<br \/>\n- Anrufe von der Uhr werden minutenweise abgerechnet (0,09 \u20ac). Das sind nur 0,0015 \u20ac-Cent pro Sekunde!<br \/>\n- Anrufe an die Uhr sind kostenlos.<br \/>\nIn der App haben Sie einen \u00dcberblick \u00fcber die Kosten der Uhr.<br \/>\nW\u00e4hlen Sie Prepaid Lebara ONE Gespr\u00e4chsguthaben, also kein Abonnement!<br \/>\nWas Sie von diesem Gespr\u00e4chsguthaben nicht aufbrauchen, k\u00f6nnen Sie im n\u00e4chsten Monat verwenden.<\/p>\n<p><strong>Produktspezifikationen:<br \/>\n<\/strong>\u2713Einfacher Anruf mit Notrufknopf. Ihr Kind kann Sie in bedrohlichen Situationen leicht erreichen.<br \/>\n\u2713Sehen Sie den Standort Ihres Kindes auf dem Smartphone<br \/>\n\u2713 Funktioniert in ganz Europa<br \/>\n\u2713Produkt enth\u00e4lt kostenlose SIM-Karte (zuverl\u00e4ssiges KPN-Netz)<br \/>\n\u2713Mit einstellbarem Sicherheitsbereich, in dem sich Ihr Kind bewegen darf. Kommt es KUUS. hier aufpassen? Dann erhalten Sie eine Benachrichtigung.<br \/>\n\u2713Benutzerfreundlich, kann innerhalb von Minuten verwendet werden<br \/>\n\u2713Stap-Z\u00e4hler<br \/>\n\u2713Genauigkeit GPS: 10 Meter<br \/>\n\u2713Material: Kunststoff und Silikonarmband<br \/>\n\u2713Akku-Batterielaufzeit 1 bis 2 Tage<br \/>\n\u2713Kostenlose App ohne Werbung<br \/>\n\u2713IP54 Spritzwasserschutz. F\u00fcr den t\u00e4glichen Gebrauch (funktioniert also auch bei Regen oder am Strand \/ Snowboarden \/ Skifahren)<br \/>\n\u2713Telefonbuch f\u00fcr 10 Kontakte<br \/>\n\u2713Mindestgr\u00f6\u00dfe am Handgelenk 10 cm<br \/>\n\u2713Benachrichtigung bei niedrigem Batteriestand<br \/>\n\u2713Touchscreen mit Farben<br \/>\n\u2713Uhr vibriert bei Anruf oder Nachricht<br \/>\n\u2713Sensor. Sie erhalten eine Benachrichtigung, wenn der Tr\u00e4ger die Uhr abnimmt. So sicher<br \/>\n\u2713Ohne monatliches Abonnement. Nur \u00fcbliche Telefon- oder Internetgeb\u00fchren<br \/>\n\u2713Mehrere Uhren gleichzeitig zu verfolgen<\/p>\n<p>Kein gutes Geld zur\u00fcck!<\/p>\n<p><strong>Packungsinhalt:<br \/>\n<\/strong>1 x Deutsches Handbuch<br \/>\n1 x GPS-Uhr Modell W1<br \/>\n1 x Displayschutzfolie aus Kunststoff (Displayschutzfolie aus Glas separat erh\u00e4ltlich)<br \/>\n1 x Ladekabel micro USB<br \/>\n1x Prepaid-Sim-Karte f\u00fcr ganz Europa!<\/p>\n<p>Copyright \u00a9<br \/>\nDiese Produktbeschreibung und Bilder wurden von KUUS. erstellt und d\u00fcrfen ohne Genehmigung von KUUS. nicht von anderen verwendet werden. vervielf\u00e4ltigt und\/oder offengelegt werden.<\/p>\n<\/div>\n","protected":false},"excerpt":{"rendered":"<p>KUUS. GPS-Uhr f\u00fcr Kinder Lassen Sie Ihre Kinder unbesorgt drau\u00dfen spielen! Kinder m\u00f6gen es, die freie Natur zu genie\u00dfen mit Freunden spielen. Neue Dinge zu entdecken, auch wenn sie dann nicht immer im Blickfeld der Eltern sind. Das kann zu Hause, am Strand, in einem Vergn\u00fcgungspark oder auf einem Campingplatz im Ausland sein. KUUS. Smartwatch [&hellip;]<\/p>\n","protected":false},"featured_media":11553,"comment_status":"open","ping_status":"closed","template":"","meta":{"_acf_changed":false,"inline_featured_image":false},"product_brand":[],"product_cat":[123],"product_tag":[],"woo-feed-brand":[],"class_list":{"0":"post-13669","1":"product","2":"type-product","3":"status-publish","4":"has-post-thumbnail","6":"product_cat-smartwatch-kinder","8":"first","9":"outofstock","10":"taxable","11":"shipping-taxable","12":"purchasable","13":"product-type-simple"},"bundled_by":[],"bundle_stock_status":"outofstock","bundle_stock_quantity":0,"bundle_virtual":false,"bundle_layout":"","bundle_add_to_cart_form_location":"","bundle_editable_in_cart":false,"bundle_sold_individually_context":"","bundle_item_grouping":"","bundle_min_size":"","bundle_max_size":"","bundle_price":[],"bundled_items":[],"bundle_sell_ids":[],"acf":[],"yoast_head":"<!-- This site is optimized with the Yoast SEO plugin v27.5 - https:\/\/yoast.com\/product\/yoast-seo-wordpress\/ -->\n<title>KUUS. W1 - GPS Uhr f\u00fcr Kinder - KUUS.<\/title>\n<meta name=\"robots\" content=\"noindex, nofollow\" \/>\n<meta property=\"og:locale\" content=\"de_DE\" \/>\n<meta property=\"og:type\" content=\"article\" \/>\n<meta property=\"og:title\" content=\"KUUS. W1 - GPS Uhr f\u00fcr Kinder - KUUS.\" \/>\n<meta property=\"og:description\" content=\"KUUS. GPS-Uhr f\u00fcr Kinder Lassen Sie Ihre Kinder unbesorgt drau\u00dfen spielen! Kinder m\u00f6gen es, die freie Natur zu genie\u00dfen mit Freunden spielen. Neue Dinge zu entdecken, auch wenn sie dann nicht immer im Blickfeld der Eltern sind. Das kann zu Hause, am Strand, in einem Vergn\u00fcgungspark oder auf einem Campingplatz im Ausland sein. KUUS. Smartwatch [&hellip;]\" \/>\n<meta property=\"og:url\" content=\"https:\/\/kuus.shop\/de\/product\/kuus-w1\/\" \/>\n<meta property=\"og:site_name\" content=\"KUUS.\" \/>\n<meta property=\"article:publisher\" content=\"https:\/\/www.facebook.com\/Kuus.nederland\/\" \/>\n<meta property=\"article:modified_time\" content=\"2026-04-30T07:39:07+00:00\" \/>\n<meta property=\"og:image\" content=\"https:\/\/kuus.shop\/wp-content\/uploads\/2023\/02\/gps-horloge-kind-kinderhorloge-gps-tracker-kuus-w1-zwart.png\" \/>\n\t<meta property=\"og:image:width\" content=\"1200\" \/>\n\t<meta property=\"og:image:height\" content=\"1117\" \/>\n\t<meta property=\"og:image:type\" content=\"image\/png\" \/>\n<meta name=\"twitter:card\" content=\"summary_large_image\" \/>\n<meta name=\"twitter:label1\" content=\"Gesch\u00e4tzte Lesezeit\" \/>\n\t<meta name=\"twitter:data1\" content=\"4 Minuten\" \/>\n<script type=\"application\/ld+json\" class=\"yoast-schema-graph\">{\"@context\":\"https:\\\/\\\/schema.org\",\"@graph\":[{\"@type\":\"WebPage\",\"@id\":\"https:\\\/\\\/kuus.shop\\\/de\\\/product\\\/kuus-w1\\\/\",\"url\":\"https:\\\/\\\/kuus.shop\\\/de\\\/product\\\/kuus-w1\\\/\",\"name\":\"KUUS. W1 - GPS Uhr f\u00fcr Kinder - KUUS.\",\"isPartOf\":{\"@id\":\"https:\\\/\\\/kuus.shop\\\/de\\\/#website\"},\"primaryImageOfPage\":{\"@id\":\"https:\\\/\\\/kuus.shop\\\/de\\\/product\\\/kuus-w1\\\/#primaryimage\"},\"image\":{\"@id\":\"https:\\\/\\\/kuus.shop\\\/de\\\/product\\\/kuus-w1\\\/#primaryimage\"},\"thumbnailUrl\":\"https:\\\/\\\/kuus.shop\\\/wp-content\\\/uploads\\\/2023\\\/02\\\/gps-horloge-kind-kinderhorloge-gps-tracker-kuus-w1-zwart.png\",\"datePublished\":\"2023-02-21T12:59:25+00:00\",\"dateModified\":\"2026-04-30T07:39:07+00:00\",\"breadcrumb\":{\"@id\":\"https:\\\/\\\/kuus.shop\\\/de\\\/product\\\/kuus-w1\\\/#breadcrumb\"},\"inLanguage\":\"de\",\"potentialAction\":[{\"@type\":\"ReadAction\",\"target\":[\"https:\\\/\\\/kuus.shop\\\/de\\\/product\\\/kuus-w1\\\/\"]}]},{\"@type\":\"ImageObject\",\"inLanguage\":\"de\",\"@id\":\"https:\\\/\\\/kuus.shop\\\/de\\\/product\\\/kuus-w1\\\/#primaryimage\",\"url\":\"https:\\\/\\\/kuus.shop\\\/wp-content\\\/uploads\\\/2023\\\/02\\\/gps-horloge-kind-kinderhorloge-gps-tracker-kuus-w1-zwart.png\",\"contentUrl\":\"https:\\\/\\\/kuus.shop\\\/wp-content\\\/uploads\\\/2023\\\/02\\\/gps-horloge-kind-kinderhorloge-gps-tracker-kuus-w1-zwart.png\",\"width\":1200,\"height\":1117,\"caption\":\"KUUS. W1\"},{\"@type\":\"BreadcrumbList\",\"@id\":\"https:\\\/\\\/kuus.shop\\\/de\\\/product\\\/kuus-w1\\\/#breadcrumb\",\"itemListElement\":[{\"@type\":\"ListItem\",\"position\":1,\"name\":\"KUUS.\",\"item\":\"https:\\\/\\\/kuus.shop\\\/de\\\/\"},{\"@type\":\"ListItem\",\"position\":2,\"name\":\"Shop\",\"item\":\"https:\\\/\\\/kuus.shop\\\/de\\\/shop\\\/\"},{\"@type\":\"ListItem\",\"position\":3,\"name\":\"Smartwatch Kinder\",\"item\":\"https:\\\/\\\/kuus.shop\\\/de\\\/smartwatch-kinder\\\/\"},{\"@type\":\"ListItem\",\"position\":4,\"name\":\"KUUS. W1\"}]},{\"@type\":\"WebSite\",\"@id\":\"https:\\\/\\\/kuus.shop\\\/de\\\/#website\",\"url\":\"https:\\\/\\\/kuus.shop\\\/de\\\/\",\"name\":\"KUUS.\",\"description\":\"Watch your valuables\",\"publisher\":{\"@id\":\"https:\\\/\\\/kuus.shop\\\/de\\\/#organization\"},\"potentialAction\":[{\"@type\":\"SearchAction\",\"target\":{\"@type\":\"EntryPoint\",\"urlTemplate\":\"https:\\\/\\\/kuus.shop\\\/de\\\/?s={search_term_string}\"},\"query-input\":{\"@type\":\"PropertyValueSpecification\",\"valueRequired\":true,\"valueName\":\"search_term_string\"}}],\"inLanguage\":\"de\"},{\"@type\":\"Organization\",\"@id\":\"https:\\\/\\\/kuus.shop\\\/de\\\/#organization\",\"name\":\"KUUS.\",\"url\":\"https:\\\/\\\/kuus.shop\",\"logo\":{\"@type\":\"ImageObject\",\"inLanguage\":\"de\",\"@id\":\"https:\\\/\\\/kuus.shop\\\/de\\\/#\\\/schema\\\/logo\\\/image\\\/\",\"url\":\"https:\\\/\\\/kuus.shop\\\/wp-content\\\/uploads\\\/2023\\\/06\\\/groot-vierkant-2000x2000-1.png\",\"contentUrl\":\"https:\\\/\\\/kuus.shop\\\/wp-content\\\/uploads\\\/2023\\\/06\\\/groot-vierkant-2000x2000-1.png\",\"width\":2000,\"height\":2000,\"caption\":\"KUUS.\"},\"image\":{\"@id\":\"https:\\\/\\\/kuus.shop\\\/de\\\/#\\\/schema\\\/logo\\\/image\\\/\"},\"sameAs\":[\"https:\\\/\\\/www.facebook.com\\\/Kuus.nederland\\\/\",\"https:\\\/\\\/www.instagram.com\\\/kuus.nederland\\\/\"],\"legalName\":\"WCMK B.V\",\"alternateName\":\"KUUS\"}]}<\/script>\n<!-- \/ Yoast SEO plugin. -->","yoast_head_json":{"title":"KUUS. W1 - GPS Uhr f\u00fcr Kinder - KUUS.","robots":{"index":"noindex","follow":"nofollow"},"og_locale":"de_DE","og_type":"article","og_title":"KUUS. W1 - GPS Uhr f\u00fcr Kinder - KUUS.","og_description":"KUUS. GPS-Uhr f\u00fcr Kinder Lassen Sie Ihre Kinder unbesorgt drau\u00dfen spielen! Kinder m\u00f6gen es, die freie Natur zu genie\u00dfen mit Freunden spielen. Neue Dinge zu entdecken, auch wenn sie dann nicht immer im Blickfeld der Eltern sind. Das kann zu Hause, am Strand, in einem Vergn\u00fcgungspark oder auf einem Campingplatz im Ausland sein. KUUS. Smartwatch [&hellip;]","og_url":"https:\/\/kuus.shop\/de\/product\/kuus-w1\/","og_site_name":"KUUS.","article_publisher":"https:\/\/www.facebook.com\/Kuus.nederland\/","article_modified_time":"2026-04-30T07:39:07+00:00","og_image":[{"width":1200,"height":1117,"url":"https:\/\/kuus.shop\/wp-content\/uploads\/2023\/02\/gps-horloge-kind-kinderhorloge-gps-tracker-kuus-w1-zwart.png","type":"image\/png"}],"twitter_card":"summary_large_image","twitter_misc":{"Gesch\u00e4tzte Lesezeit":"4 Minuten"},"schema":{"@context":"https:\/\/schema.org","@graph":[{"@type":"WebPage","@id":"https:\/\/kuus.shop\/de\/product\/kuus-w1\/","url":"https:\/\/kuus.shop\/de\/product\/kuus-w1\/","name":"KUUS. W1 - GPS Uhr f\u00fcr Kinder - KUUS.","isPartOf":{"@id":"https:\/\/kuus.shop\/de\/#website"},"primaryImageOfPage":{"@id":"https:\/\/kuus.shop\/de\/product\/kuus-w1\/#primaryimage"},"image":{"@id":"https:\/\/kuus.shop\/de\/product\/kuus-w1\/#primaryimage"},"thumbnailUrl":"https:\/\/kuus.shop\/wp-content\/uploads\/2023\/02\/gps-horloge-kind-kinderhorloge-gps-tracker-kuus-w1-zwart.png","datePublished":"2023-02-21T12:59:25+00:00","dateModified":"2026-04-30T07:39:07+00:00","breadcrumb":{"@id":"https:\/\/kuus.shop\/de\/product\/kuus-w1\/#breadcrumb"},"inLanguage":"de","potentialAction":[{"@type":"ReadAction","target":["https:\/\/kuus.shop\/de\/product\/kuus-w1\/"]}]},{"@type":"ImageObject","inLanguage":"de","@id":"https:\/\/kuus.shop\/de\/product\/kuus-w1\/#primaryimage","url":"https:\/\/kuus.shop\/wp-content\/uploads\/2023\/02\/gps-horloge-kind-kinderhorloge-gps-tracker-kuus-w1-zwart.png","contentUrl":"https:\/\/kuus.shop\/wp-content\/uploads\/2023\/02\/gps-horloge-kind-kinderhorloge-gps-tracker-kuus-w1-zwart.png","width":1200,"height":1117,"caption":"KUUS. W1"},{"@type":"BreadcrumbList","@id":"https:\/\/kuus.shop\/de\/product\/kuus-w1\/#breadcrumb","itemListElement":[{"@type":"ListItem","position":1,"name":"KUUS.","item":"https:\/\/kuus.shop\/de\/"},{"@type":"ListItem","position":2,"name":"Shop","item":"https:\/\/kuus.shop\/de\/shop\/"},{"@type":"ListItem","position":3,"name":"Smartwatch Kinder","item":"https:\/\/kuus.shop\/de\/smartwatch-kinder\/"},{"@type":"ListItem","position":4,"name":"KUUS. W1"}]},{"@type":"WebSite","@id":"https:\/\/kuus.shop\/de\/#website","url":"https:\/\/kuus.shop\/de\/","name":"KUUS.","description":"Watch your valuables","publisher":{"@id":"https:\/\/kuus.shop\/de\/#organization"},"potentialAction":[{"@type":"SearchAction","target":{"@type":"EntryPoint","urlTemplate":"https:\/\/kuus.shop\/de\/?s={search_term_string}"},"query-input":{"@type":"PropertyValueSpecification","valueRequired":true,"valueName":"search_term_string"}}],"inLanguage":"de"},{"@type":"Organization","@id":"https:\/\/kuus.shop\/de\/#organization","name":"KUUS.","url":"https:\/\/kuus.shop","logo":{"@type":"ImageObject","inLanguage":"de","@id":"https:\/\/kuus.shop\/de\/#\/schema\/logo\/image\/","url":"https:\/\/kuus.shop\/wp-content\/uploads\/2023\/06\/groot-vierkant-2000x2000-1.png","contentUrl":"https:\/\/kuus.shop\/wp-content\/uploads\/2023\/06\/groot-vierkant-2000x2000-1.png","width":2000,"height":2000,"caption":"KUUS."},"image":{"@id":"https:\/\/kuus.shop\/de\/#\/schema\/logo\/image\/"},"sameAs":["https:\/\/www.facebook.com\/Kuus.nederland\/","https:\/\/www.instagram.com\/kuus.nederland\/"],"legalName":"WCMK B.V","alternateName":"KUUS"}]}},"_links":{"self":[{"href":"https:\/\/kuus.shop\/de\/wp-json\/wp\/v2\/product\/13669","targetHints":{"allow":["GET"]}}],"collection":[{"href":"https:\/\/kuus.shop\/de\/wp-json\/wp\/v2\/product"}],"about":[{"href":"https:\/\/kuus.shop\/de\/wp-json\/wp\/v2\/types\/product"}],"replies":[{"embeddable":true,"href":"https:\/\/kuus.shop\/de\/wp-json\/wp\/v2\/comments?post=13669"}],"wp:featuredmedia":[{"embeddable":true,"href":"https:\/\/kuus.shop\/de\/wp-json\/wp\/v2\/media\/11553"}],"wp:attachment":[{"href":"https:\/\/kuus.shop\/de\/wp-json\/wp\/v2\/media?parent=13669"}],"wp:term":[{"taxonomy":"product_brand","embeddable":true,"href":"https:\/\/kuus.shop\/de\/wp-json\/wp\/v2\/product_brand?post=13669"},{"taxonomy":"product_cat","embeddable":true,"href":"https:\/\/kuus.shop\/de\/wp-json\/wp\/v2\/product_cat?post=13669"},{"taxonomy":"product_tag","embeddable":true,"href":"https:\/\/kuus.shop\/de\/wp-json\/wp\/v2\/product_tag?post=13669"},{"taxonomy":"woo-feed-brand","embeddable":true,"href":"https:\/\/kuus.shop\/de\/wp-json\/wp\/v2\/woo-feed-brand?post=13669"}],"curies":[{"name":"wp","href":"https:\/\/api.w.org\/{rel}","templated":true}]}}