{"id":13659,"date":"2023-02-24T12:02:21","date_gmt":"2023-02-24T12:02:21","guid":{"rendered":"https:\/\/kuus.shop\/unkategorisiert\/displayschutzfolie-aus-glas-s1-s2\/"},"modified":"2026-04-17T08:31:53","modified_gmt":"2026-04-17T07:31:53","slug":"displayschutzfolie-aus-glas-s1-s2","status":"publish","type":"product","link":"https:\/\/kuus.shop\/de\/einkaufsseite\/zubehoer\/displayschutzfolie-aus-glas-s1-s2\/","title":{"rendered":"Glasbildschirmschutz S1 &amp; S2"},"content":{"rendered":"<p>Stellen Sie sicher, dass Ihr Bildschirm immer gesch\u00fctzt ist? Bestellen Sie hier einen Glasbildschirmschutz.<br \/>\nErh\u00f6hen Sie die Langlebigkeit der Armbanduhr! Holen Sie sich zus\u00e4tzlichen Schutz mit dieser Displayschutzfolie aus Glas!<\/p>\n","protected":false},"excerpt":{"rendered":"<p>Stellen Sie sicher, dass Ihr Bildschirm immer gesch\u00fctzt ist? Bestellen Sie hier einen Bildschirmschutz aus Glas.<br \/>\nDamit die Uhr l\u00e4nger h\u00e4lt! Holen Sie sich zus\u00e4tzlichen Schutz mit dieser Displayschutzfolie aus Glas!<\/p>\n","protected":false},"featured_media":12095,"comment_status":"open","ping_status":"closed","template":"","meta":{"_acf_changed":false,"inline_featured_image":false},"product_brand":[],"product_cat":[118],"product_tag":[],"woo-feed-brand":[],"class_list":{"0":"post-13659","1":"product","2":"type-product","3":"status-publish","4":"has-post-thumbnail","6":"product_cat-zubehoer","8":"first","9":"instock","10":"taxable","11":"shipping-taxable","12":"purchasable","13":"product-type-simple"},"bundled_by":["23248"],"bundle_stock_status":"instock","bundle_stock_quantity":104,"bundle_virtual":false,"bundle_layout":"","bundle_add_to_cart_form_location":"","bundle_editable_in_cart":false,"bundle_sold_individually_context":"","bundle_item_grouping":"","bundle_min_size":"","bundle_max_size":"","bundle_price":[],"bundled_items":[],"bundle_sell_ids":[],"acf":[],"yoast_head":"<!-- This site is optimized with the Yoast SEO plugin v27.3 - https:\/\/yoast.com\/product\/yoast-seo-wordpress\/ -->\n<title>Glasbildschirmschutz S1 &amp; S2 - KUUS.<\/title>\n<meta name=\"robots\" content=\"index, follow, max-snippet:-1, max-image-preview:large, max-video-preview:-1\" \/>\n<link rel=\"canonical\" href=\"https:\/\/kuus.shop\/de\/einkaufsseite\/zubehoer\/displayschutzfolie-aus-glas-s1-s2\/\" \/>\n<meta property=\"og:locale\" content=\"de_DE\" \/>\n<meta property=\"og:type\" content=\"article\" \/>\n<meta property=\"og:title\" content=\"Glasbildschirmschutz S1 &amp; S2 - KUUS.\" \/>\n<meta property=\"og:description\" content=\"Stellen Sie sicher, dass Ihr Bildschirm immer gesch\u00fctzt ist? Bestellen Sie hier einen Bildschirmschutz aus Glas. Damit die Uhr l\u00e4nger h\u00e4lt! Holen Sie sich zus\u00e4tzlichen Schutz mit dieser Displayschutzfolie aus Glas!\" \/>\n<meta property=\"og:url\" content=\"https:\/\/kuus.shop\/de\/einkaufsseite\/zubehoer\/displayschutzfolie-aus-glas-s1-s2\/\" \/>\n<meta property=\"og:site_name\" content=\"KUUS.\" \/>\n<meta property=\"article:publisher\" content=\"https:\/\/www.facebook.com\/Kuus.nederland\/\" \/>\n<meta property=\"article:modified_time\" content=\"2026-04-17T07:31:53+00:00\" \/>\n<meta property=\"og:image\" content=\"https:\/\/kuus.shop\/wp-content\/uploads\/2023\/02\/S2-glazen-screenprotector.png\" \/>\n\t<meta property=\"og:image:width\" content=\"2750\" \/>\n\t<meta property=\"og:image:height\" content=\"2750\" \/>\n\t<meta property=\"og:image:type\" content=\"image\/png\" \/>\n<meta name=\"twitter:card\" content=\"summary_large_image\" \/>\n<meta name=\"twitter:label1\" content=\"Gesch\u00e4tzte Lesezeit\" \/>\n\t<meta name=\"twitter:data1\" content=\"1\u00a0Minute\" \/>\n<script type=\"application\/ld+json\" class=\"yoast-schema-graph\">{\"@context\":\"https:\\\/\\\/schema.org\",\"@graph\":[{\"@type\":\"WebPage\",\"@id\":\"https:\\\/\\\/kuus.shop\\\/de\\\/einkaufsseite\\\/zubehoer\\\/displayschutzfolie-aus-glas-s1-s2\\\/\",\"url\":\"https:\\\/\\\/kuus.shop\\\/de\\\/einkaufsseite\\\/zubehoer\\\/displayschutzfolie-aus-glas-s1-s2\\\/\",\"name\":\"Glasbildschirmschutz S1 &amp; S2 - KUUS.\",\"isPartOf\":{\"@id\":\"https:\\\/\\\/kuus.shop\\\/de\\\/#website\"},\"primaryImageOfPage\":{\"@id\":\"https:\\\/\\\/kuus.shop\\\/de\\\/einkaufsseite\\\/zubehoer\\\/displayschutzfolie-aus-glas-s1-s2\\\/#primaryimage\"},\"image\":{\"@id\":\"https:\\\/\\\/kuus.shop\\\/de\\\/einkaufsseite\\\/zubehoer\\\/displayschutzfolie-aus-glas-s1-s2\\\/#primaryimage\"},\"thumbnailUrl\":\"https:\\\/\\\/kuus.shop\\\/wp-content\\\/uploads\\\/2026\\\/03\\\/S2-Glas-Displayschutzfolie-scaled.webp\",\"datePublished\":\"2023-02-24T12:02:21+00:00\",\"dateModified\":\"2026-04-17T07:31:53+00:00\",\"breadcrumb\":{\"@id\":\"https:\\\/\\\/kuus.shop\\\/de\\\/einkaufsseite\\\/zubehoer\\\/displayschutzfolie-aus-glas-s1-s2\\\/#breadcrumb\"},\"inLanguage\":\"de\",\"potentialAction\":[{\"@type\":\"ReadAction\",\"target\":[\"https:\\\/\\\/kuus.shop\\\/de\\\/einkaufsseite\\\/zubehoer\\\/displayschutzfolie-aus-glas-s1-s2\\\/\"]}]},{\"@type\":\"ImageObject\",\"inLanguage\":\"de\",\"@id\":\"https:\\\/\\\/kuus.shop\\\/de\\\/einkaufsseite\\\/zubehoer\\\/displayschutzfolie-aus-glas-s1-s2\\\/#primaryimage\",\"url\":\"https:\\\/\\\/kuus.shop\\\/wp-content\\\/uploads\\\/2026\\\/03\\\/S2-Glas-Displayschutzfolie-scaled.webp\",\"contentUrl\":\"https:\\\/\\\/kuus.shop\\\/wp-content\\\/uploads\\\/2026\\\/03\\\/S2-Glas-Displayschutzfolie-scaled.webp\",\"width\":2560,\"height\":2560,\"caption\":\"KUUS S2 glazen screenprotector\"},{\"@type\":\"BreadcrumbList\",\"@id\":\"https:\\\/\\\/kuus.shop\\\/de\\\/einkaufsseite\\\/zubehoer\\\/displayschutzfolie-aus-glas-s1-s2\\\/#breadcrumb\",\"itemListElement\":[{\"@type\":\"ListItem\",\"position\":1,\"name\":\"KUUS.\",\"item\":\"https:\\\/\\\/kuus.shop\\\/de\\\/\"},{\"@type\":\"ListItem\",\"position\":2,\"name\":\"Shop\",\"item\":\"https:\\\/\\\/kuus.shop\\\/de\\\/shop\\\/\"},{\"@type\":\"ListItem\",\"position\":3,\"name\":\"Zubeh\u00f6r\",\"item\":\"https:\\\/\\\/kuus.shop\\\/de\\\/zubehoer\\\/\"},{\"@type\":\"ListItem\",\"position\":4,\"name\":\"Glasbildschirmschutz S1 &amp; S2\"}]},{\"@type\":\"WebSite\",\"@id\":\"https:\\\/\\\/kuus.shop\\\/de\\\/#website\",\"url\":\"https:\\\/\\\/kuus.shop\\\/de\\\/\",\"name\":\"KUUS.\",\"description\":\"Watch your valuables\",\"publisher\":{\"@id\":\"https:\\\/\\\/kuus.shop\\\/de\\\/#organization\"},\"potentialAction\":[{\"@type\":\"SearchAction\",\"target\":{\"@type\":\"EntryPoint\",\"urlTemplate\":\"https:\\\/\\\/kuus.shop\\\/de\\\/?s={search_term_string}\"},\"query-input\":{\"@type\":\"PropertyValueSpecification\",\"valueRequired\":true,\"valueName\":\"search_term_string\"}}],\"inLanguage\":\"de\"},{\"@type\":\"Organization\",\"@id\":\"https:\\\/\\\/kuus.shop\\\/de\\\/#organization\",\"name\":\"KUUS.\",\"url\":\"https:\\\/\\\/kuus.shop\",\"logo\":{\"@type\":\"ImageObject\",\"inLanguage\":\"de\",\"@id\":\"https:\\\/\\\/kuus.shop\\\/de\\\/#\\\/schema\\\/logo\\\/image\\\/\",\"url\":\"https:\\\/\\\/kuus.shop\\\/wp-content\\\/uploads\\\/2023\\\/06\\\/groot-vierkant-2000x2000-1.png\",\"contentUrl\":\"https:\\\/\\\/kuus.shop\\\/wp-content\\\/uploads\\\/2023\\\/06\\\/groot-vierkant-2000x2000-1.png\",\"width\":2000,\"height\":2000,\"caption\":\"KUUS.\"},\"image\":{\"@id\":\"https:\\\/\\\/kuus.shop\\\/de\\\/#\\\/schema\\\/logo\\\/image\\\/\"},\"sameAs\":[\"https:\\\/\\\/www.facebook.com\\\/Kuus.nederland\\\/\",\"https:\\\/\\\/www.instagram.com\\\/kuus.nederland\\\/\"],\"legalName\":\"WCMK B.V\",\"alternateName\":\"KUUS\"}]}<\/script>\n<!-- \/ Yoast SEO plugin. -->","yoast_head_json":{"title":"Glasbildschirmschutz S1 &amp; S2 - KUUS.","robots":{"index":"index","follow":"follow","max-snippet":"max-snippet:-1","max-image-preview":"max-image-preview:large","max-video-preview":"max-video-preview:-1"},"canonical":"https:\/\/kuus.shop\/de\/einkaufsseite\/zubehoer\/displayschutzfolie-aus-glas-s1-s2\/","og_locale":"de_DE","og_type":"article","og_title":"Glasbildschirmschutz S1 &amp; S2 - KUUS.","og_description":"Stellen Sie sicher, dass Ihr Bildschirm immer gesch\u00fctzt ist? Bestellen Sie hier einen Bildschirmschutz aus Glas. Damit die Uhr l\u00e4nger h\u00e4lt! Holen Sie sich zus\u00e4tzlichen Schutz mit dieser Displayschutzfolie aus Glas!","og_url":"https:\/\/kuus.shop\/de\/einkaufsseite\/zubehoer\/displayschutzfolie-aus-glas-s1-s2\/","og_site_name":"KUUS.","article_publisher":"https:\/\/www.facebook.com\/Kuus.nederland\/","article_modified_time":"2026-04-17T07:31:53+00:00","og_image":[{"width":2750,"height":2750,"url":"https:\/\/kuus.shop\/wp-content\/uploads\/2023\/02\/S2-glazen-screenprotector.png","type":"image\/png"}],"twitter_card":"summary_large_image","twitter_misc":{"Gesch\u00e4tzte Lesezeit":"1\u00a0Minute"},"schema":{"@context":"https:\/\/schema.org","@graph":[{"@type":"WebPage","@id":"https:\/\/kuus.shop\/de\/einkaufsseite\/zubehoer\/displayschutzfolie-aus-glas-s1-s2\/","url":"https:\/\/kuus.shop\/de\/einkaufsseite\/zubehoer\/displayschutzfolie-aus-glas-s1-s2\/","name":"Glasbildschirmschutz S1 &amp; S2 - KUUS.","isPartOf":{"@id":"https:\/\/kuus.shop\/de\/#website"},"primaryImageOfPage":{"@id":"https:\/\/kuus.shop\/de\/einkaufsseite\/zubehoer\/displayschutzfolie-aus-glas-s1-s2\/#primaryimage"},"image":{"@id":"https:\/\/kuus.shop\/de\/einkaufsseite\/zubehoer\/displayschutzfolie-aus-glas-s1-s2\/#primaryimage"},"thumbnailUrl":"https:\/\/kuus.shop\/wp-content\/uploads\/2026\/03\/S2-Glas-Displayschutzfolie-scaled.webp","datePublished":"2023-02-24T12:02:21+00:00","dateModified":"2026-04-17T07:31:53+00:00","breadcrumb":{"@id":"https:\/\/kuus.shop\/de\/einkaufsseite\/zubehoer\/displayschutzfolie-aus-glas-s1-s2\/#breadcrumb"},"inLanguage":"de","potentialAction":[{"@type":"ReadAction","target":["https:\/\/kuus.shop\/de\/einkaufsseite\/zubehoer\/displayschutzfolie-aus-glas-s1-s2\/"]}]},{"@type":"ImageObject","inLanguage":"de","@id":"https:\/\/kuus.shop\/de\/einkaufsseite\/zubehoer\/displayschutzfolie-aus-glas-s1-s2\/#primaryimage","url":"https:\/\/kuus.shop\/wp-content\/uploads\/2026\/03\/S2-Glas-Displayschutzfolie-scaled.webp","contentUrl":"https:\/\/kuus.shop\/wp-content\/uploads\/2026\/03\/S2-Glas-Displayschutzfolie-scaled.webp","width":2560,"height":2560,"caption":"KUUS S2 glazen screenprotector"},{"@type":"BreadcrumbList","@id":"https:\/\/kuus.shop\/de\/einkaufsseite\/zubehoer\/displayschutzfolie-aus-glas-s1-s2\/#breadcrumb","itemListElement":[{"@type":"ListItem","position":1,"name":"KUUS.","item":"https:\/\/kuus.shop\/de\/"},{"@type":"ListItem","position":2,"name":"Shop","item":"https:\/\/kuus.shop\/de\/shop\/"},{"@type":"ListItem","position":3,"name":"Zubeh\u00f6r","item":"https:\/\/kuus.shop\/de\/zubehoer\/"},{"@type":"ListItem","position":4,"name":"Glasbildschirmschutz S1 &amp; S2"}]},{"@type":"WebSite","@id":"https:\/\/kuus.shop\/de\/#website","url":"https:\/\/kuus.shop\/de\/","name":"KUUS.","description":"Watch your valuables","publisher":{"@id":"https:\/\/kuus.shop\/de\/#organization"},"potentialAction":[{"@type":"SearchAction","target":{"@type":"EntryPoint","urlTemplate":"https:\/\/kuus.shop\/de\/?s={search_term_string}"},"query-input":{"@type":"PropertyValueSpecification","valueRequired":true,"valueName":"search_term_string"}}],"inLanguage":"de"},{"@type":"Organization","@id":"https:\/\/kuus.shop\/de\/#organization","name":"KUUS.","url":"https:\/\/kuus.shop","logo":{"@type":"ImageObject","inLanguage":"de","@id":"https:\/\/kuus.shop\/de\/#\/schema\/logo\/image\/","url":"https:\/\/kuus.shop\/wp-content\/uploads\/2023\/06\/groot-vierkant-2000x2000-1.png","contentUrl":"https:\/\/kuus.shop\/wp-content\/uploads\/2023\/06\/groot-vierkant-2000x2000-1.png","width":2000,"height":2000,"caption":"KUUS."},"image":{"@id":"https:\/\/kuus.shop\/de\/#\/schema\/logo\/image\/"},"sameAs":["https:\/\/www.facebook.com\/Kuus.nederland\/","https:\/\/www.instagram.com\/kuus.nederland\/"],"legalName":"WCMK B.V","alternateName":"KUUS"}]}},"_links":{"self":[{"href":"https:\/\/kuus.shop\/de\/wp-json\/wp\/v2\/product\/13659","targetHints":{"allow":["GET"]}}],"collection":[{"href":"https:\/\/kuus.shop\/de\/wp-json\/wp\/v2\/product"}],"about":[{"href":"https:\/\/kuus.shop\/de\/wp-json\/wp\/v2\/types\/product"}],"replies":[{"embeddable":true,"href":"https:\/\/kuus.shop\/de\/wp-json\/wp\/v2\/comments?post=13659"}],"wp:featuredmedia":[{"embeddable":true,"href":"https:\/\/kuus.shop\/de\/wp-json\/wp\/v2\/media\/12095"}],"wp:attachment":[{"href":"https:\/\/kuus.shop\/de\/wp-json\/wp\/v2\/media?parent=13659"}],"wp:term":[{"taxonomy":"product_brand","embeddable":true,"href":"https:\/\/kuus.shop\/de\/wp-json\/wp\/v2\/product_brand?post=13659"},{"taxonomy":"product_cat","embeddable":true,"href":"https:\/\/kuus.shop\/de\/wp-json\/wp\/v2\/product_cat?post=13659"},{"taxonomy":"product_tag","embeddable":true,"href":"https:\/\/kuus.shop\/de\/wp-json\/wp\/v2\/product_tag?post=13659"},{"taxonomy":"woo-feed-brand","embeddable":true,"href":"https:\/\/kuus.shop\/de\/wp-json\/wp\/v2\/woo-feed-brand?post=13659"}],"curies":[{"name":"wp","href":"https:\/\/api.w.org\/{rel}","templated":true}]}}