{"id":13655,"date":"2023-02-24T12:17:51","date_gmt":"2023-02-24T12:17:51","guid":{"rendered":"https:\/\/kuus.shop\/unkategorisiert\/kuus-glas-displayschutzfolie-w1-gehaertetes-glas-q90-smartwatch-displayschutzfolie\/"},"modified":"2026-02-10T16:46:55","modified_gmt":"2026-02-10T15:46:55","slug":"kuus-glas-displayschutzfolie-w1-gehaertetes-glas-q90-smartwatch-displayschutzfolie","status":"publish","type":"product","link":"https:\/\/kuus.shop\/de\/einkaufsseite\/black-friday\/kuus-glas-displayschutzfolie-w1-gehaertetes-glas-q90-smartwatch-displayschutzfolie\/","title":{"rendered":"KUUS Glas Displayschutzfolie W1 geh\u00e4rtetes Glas Q90 - Smartwatch Displayschutzfolie"},"content":{"rendered":"","protected":false},"excerpt":{"rendered":"<p>Sind Sie es leid, dass die Smartwatch Ihres Kindes stets zerkratzt oder gesprungen ist? Sch\u00fctzen Sie sie mit der W1 Tempered Glass Q90 Displayschutzfolie! Gefertigt aus strapazierf\u00e4higem geh\u00e4rtetem Glas bietet sie Schutz vor Kratzern und Rissen, sodass die Uhr unversehrt bleibt. Diese Displayschutzfolie ist ideal f\u00fcr Aktivit\u00e4ten im Freien und wurde speziell f\u00fcr das Q90-Smartwatch-Modell entwickelt. Bestellen Sie sie noch heute f\u00fcr zus\u00e4tzliche Sicherheit und Seelenfrieden. Ebenfalls in Gro\u00dfmengen erh\u00e4ltlich f\u00fcr gesteigerte Bequemlichkeit.     <\/p>\n","protected":false},"featured_media":12097,"comment_status":"open","ping_status":"closed","template":"","meta":{"_acf_changed":false,"inline_featured_image":false},"product_brand":[],"product_cat":[15],"product_tag":[],"woo-feed-brand":[],"class_list":{"0":"post-13655","1":"product","2":"type-product","3":"status-publish","4":"has-post-thumbnail","6":"product_cat-black-friday","8":"first","9":"outofstock","10":"sale","11":"taxable","12":"shipping-taxable","13":"purchasable","14":"product-type-simple"},"bundled_by":[],"bundle_stock_status":"outofstock","bundle_stock_quantity":0,"bundle_virtual":false,"bundle_layout":"","bundle_add_to_cart_form_location":"","bundle_editable_in_cart":false,"bundle_sold_individually_context":"","bundle_item_grouping":"","bundle_min_size":"","bundle_max_size":"","bundle_price":[],"bundled_items":[],"bundle_sell_ids":[],"acf":[],"yoast_head":"<!-- This site is optimized with the Yoast SEO plugin v27.3 - https:\/\/yoast.com\/product\/yoast-seo-wordpress\/ -->\n<title>KUUS Glas-Displayschutzfolie W1 Geh\u00e4rtetes Glas Q90 - KUUS.<\/title>\n<meta name=\"robots\" content=\"index, follow, max-snippet:-1, max-image-preview:large, max-video-preview:-1\" \/>\n<link rel=\"canonical\" href=\"https:\/\/kuus.shop\/de\/einkaufsseite\/black-friday\/kuus-glas-displayschutzfolie-w1-gehaertetes-glas-q90-smartwatch-displayschutzfolie\/\" \/>\n<meta property=\"og:locale\" content=\"de_DE\" \/>\n<meta property=\"og:type\" content=\"article\" \/>\n<meta property=\"og:title\" content=\"KUUS Glas-Displayschutzfolie W1 Geh\u00e4rtetes Glas Q90 - KUUS.\" \/>\n<meta property=\"og:description\" content=\"Sind Sie es leid, dass die Smartwatch Ihres Kindes stets zerkratzt oder gesprungen ist? Sch\u00fctzen Sie sie mit der W1 Tempered Glass Q90 Displayschutzfolie! Gefertigt aus strapazierf\u00e4higem geh\u00e4rtetem Glas bietet sie Schutz vor Kratzern und Rissen, sodass die Uhr unversehrt bleibt. Diese Displayschutzfolie ist ideal f\u00fcr Aktivit\u00e4ten im Freien und wurde speziell f\u00fcr das Q90-Smartwatch-Modell entwickelt. Bestellen Sie sie noch heute f\u00fcr zus\u00e4tzliche Sicherheit und Seelenfrieden. Ebenfalls in Gro\u00dfmengen erh\u00e4ltlich f\u00fcr gesteigerte Bequemlichkeit.\" \/>\n<meta property=\"og:url\" content=\"https:\/\/kuus.shop\/de\/einkaufsseite\/black-friday\/kuus-glas-displayschutzfolie-w1-gehaertetes-glas-q90-smartwatch-displayschutzfolie\/\" \/>\n<meta property=\"og:site_name\" content=\"KUUS.\" \/>\n<meta property=\"article:publisher\" content=\"https:\/\/www.facebook.com\/Kuus.nederland\/\" \/>\n<meta property=\"article:modified_time\" content=\"2026-02-10T15:46:55+00:00\" \/>\n<meta property=\"og:image\" content=\"https:\/\/kuus.shop\/wp-content\/uploads\/2023\/02\/screenprotector-scaled.png\" \/>\n\t<meta property=\"og:image:width\" content=\"2560\" \/>\n\t<meta property=\"og:image:height\" content=\"1920\" \/>\n\t<meta property=\"og:image:type\" content=\"image\/png\" \/>\n<meta name=\"twitter:card\" content=\"summary_large_image\" \/>\n<meta name=\"twitter:label1\" content=\"Gesch\u00e4tzte Lesezeit\" \/>\n\t<meta name=\"twitter:data1\" content=\"1\u00a0Minute\" \/>\n<script type=\"application\/ld+json\" class=\"yoast-schema-graph\">{\"@context\":\"https:\\\/\\\/schema.org\",\"@graph\":[{\"@type\":\"WebPage\",\"@id\":\"https:\\\/\\\/kuus.shop\\\/de\\\/einkaufsseite\\\/black-friday\\\/kuus-glas-displayschutzfolie-w1-gehaertetes-glas-q90-smartwatch-displayschutzfolie\\\/\",\"url\":\"https:\\\/\\\/kuus.shop\\\/de\\\/einkaufsseite\\\/black-friday\\\/kuus-glas-displayschutzfolie-w1-gehaertetes-glas-q90-smartwatch-displayschutzfolie\\\/\",\"name\":\"KUUS Glas-Displayschutzfolie W1 Geh\u00e4rtetes Glas Q90 - KUUS.\",\"isPartOf\":{\"@id\":\"https:\\\/\\\/kuus.shop\\\/de\\\/#website\"},\"primaryImageOfPage\":{\"@id\":\"https:\\\/\\\/kuus.shop\\\/de\\\/einkaufsseite\\\/black-friday\\\/kuus-glas-displayschutzfolie-w1-gehaertetes-glas-q90-smartwatch-displayschutzfolie\\\/#primaryimage\"},\"image\":{\"@id\":\"https:\\\/\\\/kuus.shop\\\/de\\\/einkaufsseite\\\/black-friday\\\/kuus-glas-displayschutzfolie-w1-gehaertetes-glas-q90-smartwatch-displayschutzfolie\\\/#primaryimage\"},\"thumbnailUrl\":\"https:\\\/\\\/kuus.shop\\\/wp-content\\\/uploads\\\/2023\\\/02\\\/screenprotector-scaled.png\",\"datePublished\":\"2023-02-24T12:17:51+00:00\",\"dateModified\":\"2026-02-10T15:46:55+00:00\",\"breadcrumb\":{\"@id\":\"https:\\\/\\\/kuus.shop\\\/de\\\/einkaufsseite\\\/black-friday\\\/kuus-glas-displayschutzfolie-w1-gehaertetes-glas-q90-smartwatch-displayschutzfolie\\\/#breadcrumb\"},\"inLanguage\":\"de\",\"potentialAction\":[{\"@type\":\"ReadAction\",\"target\":[\"https:\\\/\\\/kuus.shop\\\/de\\\/einkaufsseite\\\/black-friday\\\/kuus-glas-displayschutzfolie-w1-gehaertetes-glas-q90-smartwatch-displayschutzfolie\\\/\"]}]},{\"@type\":\"ImageObject\",\"inLanguage\":\"de\",\"@id\":\"https:\\\/\\\/kuus.shop\\\/de\\\/einkaufsseite\\\/black-friday\\\/kuus-glas-displayschutzfolie-w1-gehaertetes-glas-q90-smartwatch-displayschutzfolie\\\/#primaryimage\",\"url\":\"https:\\\/\\\/kuus.shop\\\/wp-content\\\/uploads\\\/2023\\\/02\\\/screenprotector-scaled.png\",\"contentUrl\":\"https:\\\/\\\/kuus.shop\\\/wp-content\\\/uploads\\\/2023\\\/02\\\/screenprotector-scaled.png\",\"width\":2560,\"height\":1920,\"caption\":\"KUUS. W1 Glas Displayschutzfolie. W1 Glas Displayschutzfolie gps Uhr Kind Q90 Smartwatch geh\u00e4rtetes Glas\"},{\"@type\":\"BreadcrumbList\",\"@id\":\"https:\\\/\\\/kuus.shop\\\/de\\\/einkaufsseite\\\/black-friday\\\/kuus-glas-displayschutzfolie-w1-gehaertetes-glas-q90-smartwatch-displayschutzfolie\\\/#breadcrumb\",\"itemListElement\":[{\"@type\":\"ListItem\",\"position\":1,\"name\":\"KUUS.\",\"item\":\"https:\\\/\\\/kuus.shop\\\/de\\\/\"},{\"@type\":\"ListItem\",\"position\":2,\"name\":\"Shop\",\"item\":\"https:\\\/\\\/kuus.shop\\\/de\\\/shop\\\/\"},{\"@type\":\"ListItem\",\"position\":3,\"name\":\"Zubeh\u00f6r\",\"item\":\"https:\\\/\\\/kuus.shop\\\/de\\\/zubehoer\\\/\"},{\"@type\":\"ListItem\",\"position\":4,\"name\":\"KUUS Glas Displayschutzfolie W1 geh\u00e4rtetes Glas Q90 - Smartwatch Displayschutzfolie\"}]},{\"@type\":\"WebSite\",\"@id\":\"https:\\\/\\\/kuus.shop\\\/de\\\/#website\",\"url\":\"https:\\\/\\\/kuus.shop\\\/de\\\/\",\"name\":\"KUUS.\",\"description\":\"Watch your valuables\",\"publisher\":{\"@id\":\"https:\\\/\\\/kuus.shop\\\/de\\\/#organization\"},\"potentialAction\":[{\"@type\":\"SearchAction\",\"target\":{\"@type\":\"EntryPoint\",\"urlTemplate\":\"https:\\\/\\\/kuus.shop\\\/de\\\/?s={search_term_string}\"},\"query-input\":{\"@type\":\"PropertyValueSpecification\",\"valueRequired\":true,\"valueName\":\"search_term_string\"}}],\"inLanguage\":\"de\"},{\"@type\":\"Organization\",\"@id\":\"https:\\\/\\\/kuus.shop\\\/de\\\/#organization\",\"name\":\"KUUS.\",\"url\":\"https:\\\/\\\/kuus.shop\",\"logo\":{\"@type\":\"ImageObject\",\"inLanguage\":\"de\",\"@id\":\"https:\\\/\\\/kuus.shop\\\/de\\\/#\\\/schema\\\/logo\\\/image\\\/\",\"url\":\"https:\\\/\\\/kuus.shop\\\/wp-content\\\/uploads\\\/2023\\\/06\\\/groot-vierkant-2000x2000-1.png\",\"contentUrl\":\"https:\\\/\\\/kuus.shop\\\/wp-content\\\/uploads\\\/2023\\\/06\\\/groot-vierkant-2000x2000-1.png\",\"width\":2000,\"height\":2000,\"caption\":\"KUUS.\"},\"image\":{\"@id\":\"https:\\\/\\\/kuus.shop\\\/de\\\/#\\\/schema\\\/logo\\\/image\\\/\"},\"sameAs\":[\"https:\\\/\\\/www.facebook.com\\\/Kuus.nederland\\\/\",\"https:\\\/\\\/www.instagram.com\\\/kuus.nederland\\\/\"],\"legalName\":\"WCMK B.V\",\"alternateName\":\"KUUS\"}]}<\/script>\n<!-- \/ Yoast SEO plugin. -->","yoast_head_json":{"title":"KUUS Glas-Displayschutzfolie W1 Geh\u00e4rtetes Glas Q90 - KUUS.","robots":{"index":"index","follow":"follow","max-snippet":"max-snippet:-1","max-image-preview":"max-image-preview:large","max-video-preview":"max-video-preview:-1"},"canonical":"https:\/\/kuus.shop\/de\/einkaufsseite\/black-friday\/kuus-glas-displayschutzfolie-w1-gehaertetes-glas-q90-smartwatch-displayschutzfolie\/","og_locale":"de_DE","og_type":"article","og_title":"KUUS Glas-Displayschutzfolie W1 Geh\u00e4rtetes Glas Q90 - KUUS.","og_description":"Sind Sie es leid, dass die Smartwatch Ihres Kindes stets zerkratzt oder gesprungen ist? Sch\u00fctzen Sie sie mit der W1 Tempered Glass Q90 Displayschutzfolie! Gefertigt aus strapazierf\u00e4higem geh\u00e4rtetem Glas bietet sie Schutz vor Kratzern und Rissen, sodass die Uhr unversehrt bleibt. Diese Displayschutzfolie ist ideal f\u00fcr Aktivit\u00e4ten im Freien und wurde speziell f\u00fcr das Q90-Smartwatch-Modell entwickelt. Bestellen Sie sie noch heute f\u00fcr zus\u00e4tzliche Sicherheit und Seelenfrieden. Ebenfalls in Gro\u00dfmengen erh\u00e4ltlich f\u00fcr gesteigerte Bequemlichkeit.","og_url":"https:\/\/kuus.shop\/de\/einkaufsseite\/black-friday\/kuus-glas-displayschutzfolie-w1-gehaertetes-glas-q90-smartwatch-displayschutzfolie\/","og_site_name":"KUUS.","article_publisher":"https:\/\/www.facebook.com\/Kuus.nederland\/","article_modified_time":"2026-02-10T15:46:55+00:00","og_image":[{"width":2560,"height":1920,"url":"https:\/\/kuus.shop\/wp-content\/uploads\/2023\/02\/screenprotector-scaled.png","type":"image\/png"}],"twitter_card":"summary_large_image","twitter_misc":{"Gesch\u00e4tzte Lesezeit":"1\u00a0Minute"},"schema":{"@context":"https:\/\/schema.org","@graph":[{"@type":"WebPage","@id":"https:\/\/kuus.shop\/de\/einkaufsseite\/black-friday\/kuus-glas-displayschutzfolie-w1-gehaertetes-glas-q90-smartwatch-displayschutzfolie\/","url":"https:\/\/kuus.shop\/de\/einkaufsseite\/black-friday\/kuus-glas-displayschutzfolie-w1-gehaertetes-glas-q90-smartwatch-displayschutzfolie\/","name":"KUUS Glas-Displayschutzfolie W1 Geh\u00e4rtetes Glas Q90 - KUUS.","isPartOf":{"@id":"https:\/\/kuus.shop\/de\/#website"},"primaryImageOfPage":{"@id":"https:\/\/kuus.shop\/de\/einkaufsseite\/black-friday\/kuus-glas-displayschutzfolie-w1-gehaertetes-glas-q90-smartwatch-displayschutzfolie\/#primaryimage"},"image":{"@id":"https:\/\/kuus.shop\/de\/einkaufsseite\/black-friday\/kuus-glas-displayschutzfolie-w1-gehaertetes-glas-q90-smartwatch-displayschutzfolie\/#primaryimage"},"thumbnailUrl":"https:\/\/kuus.shop\/wp-content\/uploads\/2023\/02\/screenprotector-scaled.png","datePublished":"2023-02-24T12:17:51+00:00","dateModified":"2026-02-10T15:46:55+00:00","breadcrumb":{"@id":"https:\/\/kuus.shop\/de\/einkaufsseite\/black-friday\/kuus-glas-displayschutzfolie-w1-gehaertetes-glas-q90-smartwatch-displayschutzfolie\/#breadcrumb"},"inLanguage":"de","potentialAction":[{"@type":"ReadAction","target":["https:\/\/kuus.shop\/de\/einkaufsseite\/black-friday\/kuus-glas-displayschutzfolie-w1-gehaertetes-glas-q90-smartwatch-displayschutzfolie\/"]}]},{"@type":"ImageObject","inLanguage":"de","@id":"https:\/\/kuus.shop\/de\/einkaufsseite\/black-friday\/kuus-glas-displayschutzfolie-w1-gehaertetes-glas-q90-smartwatch-displayschutzfolie\/#primaryimage","url":"https:\/\/kuus.shop\/wp-content\/uploads\/2023\/02\/screenprotector-scaled.png","contentUrl":"https:\/\/kuus.shop\/wp-content\/uploads\/2023\/02\/screenprotector-scaled.png","width":2560,"height":1920,"caption":"KUUS. W1 Glas Displayschutzfolie. W1 Glas Displayschutzfolie gps Uhr Kind Q90 Smartwatch geh\u00e4rtetes Glas"},{"@type":"BreadcrumbList","@id":"https:\/\/kuus.shop\/de\/einkaufsseite\/black-friday\/kuus-glas-displayschutzfolie-w1-gehaertetes-glas-q90-smartwatch-displayschutzfolie\/#breadcrumb","itemListElement":[{"@type":"ListItem","position":1,"name":"KUUS.","item":"https:\/\/kuus.shop\/de\/"},{"@type":"ListItem","position":2,"name":"Shop","item":"https:\/\/kuus.shop\/de\/shop\/"},{"@type":"ListItem","position":3,"name":"Zubeh\u00f6r","item":"https:\/\/kuus.shop\/de\/zubehoer\/"},{"@type":"ListItem","position":4,"name":"KUUS Glas Displayschutzfolie W1 geh\u00e4rtetes Glas Q90 - Smartwatch Displayschutzfolie"}]},{"@type":"WebSite","@id":"https:\/\/kuus.shop\/de\/#website","url":"https:\/\/kuus.shop\/de\/","name":"KUUS.","description":"Watch your valuables","publisher":{"@id":"https:\/\/kuus.shop\/de\/#organization"},"potentialAction":[{"@type":"SearchAction","target":{"@type":"EntryPoint","urlTemplate":"https:\/\/kuus.shop\/de\/?s={search_term_string}"},"query-input":{"@type":"PropertyValueSpecification","valueRequired":true,"valueName":"search_term_string"}}],"inLanguage":"de"},{"@type":"Organization","@id":"https:\/\/kuus.shop\/de\/#organization","name":"KUUS.","url":"https:\/\/kuus.shop","logo":{"@type":"ImageObject","inLanguage":"de","@id":"https:\/\/kuus.shop\/de\/#\/schema\/logo\/image\/","url":"https:\/\/kuus.shop\/wp-content\/uploads\/2023\/06\/groot-vierkant-2000x2000-1.png","contentUrl":"https:\/\/kuus.shop\/wp-content\/uploads\/2023\/06\/groot-vierkant-2000x2000-1.png","width":2000,"height":2000,"caption":"KUUS."},"image":{"@id":"https:\/\/kuus.shop\/de\/#\/schema\/logo\/image\/"},"sameAs":["https:\/\/www.facebook.com\/Kuus.nederland\/","https:\/\/www.instagram.com\/kuus.nederland\/"],"legalName":"WCMK B.V","alternateName":"KUUS"}]}},"_links":{"self":[{"href":"https:\/\/kuus.shop\/de\/wp-json\/wp\/v2\/product\/13655","targetHints":{"allow":["GET"]}}],"collection":[{"href":"https:\/\/kuus.shop\/de\/wp-json\/wp\/v2\/product"}],"about":[{"href":"https:\/\/kuus.shop\/de\/wp-json\/wp\/v2\/types\/product"}],"replies":[{"embeddable":true,"href":"https:\/\/kuus.shop\/de\/wp-json\/wp\/v2\/comments?post=13655"}],"wp:featuredmedia":[{"embeddable":true,"href":"https:\/\/kuus.shop\/de\/wp-json\/wp\/v2\/media\/12097"}],"wp:attachment":[{"href":"https:\/\/kuus.shop\/de\/wp-json\/wp\/v2\/media?parent=13655"}],"wp:term":[{"taxonomy":"product_brand","embeddable":true,"href":"https:\/\/kuus.shop\/de\/wp-json\/wp\/v2\/product_brand?post=13655"},{"taxonomy":"product_cat","embeddable":true,"href":"https:\/\/kuus.shop\/de\/wp-json\/wp\/v2\/product_cat?post=13655"},{"taxonomy":"product_tag","embeddable":true,"href":"https:\/\/kuus.shop\/de\/wp-json\/wp\/v2\/product_tag?post=13655"},{"taxonomy":"woo-feed-brand","embeddable":true,"href":"https:\/\/kuus.shop\/de\/wp-json\/wp\/v2\/woo-feed-brand?post=13655"}],"curies":[{"name":"wp","href":"https:\/\/api.w.org\/{rel}","templated":true}]}}