{"id":12910,"date":"2023-02-21T10:33:24","date_gmt":"2023-02-21T10:33:24","guid":{"rendered":"https:\/\/kuus.shop\/unkategorisiert\/minikamera-spionagekamera-mit-wifi-ip-cam-mit-app-kuus-c2\/"},"modified":"2026-04-22T14:34:31","modified_gmt":"2026-04-22T13:34:31","slug":"minikamera-spionagekamera-mit-wifi-ip-cam-mit-app-kuus-c2","status":"publish","type":"product","link":"https:\/\/kuus.shop\/de\/einkaufsseite\/mini-spionagekamera\/minikamera-spionagekamera-mit-wifi-ip-cam-mit-app-kuus-c2\/","title":{"rendered":"KUUS C2 Mini Kamera mit Live \u00fcbertragung auf Handy - kompakte und mini \u00dcberwachungskamera innen, Kleine Kamera live \u00fcbertragung WLAN Camera, Mini Cam"},"content":{"rendered":"<h2>Eine Minikamera, bei der Sie die Live-Bilder sofort auf Ihrem Telefon oder PC betrachten k\u00f6nnen? Das ist die KUUS. C2!<\/h2>\n<p>Beeindruckende Bildqualit\u00e4t, die alles und jeden messerscharf einf\u00e4ngt. Betrachten Sie die Live-Bilder auf Ihrem Telefon, Tablet \u00fcber die App oder dem KUUS Smart Camera Terminal auf dem Computer. Sie erhalten eine Benachrichtigung in der KUUS. PRO-App, wenn es eine Bewegung gibt, damit Sie Ihr Eigentum noch besser sch\u00fctzen k\u00f6nnen. Die Mini-Spionagekamera mit Wifi ist nur 3,2 x 3,2 x 3,2 cm klein. Die kleine \u00dcberwachungskamera verf\u00fcgt \u00fcber einen eingebauten 100-Minuten-Akku f\u00fcr den kabellosen Einsatz, oder verwenden Sie die \u00dcberwachungskamera mit einem Ladekabel f\u00fcr Langzeitaufnahmen. Die Minikamera schaltet automatisch vom Tag- in den Nachtsichtmodus um, damit Sie auch nachts ein gutes Bild haben!<\/p>\n<p><strong>Mini-Spionagekamera mit WiFi<\/strong><\/p>\n<p>Die neue KUUS. Die C2-Kamera ist ein Unikat. Sie ist die kleinste Verbraucherkamera, die mit einer App funktioniert. Die Kamera ist so klein wie ein Eisw\u00fcrfel, hat aber eine beeindruckende Leistung! Die Bilder sind in High Definition \u00fcber die kostenlose KUUS. sichtbar. PRO-App f\u00fcr Smartphone und Tablet. Dar\u00fcber hinaus k\u00f6nnen Sie die Bilder auch nachtr\u00e4glich auf dem Computer lesen. W\u00e4hrend des Filmens ist kein Licht eingeschaltet, so dass die Kamera unsichtbar ist.<\/p>\n<p><strong>Drahtlose \u00dcberwachungskamera mit Batterie<\/strong><\/p>\n<p>Die Kamera ist mit einem Akku ausgestattet, der bis zu 100 Minuten kabelloses Filmen erm\u00f6glicht. Um die Kamera als \u00dcberwachungskamera zu verwenden, schlie\u00dfen Sie sie am besten mit einem Ladekabel an. \u00dcber unsere Website k\u00f6nnen Sie ein 5 Meter langes Ladekabel bestellen.<\/p>\n<p><strong>Spionagekamera mit Bewegungserkennung<\/strong><\/p>\n<p>Erkennt die KUUS. C2 mini IP-Kamera eine Bewegung? Dann erhalten Sie eine Benachrichtigung auf Ihrem Smartphone von der KUUS. PRO-App. Auf diese Weise k\u00f6nnen Sie Ihre Wertsachen immer im Auge behalten, auch wenn Sie nicht in der N\u00e4he sind. Achten Sie auf Ihre Wertsachen!<\/p>\n<p><strong>Wandhalterung<\/strong><br \/>\nSie k\u00f6nnen die Kamera an jeder Oberfl\u00e4che befestigen, indem Sie die mitgelieferte Wandhalterung verwenden. Sie k\u00f6nnen die Halterung an einer Seite mit einem Klebestreifen und an der anderen Seite mit einem Magneten befestigen. So k\u00f6nnen Sie die Minikamera v\u00f6llig frei platzieren.<\/p>\n<p><strong>Mini-Sicherheitskamera<\/strong><\/p>\n<p>Da die Kamera nur 3,2 x 3,2 x 3,2 cm klein ist, ist sie kaum sichtbar. Unerw\u00fcnschte G\u00e4ste k\u00f6nnen auf diese Weise leicht erfasst werden. Die analoge Mini-\u00dcberwachungskamera von KUUS.\u00ae verf\u00fcgt \u00fcber ein eingebautes Mikrofon und Bewegungserkennung, wodurch sie mit der Aufnahme beginnt, sobald Bewegung oder Ger\u00e4usch erkannt wird. Die Kamera funktioniert mit der Deutsches KUUS. PRO App, wodurch Sie jederzeit \u00fcber Ihr Smartphone oder Tablet auf die Live-Bilder zugreifen k\u00f6nnen.<\/p>\n<p><strong>Automatische Tag-\/Nachtsicht<\/strong><\/p>\n<p>Die eingebaute Infrarotkamera sorgt daf\u00fcr, dass die Mini-Sicherheitskamera auch bei schlechten oder gar keinen Lichtverh\u00e4ltnissen ein superscharfes Bild liefert. Die KUUS. Die C2-Kamera schaltet automatisch von Tag- auf Nachtansicht um, wenn es im Raum weniger Licht gibt. Mit der integrierten Bewegungserkennung beginnt die Kamera nur dann zu filmen, wenn eine Bewegung erkannt wird. Diese Funktion funktioniert einwandfrei und ist in der Deutsches Anleitung klar beschrieben. Wenn Sie Fragen haben, k\u00f6nnen Sie sich jederzeit an unseren Kundenservice wenden.<\/p>\n<p><strong>Bilder zur\u00fcckverfolgen und speichern<br \/>\n<\/strong><br \/>\nNeben der Live-Betrachtung der Bilder k\u00f6nnen Sie die Aufnahmen auch zur\u00fcckverfolgen. Mit der mitgelieferten 32-GB-Speicherkarte k\u00f6nnen Sie die Bilder durchschnittlich 4 Tage lang betrachten. Wenn Sie sich entscheiden, selbst eine 64gb Speicherkarte zu bestellen, k\u00f6nnen Sie die Bilder sogar durchschnittlich 8 Tage lang ansehen. Sie k\u00f6nnen die Aufnahmen dann auf Ihrem Handy speichern und mit der ganzen Welt teilen!<br \/>\nDie L\u00e4nge der Aufnahme h\u00e4ngt davon ab, wie viel Bewegung im Aufnahmeraum ist. Zudem funktioniert die KUUS. C2 mit den Konnektivit\u00e4tsprotokollen ONVIF und RTSP, sodass Sie jederzeit Live-Bilder in der KUUS. sehen k\u00f6nnen. PRO-App.<\/p>\n<p><strong>Bilder sind sicher<\/strong><\/p>\n<p>Viele andere Kameras verwenden eine Cloud auf chinesischen Servern. Wir m\u00f6chten Ihnen eine sichere Alternative anbieten, deshalb werden die Bilder auf unserer Speicherkarte gespeichert. Die Kamera wird mit einer hochwertigen 32-GB-Speicherkarte geliefert, auf der alle Videos und Fotos sofort gespeichert werden k\u00f6nnen. Wenn die Karte voll ist, l\u00f6scht die KUUS. Die Kamera l\u00f6scht automatisch die \u00e4ltesten Dateien, damit sie weiter filmen kann. Die Kamera funktioniert maximal mit einer 64-GB-Karte.<\/p>\n<p><strong>Produktspezifikationen:<\/strong><br \/>\n<span style=\"color: #00b901;\">\u2713 <\/span>Videoformat 1920 x 1080P HD<br \/>\n<span style=\"color: #00b901;\">\u2713 <\/span>Bildseitenverh\u00e4ltnis 4: 3<br \/>\n<span style=\"color: #00b901;\">\u2713 <\/span>Bewegungserkennung<br \/>\n\u2713 <span style=\"color: #00b901;\">Nur <\/span>21 Gramm. Daher ideal als Aufsatz f\u00fcr Drohne oder Luftkissenfahrzeug<br \/>\n\u2713 <span style=\"color: #00b901;\">Unterst\u00fctzungssystem <\/span>f\u00fcr Windows, Mac OS, Linux<br \/>\n<span style=\"color: #00b901;\">\u2713 <\/span>Batteriekapazit\u00e4t 800mAh<br \/>\n<span style=\"color: #00b901;\">\u2713 <\/span>Betriebsdauer ca. 100 Minuten bei 1080P 15fps<br \/>\n<span style=\"color: #00b901;\">\u2713 <\/span>Ladezeit ca. 2 - 3 Stunden<br \/>\n<span style=\"color: #00b901;\">\u2713 <\/span>Ladespannung DC 5V<br \/>\n<span style=\"color: #00b901;\">\u2713 <\/span>Kabell\u00e4nge 60 cm (ein 5 Meter langes Kabel ist \u00fcber das Zubeh\u00f6r erh\u00e4ltlich)<br \/>\n<span style=\"color: #00b901;\">\u2713 <\/span>Alle KUUS. Kameras werden diskret und anonym gesendet.<br \/>\n<span style=\"color: #00b901;\">\u2713 <\/span>Dual-Band-WiFi (2,4 und 5,0 ghz)<br \/>\n\u2713 <span style=\"color: #00b901;\">Sichere <\/span>Bildpr\u00fcfung mit ONVIF und RTSP<\/p>\n<p><strong>Das Produkt wird geliefert mit:<\/strong><\/p>\n<p>1 x KUUS. C2 Mini-Spionagekamera Full HD 1080P<\/p>\n<p>1 x 32 GB Speicherkarte<\/p>\n<p>1 x USB-Kabel 60cm<\/p>\n<p>1 x Wandhalterung<\/p>\n<p>1 x Benutzerhandbuch (Papierhandbuch oder Videoanleitung auf Niederl\u00e4ndisch, Deutsch, Franz\u00f6sisch und Englisch)<\/p>\n<p>Copyright \u00a9<br \/>\nDiese Beschreibung wurde von KUUS. erstellt. und darf nicht kopiert \/ oder in irgendeiner Weise f\u00fcr andere kommerzielle Zwecke verwendet werden.<\/p>\n","protected":false},"excerpt":{"rendered":"<p>Die KUUS. C2 Mini-Spion-\u00fcberwachungskamera verf\u00fcgt \u00fcber Wi-Fi IP, Dies ist perfekt, um als Sicherheits- und \u00dcberwachungskamera zu verwenden. Koppelbar mit KUUS. PRO App und Wi-Fi.<\/p>\n","protected":false},"featured_media":447849,"comment_status":"open","ping_status":"closed","template":"","meta":{"_acf_changed":false,"inline_featured_image":false},"product_brand":[],"product_cat":[114],"product_tag":[],"woo-feed-brand":[],"class_list":{"0":"post-12910","1":"product","2":"type-product","3":"status-publish","4":"has-post-thumbnail","6":"product_cat-mini-spionagekamera","8":"first","9":"instock","10":"taxable","11":"shipping-taxable","12":"purchasable","13":"product-type-simple"},"bundled_by":["23247"],"bundle_stock_status":"instock","bundle_stock_quantity":999,"bundle_virtual":false,"bundle_layout":"","bundle_add_to_cart_form_location":"","bundle_editable_in_cart":false,"bundle_sold_individually_context":"","bundle_item_grouping":"","bundle_min_size":"","bundle_max_size":"","bundle_price":[],"bundled_items":[],"bundle_sell_ids":[],"acf":[],"yoast_head":"<!-- This site is optimized with the Yoast SEO plugin v27.3 - https:\/\/yoast.com\/product\/yoast-seo-wordpress\/ -->\n<title>KUUS. C2 | Mini-Spionagekamera mit WLAN &amp; App | Diskret versendet<\/title>\n<meta name=\"description\" content=\"KUUS Mini-Spionagekamera: WLAN, App, Lieferung am n\u00e4chsten Tag, Sicherheit \u00dcberwachung\" \/>\n<meta name=\"robots\" content=\"index, follow, max-snippet:-1, max-image-preview:large, max-video-preview:-1\" \/>\n<link rel=\"canonical\" href=\"https:\/\/kuus.shop\/de\/einkaufsseite\/mini-spionagekamera\/minikamera-spionagekamera-mit-wifi-ip-cam-mit-app-kuus-c2\/\" \/>\n<meta property=\"og:locale\" content=\"de_DE\" \/>\n<meta property=\"og:type\" content=\"article\" \/>\n<meta property=\"og:title\" content=\"KUUS. C2 | Mini-Spionagekamera mit WLAN &amp; App | Diskret versendet\" \/>\n<meta property=\"og:description\" content=\"KUUS Mini-Spionagekamera: WLAN, App, Lieferung am n\u00e4chsten Tag, Sicherheit \u00dcberwachung\" \/>\n<meta property=\"og:url\" content=\"https:\/\/kuus.shop\/de\/einkaufsseite\/mini-spionagekamera\/minikamera-spionagekamera-mit-wifi-ip-cam-mit-app-kuus-c2\/\" \/>\n<meta property=\"og:site_name\" content=\"KUUS.\" \/>\n<meta property=\"article:publisher\" content=\"https:\/\/www.facebook.com\/Kuus.nederland\/\" \/>\n<meta property=\"article:modified_time\" content=\"2026-04-22T13:34:31+00:00\" \/>\n<meta property=\"og:image\" content=\"https:\/\/kuus.shop\/wp-content\/uploads\/2026\/03\/mini-spy-camera-met-app-bewakingscamera-1.webp\" \/>\n\t<meta property=\"og:image:width\" content=\"2120\" \/>\n\t<meta property=\"og:image:height\" content=\"2000\" \/>\n\t<meta property=\"og:image:type\" content=\"image\/png\" \/>\n<meta name=\"twitter:card\" content=\"summary_large_image\" \/>\n<meta name=\"twitter:label1\" content=\"Gesch\u00e4tzte Lesezeit\" \/>\n\t<meta name=\"twitter:data1\" content=\"7 Minuten\" \/>\n<script type=\"application\/ld+json\" class=\"yoast-schema-graph\">{\"@context\":\"https:\\\/\\\/schema.org\",\"@graph\":[{\"@type\":\"WebPage\",\"@id\":\"https:\\\/\\\/kuus.shop\\\/de\\\/einkaufsseite\\\/mini-spionagekamera\\\/minikamera-spionagekamera-mit-wifi-ip-cam-mit-app-kuus-c2\\\/\",\"url\":\"https:\\\/\\\/kuus.shop\\\/de\\\/einkaufsseite\\\/mini-spionagekamera\\\/minikamera-spionagekamera-mit-wifi-ip-cam-mit-app-kuus-c2\\\/\",\"name\":\"KUUS. C2 | Mini-Spionagekamera mit WLAN & App | Diskret versendet\",\"isPartOf\":{\"@id\":\"https:\\\/\\\/kuus.shop\\\/de\\\/#website\"},\"primaryImageOfPage\":{\"@id\":\"https:\\\/\\\/kuus.shop\\\/de\\\/einkaufsseite\\\/mini-spionagekamera\\\/minikamera-spionagekamera-mit-wifi-ip-cam-mit-app-kuus-c2\\\/#primaryimage\"},\"image\":{\"@id\":\"https:\\\/\\\/kuus.shop\\\/de\\\/einkaufsseite\\\/mini-spionagekamera\\\/minikamera-spionagekamera-mit-wifi-ip-cam-mit-app-kuus-c2\\\/#primaryimage\"},\"thumbnailUrl\":\"https:\\\/\\\/kuus.shop\\\/wp-content\\\/uploads\\\/2025\\\/12\\\/mini-spy-camera-met-app-bewakingscamera.webp\",\"datePublished\":\"2023-02-21T10:33:24+00:00\",\"dateModified\":\"2026-04-22T13:34:31+00:00\",\"description\":\"KUUS Mini-Spionagekamera: WLAN, App, Lieferung am n\u00e4chsten Tag, Sicherheit \u00dcberwachung\",\"breadcrumb\":{\"@id\":\"https:\\\/\\\/kuus.shop\\\/de\\\/einkaufsseite\\\/mini-spionagekamera\\\/minikamera-spionagekamera-mit-wifi-ip-cam-mit-app-kuus-c2\\\/#breadcrumb\"},\"inLanguage\":\"de\",\"potentialAction\":[{\"@type\":\"ReadAction\",\"target\":[\"https:\\\/\\\/kuus.shop\\\/de\\\/einkaufsseite\\\/mini-spionagekamera\\\/minikamera-spionagekamera-mit-wifi-ip-cam-mit-app-kuus-c2\\\/\"]}]},{\"@type\":\"ImageObject\",\"inLanguage\":\"de\",\"@id\":\"https:\\\/\\\/kuus.shop\\\/de\\\/einkaufsseite\\\/mini-spionagekamera\\\/minikamera-spionagekamera-mit-wifi-ip-cam-mit-app-kuus-c2\\\/#primaryimage\",\"url\":\"https:\\\/\\\/kuus.shop\\\/wp-content\\\/uploads\\\/2025\\\/12\\\/mini-spy-camera-met-app-bewakingscamera.webp\",\"contentUrl\":\"https:\\\/\\\/kuus.shop\\\/wp-content\\\/uploads\\\/2025\\\/12\\\/mini-spy-camera-met-app-bewakingscamera.webp\",\"width\":1062,\"height\":884,\"caption\":\"Mini Spy Cam\"},{\"@type\":\"BreadcrumbList\",\"@id\":\"https:\\\/\\\/kuus.shop\\\/de\\\/einkaufsseite\\\/mini-spionagekamera\\\/minikamera-spionagekamera-mit-wifi-ip-cam-mit-app-kuus-c2\\\/#breadcrumb\",\"itemListElement\":[{\"@type\":\"ListItem\",\"position\":1,\"name\":\"KUUS.\",\"item\":\"https:\\\/\\\/kuus.shop\\\/de\\\/\"},{\"@type\":\"ListItem\",\"position\":2,\"name\":\"Shop\",\"item\":\"https:\\\/\\\/kuus.shop\\\/de\\\/shop\\\/\"},{\"@type\":\"ListItem\",\"position\":3,\"name\":\"Minikamera\",\"item\":\"https:\\\/\\\/kuus.shop\\\/de\\\/mini-spionagekamera\\\/\"},{\"@type\":\"ListItem\",\"position\":4,\"name\":\"KUUS C2 Mini Kamera mit Live \u00fcbertragung auf Handy - kompakte und mini \u00dcberwachungskamera innen, Kleine Kamera live \u00fcbertragung WLAN Camera, Mini Cam\"}]},{\"@type\":\"WebSite\",\"@id\":\"https:\\\/\\\/kuus.shop\\\/de\\\/#website\",\"url\":\"https:\\\/\\\/kuus.shop\\\/de\\\/\",\"name\":\"KUUS.\",\"description\":\"Watch your valuables\",\"publisher\":{\"@id\":\"https:\\\/\\\/kuus.shop\\\/de\\\/#organization\"},\"potentialAction\":[{\"@type\":\"SearchAction\",\"target\":{\"@type\":\"EntryPoint\",\"urlTemplate\":\"https:\\\/\\\/kuus.shop\\\/de\\\/?s={search_term_string}\"},\"query-input\":{\"@type\":\"PropertyValueSpecification\",\"valueRequired\":true,\"valueName\":\"search_term_string\"}}],\"inLanguage\":\"de\"},{\"@type\":\"Organization\",\"@id\":\"https:\\\/\\\/kuus.shop\\\/de\\\/#organization\",\"name\":\"KUUS.\",\"url\":\"https:\\\/\\\/kuus.shop\",\"logo\":{\"@type\":\"ImageObject\",\"inLanguage\":\"de\",\"@id\":\"https:\\\/\\\/kuus.shop\\\/de\\\/#\\\/schema\\\/logo\\\/image\\\/\",\"url\":\"https:\\\/\\\/kuus.shop\\\/wp-content\\\/uploads\\\/2023\\\/06\\\/groot-vierkant-2000x2000-1.png\",\"contentUrl\":\"https:\\\/\\\/kuus.shop\\\/wp-content\\\/uploads\\\/2023\\\/06\\\/groot-vierkant-2000x2000-1.png\",\"width\":2000,\"height\":2000,\"caption\":\"KUUS.\"},\"image\":{\"@id\":\"https:\\\/\\\/kuus.shop\\\/de\\\/#\\\/schema\\\/logo\\\/image\\\/\"},\"sameAs\":[\"https:\\\/\\\/www.facebook.com\\\/Kuus.nederland\\\/\",\"https:\\\/\\\/www.instagram.com\\\/kuus.nederland\\\/\"],\"legalName\":\"WCMK B.V\",\"alternateName\":\"KUUS\"}]}<\/script>\n<!-- \/ Yoast SEO plugin. -->","yoast_head_json":{"title":"KUUS. C2 | Mini-Spionagekamera mit WLAN & App | Diskret versendet","description":"KUUS Mini-Spionagekamera: WLAN, App, Lieferung am n\u00e4chsten Tag, Sicherheit \u00dcberwachung","robots":{"index":"index","follow":"follow","max-snippet":"max-snippet:-1","max-image-preview":"max-image-preview:large","max-video-preview":"max-video-preview:-1"},"canonical":"https:\/\/kuus.shop\/de\/einkaufsseite\/mini-spionagekamera\/minikamera-spionagekamera-mit-wifi-ip-cam-mit-app-kuus-c2\/","og_locale":"de_DE","og_type":"article","og_title":"KUUS. C2 | Mini-Spionagekamera mit WLAN & App | Diskret versendet","og_description":"KUUS Mini-Spionagekamera: WLAN, App, Lieferung am n\u00e4chsten Tag, Sicherheit \u00dcberwachung","og_url":"https:\/\/kuus.shop\/de\/einkaufsseite\/mini-spionagekamera\/minikamera-spionagekamera-mit-wifi-ip-cam-mit-app-kuus-c2\/","og_site_name":"KUUS.","article_publisher":"https:\/\/www.facebook.com\/Kuus.nederland\/","article_modified_time":"2026-04-22T13:34:31+00:00","og_image":[{"width":2120,"height":2000,"url":"https:\/\/kuus.shop\/wp-content\/uploads\/2026\/03\/mini-spy-camera-met-app-bewakingscamera-1.webp","type":"image\/png"}],"twitter_card":"summary_large_image","twitter_misc":{"Gesch\u00e4tzte Lesezeit":"7 Minuten"},"schema":{"@context":"https:\/\/schema.org","@graph":[{"@type":"WebPage","@id":"https:\/\/kuus.shop\/de\/einkaufsseite\/mini-spionagekamera\/minikamera-spionagekamera-mit-wifi-ip-cam-mit-app-kuus-c2\/","url":"https:\/\/kuus.shop\/de\/einkaufsseite\/mini-spionagekamera\/minikamera-spionagekamera-mit-wifi-ip-cam-mit-app-kuus-c2\/","name":"KUUS. C2 | Mini-Spionagekamera mit WLAN & App | Diskret versendet","isPartOf":{"@id":"https:\/\/kuus.shop\/de\/#website"},"primaryImageOfPage":{"@id":"https:\/\/kuus.shop\/de\/einkaufsseite\/mini-spionagekamera\/minikamera-spionagekamera-mit-wifi-ip-cam-mit-app-kuus-c2\/#primaryimage"},"image":{"@id":"https:\/\/kuus.shop\/de\/einkaufsseite\/mini-spionagekamera\/minikamera-spionagekamera-mit-wifi-ip-cam-mit-app-kuus-c2\/#primaryimage"},"thumbnailUrl":"https:\/\/kuus.shop\/wp-content\/uploads\/2025\/12\/mini-spy-camera-met-app-bewakingscamera.webp","datePublished":"2023-02-21T10:33:24+00:00","dateModified":"2026-04-22T13:34:31+00:00","description":"KUUS Mini-Spionagekamera: WLAN, App, Lieferung am n\u00e4chsten Tag, Sicherheit \u00dcberwachung","breadcrumb":{"@id":"https:\/\/kuus.shop\/de\/einkaufsseite\/mini-spionagekamera\/minikamera-spionagekamera-mit-wifi-ip-cam-mit-app-kuus-c2\/#breadcrumb"},"inLanguage":"de","potentialAction":[{"@type":"ReadAction","target":["https:\/\/kuus.shop\/de\/einkaufsseite\/mini-spionagekamera\/minikamera-spionagekamera-mit-wifi-ip-cam-mit-app-kuus-c2\/"]}]},{"@type":"ImageObject","inLanguage":"de","@id":"https:\/\/kuus.shop\/de\/einkaufsseite\/mini-spionagekamera\/minikamera-spionagekamera-mit-wifi-ip-cam-mit-app-kuus-c2\/#primaryimage","url":"https:\/\/kuus.shop\/wp-content\/uploads\/2025\/12\/mini-spy-camera-met-app-bewakingscamera.webp","contentUrl":"https:\/\/kuus.shop\/wp-content\/uploads\/2025\/12\/mini-spy-camera-met-app-bewakingscamera.webp","width":1062,"height":884,"caption":"Mini Spy Cam"},{"@type":"BreadcrumbList","@id":"https:\/\/kuus.shop\/de\/einkaufsseite\/mini-spionagekamera\/minikamera-spionagekamera-mit-wifi-ip-cam-mit-app-kuus-c2\/#breadcrumb","itemListElement":[{"@type":"ListItem","position":1,"name":"KUUS.","item":"https:\/\/kuus.shop\/de\/"},{"@type":"ListItem","position":2,"name":"Shop","item":"https:\/\/kuus.shop\/de\/shop\/"},{"@type":"ListItem","position":3,"name":"Minikamera","item":"https:\/\/kuus.shop\/de\/mini-spionagekamera\/"},{"@type":"ListItem","position":4,"name":"KUUS C2 Mini Kamera mit Live \u00fcbertragung auf Handy - kompakte und mini \u00dcberwachungskamera innen, Kleine Kamera live \u00fcbertragung WLAN Camera, Mini Cam"}]},{"@type":"WebSite","@id":"https:\/\/kuus.shop\/de\/#website","url":"https:\/\/kuus.shop\/de\/","name":"KUUS.","description":"Watch your valuables","publisher":{"@id":"https:\/\/kuus.shop\/de\/#organization"},"potentialAction":[{"@type":"SearchAction","target":{"@type":"EntryPoint","urlTemplate":"https:\/\/kuus.shop\/de\/?s={search_term_string}"},"query-input":{"@type":"PropertyValueSpecification","valueRequired":true,"valueName":"search_term_string"}}],"inLanguage":"de"},{"@type":"Organization","@id":"https:\/\/kuus.shop\/de\/#organization","name":"KUUS.","url":"https:\/\/kuus.shop","logo":{"@type":"ImageObject","inLanguage":"de","@id":"https:\/\/kuus.shop\/de\/#\/schema\/logo\/image\/","url":"https:\/\/kuus.shop\/wp-content\/uploads\/2023\/06\/groot-vierkant-2000x2000-1.png","contentUrl":"https:\/\/kuus.shop\/wp-content\/uploads\/2023\/06\/groot-vierkant-2000x2000-1.png","width":2000,"height":2000,"caption":"KUUS."},"image":{"@id":"https:\/\/kuus.shop\/de\/#\/schema\/logo\/image\/"},"sameAs":["https:\/\/www.facebook.com\/Kuus.nederland\/","https:\/\/www.instagram.com\/kuus.nederland\/"],"legalName":"WCMK B.V","alternateName":"KUUS"}]}},"_links":{"self":[{"href":"https:\/\/kuus.shop\/de\/wp-json\/wp\/v2\/product\/12910","targetHints":{"allow":["GET"]}}],"collection":[{"href":"https:\/\/kuus.shop\/de\/wp-json\/wp\/v2\/product"}],"about":[{"href":"https:\/\/kuus.shop\/de\/wp-json\/wp\/v2\/types\/product"}],"replies":[{"embeddable":true,"href":"https:\/\/kuus.shop\/de\/wp-json\/wp\/v2\/comments?post=12910"}],"wp:featuredmedia":[{"embeddable":true,"href":"https:\/\/kuus.shop\/de\/wp-json\/wp\/v2\/media\/447849"}],"wp:attachment":[{"href":"https:\/\/kuus.shop\/de\/wp-json\/wp\/v2\/media?parent=12910"}],"wp:term":[{"taxonomy":"product_brand","embeddable":true,"href":"https:\/\/kuus.shop\/de\/wp-json\/wp\/v2\/product_brand?post=12910"},{"taxonomy":"product_cat","embeddable":true,"href":"https:\/\/kuus.shop\/de\/wp-json\/wp\/v2\/product_cat?post=12910"},{"taxonomy":"product_tag","embeddable":true,"href":"https:\/\/kuus.shop\/de\/wp-json\/wp\/v2\/product_tag?post=12910"},{"taxonomy":"woo-feed-brand","embeddable":true,"href":"https:\/\/kuus.shop\/de\/wp-json\/wp\/v2\/woo-feed-brand?post=12910"}],"curies":[{"name":"wp","href":"https:\/\/api.w.org\/{rel}","templated":true}]}}