{"id":12905,"date":"2023-02-20T07:45:44","date_gmt":"2023-02-20T07:45:44","guid":{"rendered":"https:\/\/kuus.shop\/unkategorisiert\/kuus-c1-mini-versteckte-spionagekamera-sicherheitskamera-mit-32-gb-speicherkarte-full-hd-1080p\/"},"modified":"2026-04-19T20:06:51","modified_gmt":"2026-04-19T19:06:51","slug":"kuus-c1-mini-versteckte-spionagekamera-sicherheitskamera-mit-32-gb-speicherkarte-full-hd-1080p","status":"publish","type":"product","link":"https:\/\/kuus.shop\/de\/einkaufsseite\/mini-spionagekamera\/kuus-c1-mini-versteckte-spionagekamera-sicherheitskamera-mit-32-gb-speicherkarte-full-hd-1080p\/","title":{"rendered":"KUUS C1 Mini Kamera, Kleine \u00dcberwachungskamera Ohne WLAN 2,3 cm. Micro Camera f\u00fcr Innen, Kleine Kamera, Modelleisenbahn Kamera, Tonaufnahme Mit Ton"},"content":{"rendered":"<p><strong>Actioncam<\/strong><br \/>\nSuchen Sie nach einer kompakten Mini-Kamera, die perfekte Qualit\u00e4t liefert? Diese kompakte Spycam liefert beeindruckende Ergebnisse f\u00fcr ihre Gr\u00f6\u00dfe. Diese Actionkamera ist nur 2,3 x 2,3 x 2,3 cm gro\u00df<span class=\"more\">. Diese Minikamera hat ein eingebautes Objektiv mit einem Blickwinkel von 140 Grad. Das hat den Vorteil, dass diese Mini-Spionagekamera ein breites Bild ohne Verzerrung aufnimmt. Wenn sie vollst\u00e4ndig aufgeladen ist, k\u00f6nnen Sie Bilder in Full HD 1080P mit 30 FPS (Bilder pro Sekunde) aufnehmen. Die Akkulaufzeit betr\u00e4gt bis zu 100 Minuten bei Aufnahme in 1080p. Die Minikamera wird mit einer 32 GB Micro SD-Speicherkarte geliefert.<\/span><\/p>\n<p><strong>Mini-Spionagekamera<\/strong><br \/>\nSeparat bestellbar: ein 5-Meter-Kabel. Die KUUS Mini-Spionagekamera ist unser kleines Kraftpaket. Sie ist etwas gr\u00f6\u00dfer als ein W\u00fcrfel, nimmt aber Videos und Fotos in 720P oder 1080P auf, also superscharf! Die Kamera macht sogar Tonaufnahmen. Da die Kamera so klein ist, k\u00f6nnen Sie sie leicht verstecken. Beim Filmen leuchten keine Lichter, wodurch sie verborgen bleibt. Die Kamera hat einen Blickwinkel von beeindruckenden 140 Grad, was zu einem weiten Sichtfeld des Raumes f\u00fchrt.<\/p>\n<div class=\"extra-content\">\n<p><strong>Akku<\/strong><br \/>\nDie Kamera wird mit einem eingebauten Akku geliefert, mit dem Sie bis zu 100 Minuten lang filmen k\u00f6nnen. Das macht die Kamera auch zu einer perfekten Mini-Action-Cam! Um die Akkulaufzeit zu verl\u00e4ngern, k\u00f6nnen Sie eine externe Stromquelle wie eine Powerbank oder ein USB-Ladeger\u00e4t verwenden.<\/p>\n<p><strong>Actioncam<\/strong><br \/>\nDie mitgelieferte Halterung k\u00f6nnen Sie verwenden, um die Kamera an einer Wand, einem Helm, Kleidung oder Ihrem Fahrrad zu befestigen, wodurch Sie die aufregendsten Aktionsmomente festhalten k\u00f6nnen. Die Kamera wird mit einer 32-GB-Speicherkarte geliefert, auf der alle Videos und Fotos sofort gespeichert werden k\u00f6nnen. Wenn die Karte voll ist, l\u00f6scht die KUUS Kamera automatisch die \u00e4ltesten Dateien, damit sie weiter filmen kann.<\/p>\n<p><strong>Mini-\u00dcberwachungskamera<\/strong><br \/>\nDa die Kamera nur 2,3 x 2,3 x 2,3 cm klein ist, ist sie kaum sichtbar. Unerw\u00fcnschte G\u00e4ste k\u00f6nnen auf diese Weise leicht erfasst werden. Die analoge Mini-\u00dcberwachungskamera von KUUS verf\u00fcgt \u00fcber eine integrierte Bewegungserkennung, wodurch sie mit dem Filmen beginnt, sobald eine Bewegung erkannt wird. Die Kamera funktioniert ohne WLAN und Dateien werden auf einer (mitgelieferten) SD-Karte gespeichert. Alte Dateien werden \u00fcberschrieben, wenn die SD-Karte voll ist. So stellen Sie sicher, dass Sie immer filmen k\u00f6nnen, auch ohne Internetverbindung.<\/p>\n<p><strong>Drohnenkamera<\/strong><br \/>\nDie Mini-Kamera wiegt nur 21 Gramm, wodurch sie sich auch hervorragend als Drohnenkamera eignet! Einfach mit dem mitgelieferten Clip zu befestigen. Sie k\u00f6nnen ihn auch an einem ferngesteuerten Auto oder an der Leine Ihres Haustiers befestigen.<\/p>\n<p><strong>Nachtmodus und Bewegungserkennung<\/strong><br \/>\nDurch den Nachtmodus k\u00f6nnen Sie die Kamera auch in R\u00e4umen mit wenig Licht verwenden. Die Kamera funktioniert nicht in einem v\u00f6llig dunklen Raum; es muss Umgebungslicht vorhanden sein. Daher ist diese Kamera auch als Sicherheitskamera geeignet. Mit der integrierten Bewegungserkennung beginnt die Kamera nur dann zu filmen, wenn eine Bewegung erkannt wird. Diese Funktion ist in der deutschen Anleitung klar beschrieben. Wenn Sie Fragen haben, k\u00f6nnen Sie sich jederzeit an unseren Kundenservice wenden.<\/p>\n<p><strong>Bilder sind sicher<\/strong><br \/>\nMithilfe des mitgelieferten USB-Videokabels k\u00f6nnen Videoaufnahmen problemlos auf einem Computer oder Laptop wiedergegeben werden. Es gibt keine App, die Film- und Fotodateien werden sicher auf der SD-Karte (im Lieferumfang enthalten) gespeichert.<\/p>\n<p><strong>Produktspezifikationen:<br \/>\n<\/strong><span style=\"color: #00b901;\">\u2713 <\/span>Videoformat 1920 x 1080P, 1280 x 720P<br \/>\n<span style=\"color: #00b901;\">\u2713 <\/span>Bildaufl\u00f6sung 12MP (4032 x 3024)<br \/>\n<span style=\"color: #00b901;\">\u2713 <\/span>Bildseitenverh\u00e4ltnis 4: 3<br \/>\n<span style=\"color: #00b901;\">\u2713 <\/span>Bewegungserkennung<br \/>\n<span style=\"color: #00b901;\">\u2713 <\/span>Nur 21 Gramm. Das macht ihn ideal als Aufsatz f\u00fcr Drohnen oder Luftschiffe, Miniaturz\u00fcge<br \/>\n<span style=\"color: #00b901;\">\u2713 <\/span>Unterst\u00fctzungssystem f\u00fcr Windows, Mac OS, Linux<br \/>\n<span style=\"color: #00b901;\">\u2713 <\/span>Batteriekapazit\u00e4t 200mAh (90 Minuten)<br \/>\n<span style=\"color: #00b901;\">\u2713 <\/span>Betriebsdauer ca. 100 Minuten bei 1080P 30fps<br \/>\n<span style=\"color: #00b901;\">\u2713 <\/span>Ladezeit ca. 2 - 3 Stunden<br \/>\n<span style=\"color: #00b901;\">\u2713 <\/span>Ladespannung DC 5V<br \/>\n<span style=\"color: #00b901;\">\u2713 <\/span>Schnittstellentyp Mini 8 pin USB<br \/>\n<span style=\"color: #00b901;\">\u2713 <\/span>Kabell\u00e4nge 60cm<br \/>\n<span style=\"color: #00b901;\">\u2713 <\/span>Garantie 12 Monate<\/p>\n<p>Kein gutes Geld zur\u00fcck!<\/p>\n<p>Verpackungsinhalt:<br \/>\n1 x Bedienungsanleitung in Niederl\u00e4ndisch, Deutsch, Franz\u00f6sisch und Englisch<br \/>\n1 x Mini-Spionagekamera Full HD 1080P<br \/>\n1 x 32 GB Speicherkarte<br \/>\n1 x Micro-USB-Ladekabel<br \/>\n1x Wandhalterung und Clip<\/p>\n<p>Copyright \u00a9<br \/>\nDiese Produktbeschreibung und Abbildungen wurden von KUUS erstellt und d\u00fcrfen ohne Genehmigung von KUUS nicht vervielf\u00e4ltigt und oder offengelegt werden.<\/p>\n<\/div>\n","protected":false},"excerpt":{"rendered":"<p>Kleine Kamera, sehr kompakte Mini Spionage und \u00dcberwachungskamera, ohne WLAN und ohne App, Dateien werden lokal auf SD Karte gespeichert<\/p>\n","protected":false},"featured_media":447547,"comment_status":"open","ping_status":"closed","template":"","meta":{"_acf_changed":false,"inline_featured_image":false},"product_brand":[],"product_cat":[114],"product_tag":[],"woo-feed-brand":[],"class_list":{"0":"post-12905","1":"product","2":"type-product","3":"status-publish","4":"has-post-thumbnail","6":"product_cat-mini-spionagekamera","8":"first","9":"outofstock","10":"taxable","11":"shipping-taxable","12":"purchasable","13":"product-type-variable"},"bundled_by":["23245"],"bundle_stock_status":"outofstock","bundle_stock_quantity":0,"bundle_virtual":false,"bundle_layout":"","bundle_add_to_cart_form_location":"","bundle_editable_in_cart":false,"bundle_sold_individually_context":"","bundle_item_grouping":"","bundle_min_size":"","bundle_max_size":"","bundle_price":[],"bundled_items":[],"bundle_sell_ids":[],"acf":[],"yoast_head":"<!-- This site is optimized with the Yoast SEO plugin v27.3 - https:\/\/yoast.com\/product\/yoast-seo-wordpress\/ -->\n<title>KUUS C1 Mini versteckte Spionagekamera | 32 GB | FULL HD<\/title>\n<meta name=\"description\" content=\"Die kleinste Verbraucherkamera Europas \u2713 Drahtlose Sicherheitskamera \u2713 Bei Bestellung vor 22:00 Uhr, morgen diskret geliefert \u2713 W\u00fcrfelgro\u00df\" \/>\n<meta name=\"robots\" content=\"index, follow, max-snippet:-1, max-image-preview:large, max-video-preview:-1\" \/>\n<link rel=\"canonical\" href=\"https:\/\/kuus.shop\/de\/einkaufsseite\/mini-spionagekamera\/kuus-c1-mini-versteckte-spionagekamera-sicherheitskamera-mit-32-gb-speicherkarte-full-hd-1080p\/\" \/>\n<meta property=\"og:locale\" content=\"de_DE\" \/>\n<meta property=\"og:type\" content=\"article\" \/>\n<meta property=\"og:title\" content=\"KUUS C1 Mini versteckte Spionagekamera | 32 GB | FULL HD\" \/>\n<meta property=\"og:description\" content=\"Die kleinste Verbraucherkamera Europas \u2713 Drahtlose Sicherheitskamera \u2713 Bei Bestellung vor 22:00 Uhr, morgen diskret geliefert \u2713 W\u00fcrfelgro\u00df\" \/>\n<meta property=\"og:url\" content=\"https:\/\/kuus.shop\/de\/einkaufsseite\/mini-spionagekamera\/kuus-c1-mini-versteckte-spionagekamera-sicherheitskamera-mit-32-gb-speicherkarte-full-hd-1080p\/\" \/>\n<meta property=\"og:site_name\" content=\"KUUS.\" \/>\n<meta property=\"article:publisher\" content=\"https:\/\/www.facebook.com\/Kuus.nederland\/\" \/>\n<meta property=\"article:modified_time\" content=\"2026-04-19T19:06:51+00:00\" \/>\n<meta property=\"og:image\" content=\"https:\/\/kuus.shop\/wp-content\/uploads\/2023\/02\/kuus-c1-mini-spy-camera-verborgen-camera-bewaking.webp\" \/>\n\t<meta property=\"og:image:width\" content=\"1272\" \/>\n\t<meta property=\"og:image:height\" content=\"1200\" \/>\n\t<meta property=\"og:image:type\" content=\"image\/webp\" \/>\n<meta name=\"twitter:card\" content=\"summary_large_image\" \/>\n<meta name=\"twitter:label1\" content=\"Gesch\u00e4tzte Lesezeit\" \/>\n\t<meta name=\"twitter:data1\" content=\"6 Minuten\" \/>\n<script type=\"application\/ld+json\" class=\"yoast-schema-graph\">{\"@context\":\"https:\\\/\\\/schema.org\",\"@graph\":[{\"@type\":\"WebPage\",\"@id\":\"https:\\\/\\\/kuus.shop\\\/de\\\/einkaufsseite\\\/mini-spionagekamera\\\/kuus-c1-mini-versteckte-spionagekamera-sicherheitskamera-mit-32-gb-speicherkarte-full-hd-1080p\\\/\",\"url\":\"https:\\\/\\\/kuus.shop\\\/de\\\/einkaufsseite\\\/mini-spionagekamera\\\/kuus-c1-mini-versteckte-spionagekamera-sicherheitskamera-mit-32-gb-speicherkarte-full-hd-1080p\\\/\",\"name\":\"KUUS C1 Mini versteckte Spionagekamera | 32 GB | FULL HD\",\"isPartOf\":{\"@id\":\"https:\\\/\\\/kuus.shop\\\/de\\\/#website\"},\"primaryImageOfPage\":{\"@id\":\"https:\\\/\\\/kuus.shop\\\/de\\\/einkaufsseite\\\/mini-spionagekamera\\\/kuus-c1-mini-versteckte-spionagekamera-sicherheitskamera-mit-32-gb-speicherkarte-full-hd-1080p\\\/#primaryimage\"},\"image\":{\"@id\":\"https:\\\/\\\/kuus.shop\\\/de\\\/einkaufsseite\\\/mini-spionagekamera\\\/kuus-c1-mini-versteckte-spionagekamera-sicherheitskamera-mit-32-gb-speicherkarte-full-hd-1080p\\\/#primaryimage\"},\"thumbnailUrl\":\"https:\\\/\\\/kuus.shop\\\/wp-content\\\/uploads\\\/2023\\\/02\\\/kuus-c1-mini-spy-camera-verborgen-camera-bewaking.webp\",\"datePublished\":\"2023-02-20T07:45:44+00:00\",\"dateModified\":\"2026-04-19T19:06:51+00:00\",\"description\":\"Die kleinste Verbraucherkamera Europas \u2713 Drahtlose Sicherheitskamera \u2713 Bei Bestellung vor 22:00 Uhr, morgen diskret geliefert \u2713 W\u00fcrfelgro\u00df\",\"breadcrumb\":{\"@id\":\"https:\\\/\\\/kuus.shop\\\/de\\\/einkaufsseite\\\/mini-spionagekamera\\\/kuus-c1-mini-versteckte-spionagekamera-sicherheitskamera-mit-32-gb-speicherkarte-full-hd-1080p\\\/#breadcrumb\"},\"inLanguage\":\"de\",\"potentialAction\":[{\"@type\":\"ReadAction\",\"target\":[\"https:\\\/\\\/kuus.shop\\\/de\\\/einkaufsseite\\\/mini-spionagekamera\\\/kuus-c1-mini-versteckte-spionagekamera-sicherheitskamera-mit-32-gb-speicherkarte-full-hd-1080p\\\/\"]}]},{\"@type\":\"ImageObject\",\"inLanguage\":\"de\",\"@id\":\"https:\\\/\\\/kuus.shop\\\/de\\\/einkaufsseite\\\/mini-spionagekamera\\\/kuus-c1-mini-versteckte-spionagekamera-sicherheitskamera-mit-32-gb-speicherkarte-full-hd-1080p\\\/#primaryimage\",\"url\":\"https:\\\/\\\/kuus.shop\\\/wp-content\\\/uploads\\\/2023\\\/02\\\/kuus-c1-mini-spy-camera-verborgen-camera-bewaking.webp\",\"contentUrl\":\"https:\\\/\\\/kuus.shop\\\/wp-content\\\/uploads\\\/2023\\\/02\\\/kuus-c1-mini-spy-camera-verborgen-camera-bewaking.webp\",\"width\":1272,\"height\":1200,\"caption\":\"KUUS. C1 Mini Spionagekamera ohne Wi-Fi\"},{\"@type\":\"BreadcrumbList\",\"@id\":\"https:\\\/\\\/kuus.shop\\\/de\\\/einkaufsseite\\\/mini-spionagekamera\\\/kuus-c1-mini-versteckte-spionagekamera-sicherheitskamera-mit-32-gb-speicherkarte-full-hd-1080p\\\/#breadcrumb\",\"itemListElement\":[{\"@type\":\"ListItem\",\"position\":1,\"name\":\"KUUS.\",\"item\":\"https:\\\/\\\/kuus.shop\\\/de\\\/\"},{\"@type\":\"ListItem\",\"position\":2,\"name\":\"Shop\",\"item\":\"https:\\\/\\\/kuus.shop\\\/de\\\/shop\\\/\"},{\"@type\":\"ListItem\",\"position\":3,\"name\":\"Minikamera\",\"item\":\"https:\\\/\\\/kuus.shop\\\/de\\\/mini-spionagekamera\\\/\"},{\"@type\":\"ListItem\",\"position\":4,\"name\":\"KUUS C1 Mini Kamera, Kleine \u00dcberwachungskamera Ohne WLAN 2,3 cm. Micro Camera f\u00fcr Innen, Kleine Kamera, Modelleisenbahn Kamera, Tonaufnahme Mit Ton\"}]},{\"@type\":\"WebSite\",\"@id\":\"https:\\\/\\\/kuus.shop\\\/de\\\/#website\",\"url\":\"https:\\\/\\\/kuus.shop\\\/de\\\/\",\"name\":\"KUUS.\",\"description\":\"Watch your valuables\",\"publisher\":{\"@id\":\"https:\\\/\\\/kuus.shop\\\/de\\\/#organization\"},\"potentialAction\":[{\"@type\":\"SearchAction\",\"target\":{\"@type\":\"EntryPoint\",\"urlTemplate\":\"https:\\\/\\\/kuus.shop\\\/de\\\/?s={search_term_string}\"},\"query-input\":{\"@type\":\"PropertyValueSpecification\",\"valueRequired\":true,\"valueName\":\"search_term_string\"}}],\"inLanguage\":\"de\"},{\"@type\":\"Organization\",\"@id\":\"https:\\\/\\\/kuus.shop\\\/de\\\/#organization\",\"name\":\"KUUS.\",\"url\":\"https:\\\/\\\/kuus.shop\",\"logo\":{\"@type\":\"ImageObject\",\"inLanguage\":\"de\",\"@id\":\"https:\\\/\\\/kuus.shop\\\/de\\\/#\\\/schema\\\/logo\\\/image\\\/\",\"url\":\"https:\\\/\\\/kuus.shop\\\/wp-content\\\/uploads\\\/2023\\\/06\\\/groot-vierkant-2000x2000-1.png\",\"contentUrl\":\"https:\\\/\\\/kuus.shop\\\/wp-content\\\/uploads\\\/2023\\\/06\\\/groot-vierkant-2000x2000-1.png\",\"width\":2000,\"height\":2000,\"caption\":\"KUUS.\"},\"image\":{\"@id\":\"https:\\\/\\\/kuus.shop\\\/de\\\/#\\\/schema\\\/logo\\\/image\\\/\"},\"sameAs\":[\"https:\\\/\\\/www.facebook.com\\\/Kuus.nederland\\\/\",\"https:\\\/\\\/www.instagram.com\\\/kuus.nederland\\\/\"],\"legalName\":\"WCMK B.V\",\"alternateName\":\"KUUS\"}]}<\/script>\n<!-- \/ Yoast SEO plugin. -->","yoast_head_json":{"title":"KUUS C1 Mini versteckte Spionagekamera | 32 GB | FULL HD","description":"Die kleinste Verbraucherkamera Europas \u2713 Drahtlose Sicherheitskamera \u2713 Bei Bestellung vor 22:00 Uhr, morgen diskret geliefert \u2713 W\u00fcrfelgro\u00df","robots":{"index":"index","follow":"follow","max-snippet":"max-snippet:-1","max-image-preview":"max-image-preview:large","max-video-preview":"max-video-preview:-1"},"canonical":"https:\/\/kuus.shop\/de\/einkaufsseite\/mini-spionagekamera\/kuus-c1-mini-versteckte-spionagekamera-sicherheitskamera-mit-32-gb-speicherkarte-full-hd-1080p\/","og_locale":"de_DE","og_type":"article","og_title":"KUUS C1 Mini versteckte Spionagekamera | 32 GB | FULL HD","og_description":"Die kleinste Verbraucherkamera Europas \u2713 Drahtlose Sicherheitskamera \u2713 Bei Bestellung vor 22:00 Uhr, morgen diskret geliefert \u2713 W\u00fcrfelgro\u00df","og_url":"https:\/\/kuus.shop\/de\/einkaufsseite\/mini-spionagekamera\/kuus-c1-mini-versteckte-spionagekamera-sicherheitskamera-mit-32-gb-speicherkarte-full-hd-1080p\/","og_site_name":"KUUS.","article_publisher":"https:\/\/www.facebook.com\/Kuus.nederland\/","article_modified_time":"2026-04-19T19:06:51+00:00","og_image":[{"width":1272,"height":1200,"url":"https:\/\/kuus.shop\/wp-content\/uploads\/2023\/02\/kuus-c1-mini-spy-camera-verborgen-camera-bewaking.webp","type":"image\/webp"}],"twitter_card":"summary_large_image","twitter_misc":{"Gesch\u00e4tzte Lesezeit":"6 Minuten"},"schema":{"@context":"https:\/\/schema.org","@graph":[{"@type":"WebPage","@id":"https:\/\/kuus.shop\/de\/einkaufsseite\/mini-spionagekamera\/kuus-c1-mini-versteckte-spionagekamera-sicherheitskamera-mit-32-gb-speicherkarte-full-hd-1080p\/","url":"https:\/\/kuus.shop\/de\/einkaufsseite\/mini-spionagekamera\/kuus-c1-mini-versteckte-spionagekamera-sicherheitskamera-mit-32-gb-speicherkarte-full-hd-1080p\/","name":"KUUS C1 Mini versteckte Spionagekamera | 32 GB | FULL HD","isPartOf":{"@id":"https:\/\/kuus.shop\/de\/#website"},"primaryImageOfPage":{"@id":"https:\/\/kuus.shop\/de\/einkaufsseite\/mini-spionagekamera\/kuus-c1-mini-versteckte-spionagekamera-sicherheitskamera-mit-32-gb-speicherkarte-full-hd-1080p\/#primaryimage"},"image":{"@id":"https:\/\/kuus.shop\/de\/einkaufsseite\/mini-spionagekamera\/kuus-c1-mini-versteckte-spionagekamera-sicherheitskamera-mit-32-gb-speicherkarte-full-hd-1080p\/#primaryimage"},"thumbnailUrl":"https:\/\/kuus.shop\/wp-content\/uploads\/2023\/02\/kuus-c1-mini-spy-camera-verborgen-camera-bewaking.webp","datePublished":"2023-02-20T07:45:44+00:00","dateModified":"2026-04-19T19:06:51+00:00","description":"Die kleinste Verbraucherkamera Europas \u2713 Drahtlose Sicherheitskamera \u2713 Bei Bestellung vor 22:00 Uhr, morgen diskret geliefert \u2713 W\u00fcrfelgro\u00df","breadcrumb":{"@id":"https:\/\/kuus.shop\/de\/einkaufsseite\/mini-spionagekamera\/kuus-c1-mini-versteckte-spionagekamera-sicherheitskamera-mit-32-gb-speicherkarte-full-hd-1080p\/#breadcrumb"},"inLanguage":"de","potentialAction":[{"@type":"ReadAction","target":["https:\/\/kuus.shop\/de\/einkaufsseite\/mini-spionagekamera\/kuus-c1-mini-versteckte-spionagekamera-sicherheitskamera-mit-32-gb-speicherkarte-full-hd-1080p\/"]}]},{"@type":"ImageObject","inLanguage":"de","@id":"https:\/\/kuus.shop\/de\/einkaufsseite\/mini-spionagekamera\/kuus-c1-mini-versteckte-spionagekamera-sicherheitskamera-mit-32-gb-speicherkarte-full-hd-1080p\/#primaryimage","url":"https:\/\/kuus.shop\/wp-content\/uploads\/2023\/02\/kuus-c1-mini-spy-camera-verborgen-camera-bewaking.webp","contentUrl":"https:\/\/kuus.shop\/wp-content\/uploads\/2023\/02\/kuus-c1-mini-spy-camera-verborgen-camera-bewaking.webp","width":1272,"height":1200,"caption":"KUUS. C1 Mini Spionagekamera ohne Wi-Fi"},{"@type":"BreadcrumbList","@id":"https:\/\/kuus.shop\/de\/einkaufsseite\/mini-spionagekamera\/kuus-c1-mini-versteckte-spionagekamera-sicherheitskamera-mit-32-gb-speicherkarte-full-hd-1080p\/#breadcrumb","itemListElement":[{"@type":"ListItem","position":1,"name":"KUUS.","item":"https:\/\/kuus.shop\/de\/"},{"@type":"ListItem","position":2,"name":"Shop","item":"https:\/\/kuus.shop\/de\/shop\/"},{"@type":"ListItem","position":3,"name":"Minikamera","item":"https:\/\/kuus.shop\/de\/mini-spionagekamera\/"},{"@type":"ListItem","position":4,"name":"KUUS C1 Mini Kamera, Kleine \u00dcberwachungskamera Ohne WLAN 2,3 cm. Micro Camera f\u00fcr Innen, Kleine Kamera, Modelleisenbahn Kamera, Tonaufnahme Mit Ton"}]},{"@type":"WebSite","@id":"https:\/\/kuus.shop\/de\/#website","url":"https:\/\/kuus.shop\/de\/","name":"KUUS.","description":"Watch your valuables","publisher":{"@id":"https:\/\/kuus.shop\/de\/#organization"},"potentialAction":[{"@type":"SearchAction","target":{"@type":"EntryPoint","urlTemplate":"https:\/\/kuus.shop\/de\/?s={search_term_string}"},"query-input":{"@type":"PropertyValueSpecification","valueRequired":true,"valueName":"search_term_string"}}],"inLanguage":"de"},{"@type":"Organization","@id":"https:\/\/kuus.shop\/de\/#organization","name":"KUUS.","url":"https:\/\/kuus.shop","logo":{"@type":"ImageObject","inLanguage":"de","@id":"https:\/\/kuus.shop\/de\/#\/schema\/logo\/image\/","url":"https:\/\/kuus.shop\/wp-content\/uploads\/2023\/06\/groot-vierkant-2000x2000-1.png","contentUrl":"https:\/\/kuus.shop\/wp-content\/uploads\/2023\/06\/groot-vierkant-2000x2000-1.png","width":2000,"height":2000,"caption":"KUUS."},"image":{"@id":"https:\/\/kuus.shop\/de\/#\/schema\/logo\/image\/"},"sameAs":["https:\/\/www.facebook.com\/Kuus.nederland\/","https:\/\/www.instagram.com\/kuus.nederland\/"],"legalName":"WCMK B.V","alternateName":"KUUS"}]}},"_links":{"self":[{"href":"https:\/\/kuus.shop\/de\/wp-json\/wp\/v2\/product\/12905","targetHints":{"allow":["GET"]}}],"collection":[{"href":"https:\/\/kuus.shop\/de\/wp-json\/wp\/v2\/product"}],"about":[{"href":"https:\/\/kuus.shop\/de\/wp-json\/wp\/v2\/types\/product"}],"replies":[{"embeddable":true,"href":"https:\/\/kuus.shop\/de\/wp-json\/wp\/v2\/comments?post=12905"}],"wp:featuredmedia":[{"embeddable":true,"href":"https:\/\/kuus.shop\/de\/wp-json\/wp\/v2\/media\/447547"}],"wp:attachment":[{"href":"https:\/\/kuus.shop\/de\/wp-json\/wp\/v2\/media?parent=12905"}],"wp:term":[{"taxonomy":"product_brand","embeddable":true,"href":"https:\/\/kuus.shop\/de\/wp-json\/wp\/v2\/product_brand?post=12905"},{"taxonomy":"product_cat","embeddable":true,"href":"https:\/\/kuus.shop\/de\/wp-json\/wp\/v2\/product_cat?post=12905"},{"taxonomy":"product_tag","embeddable":true,"href":"https:\/\/kuus.shop\/de\/wp-json\/wp\/v2\/product_tag?post=12905"},{"taxonomy":"woo-feed-brand","embeddable":true,"href":"https:\/\/kuus.shop\/de\/wp-json\/wp\/v2\/woo-feed-brand?post=12905"}],"curies":[{"name":"wp","href":"https:\/\/api.w.org\/{rel}","templated":true}]}}