{"id":12901,"date":"2023-02-21T12:36:31","date_gmt":"2023-02-21T12:36:31","guid":{"rendered":"https:\/\/kuus.shop\/unkategorisiert\/kuus-w2-kinder-smartwatch-kinderuhr-mit-gps-tracker-gps-uhr-kind-videotelefonie-funktion-4g-netzwerk\/"},"modified":"2026-04-07T15:35:54","modified_gmt":"2026-04-07T14:35:54","slug":"kuus-w2-kinder-smartwatch-kinderuhr-mit-gps-tracker-gps-uhr-kind-videotelefonie-funktion-4g-netzwerk","status":"publish","type":"product","link":"https:\/\/kuus.shop\/de\/einkaufsseite\/smartwatch-kinder\/kuus-w2-kinder-smartwatch-kinderuhr-mit-gps-tracker-gps-uhr-kind-videotelefonie-funktion-4g-netzwerk\/","title":{"rendered":"KUUS. W2 GPS-Uhr f\u00fcr Kinder ohne Spiele"},"content":{"rendered":"<p><strong>KUUS. Smartwatch f\u00fcr Kinder mit GPS-Funktion Modell W2<\/strong><\/p>\n<p>Seine Hauptfunktion ist es, Kindern ein sicheres Spielen zu erm\u00f6glichen. Die Eltern wissen immer, wo ihr Kind ist, und die integrierte Telefonfunktion erm\u00f6glicht es den Kindern, ihre Eltern anzurufen und umgekehrt.<\/p>\n<div class=\"extra-content\">\n<p><strong>Smartwatch ohne Spiele<\/strong><br \/>\nDie KUUS. Die W2 Smartwatch f\u00fcr Kinder hat keine Spiele. Diese Kinderuhr ist wirklich als intelligentes Werkzeug mit GPS-Tracker und Kommunikations-Smartwatch f\u00fcr Kinder gedacht. Sorgen Sie daf\u00fcr, dass Ihre Kinder im Stra\u00dfenverkehr nicht abgelenkt werden. Deshalb hat das Modell KUUS W2 keine Spiele auf der Uhr. Sicheres Spielen im Freien ohne Ablenkung.<\/p>\n<p><strong>Kinder-Smartwatch mit Videoanruf<\/strong><br \/>\nZus\u00e4tzlich zur GPS-Ortung ist es jetzt auch m\u00f6glich, Ihren Sohn oder Ihre Tochter per Video anzurufen! Von unserem neuen KUUS. Achten Sie auf Ihre Wertsachen App ist es jetzt m\u00f6glich, Ihren Kleinen per Video anzurufen! Dies geschieht \u00fcber das Internet mit der mitgelieferten SIM-Karte<\/p>\n<p><strong>Wasserdicht IP67<\/strong><br \/>\nDie neue W2 GPS-Uhr f\u00fcr Kinder ist bis zu 30 Minuten in einer Tiefe von 1 Meter wasserdicht. Ideal f\u00fcr einen Sommertag mit der Wasserpistole! Diese Uhr ist auch beim Wintersport oder im Schnee zu empfehlen.<\/p>\n<p><strong>KUUS. Smartwatch f\u00fcr Kinder mit Anruffunktion<\/strong><br \/>\nDie KUUS. Die W2 GPS-Uhr verf\u00fcgt \u00fcber eine integrierte Anruffunktion. Das bedeutet, dass Ihr Kind Sie jederzeit anrufen kann. Die Uhr muss nicht mit einem Telefon verbunden werden, da sich eine SIM-Karte in der Kinder-Smartwatch befindet (im Lieferumfang enthalten). Au\u00dferdem k\u00f6nnen Sie Ihr Kind anrufen und ihm Nachrichten schicken. Die Nachrichten k\u00f6nnen Textnachrichten oder Sprachnachrichten sein. Die Uhr vibriert, wenn sie Anrufe oder Nachrichten erh\u00e4lt. Die Nachrichten werden auf dem Bildschirm der Uhr angezeigt.<\/p>\n<p><strong>GPS-Uhr Kind mit Alarmfunktion<br \/>\n<\/strong>An der Seite des KUUS. Die GPS-Uhr f\u00fcr Kinder verf\u00fcgt \u00fcber einen Notrufknopf. Wenn Sie diese Taste dr\u00fccken, kann Ihr Kind Sie jederzeit anrufen. Es k\u00f6nnen bis zu 3 SOS-Nummern eingestellt werden. Es gibt auch ein Telefonbuch, in dem Sie weitere 10 Nummern speichern k\u00f6nnen, damit Ihr Kind z.B. auch Opa, Oma und Freunde anrufen kann.<\/p>\n<p><strong>Kostenlose deutsche App mit Live-GPS-Ortung<br \/>\n<\/strong>Mit der lebenslangen kostenlosen App f\u00fcr Ihr Telefon (also ohne monatliche Geb\u00fchren oder Werbung) k\u00f6nnen Sie immer sehen, wo Ihr Kind ist. Es ist sogar m\u00f6glich, einen Sicherheitsbereich festzulegen (z.B. einen Spielplatz). Wird sich Ihr Kind au\u00dferhalb dieses Bereichs aufhalten? Dann erhalten Sie eine Benachrichtigung. Au\u00dferdem k\u00f6nnen Sie einen Alarm \/ Wecker stellen, z.B. jeden Tag um 8:00 Uhr, um Medikamente einzunehmen.<\/p>\n<p><strong>Walkie Talkie Funktion<br \/>\n<\/strong>Herumspielen? Zusammen mit Freunden macht das noch mehr Spa\u00df! Die Walkie Talkie Funktion des KUUS. Die GPS-Uhr erm\u00f6glicht es Kindern, miteinander zu kommunizieren. Das macht es den Kindern leicht, untereinander Freunde zu finden und sich z.B. auf dem Spielplatz zu verabreden.<\/p>\n<p>So funktioniert es. Speichern Sie die Telefonnummer Ihres besten Freundes auf Ihrer Uhr und rufen Sie von Uhr zu Uhr an. Im ersten Monat nach dem Aufladen sind Anrufe von Lebara zu Lebara sogar kostenlos. Wenn also beide Freunde die mitgelieferte Lebara SIM-Karte verwenden, ist es kostenlos! \ud83e\udd73<\/p>\n<p><strong>KUUS. GPS-Tracker Kind mit kostenloser SIM-Karte<br \/>\n<\/strong>Die GPS-Smartwatch f\u00fcr Kinder funktioniert in jedem Netzwerk. Als Service erhalten Sie sofort eine kostenlose, kosteng\u00fcnstige Prepaid-SIM-Karte im zuverl\u00e4ssigen KPN-Netz (Lebara). Es gibt ein Startguthaben von 5 \u20ac auf der SIM-Karte, damit Sie das Produkt Plug&amp;Play sofort nutzen k\u00f6nnen! Wir haben dies getestet und es funktioniert in ganz Europa, auch in Belgien oder im Urlaub! Bei der ersten und zweiten Aufladung erhalten Sie jeweils 5\u20ac zus\u00e4tzliches Guthaben, also insgesamt 15\u20ac kostenloses Guthaben.<br \/>\n- Internet kostet (Daten) etwa 1 \u20ac pro Monat. (um den GPS-Standort zu sehen, Nachrichten zu senden und Videoanrufe zu t\u00e4tigen)<br \/>\n- Anrufe von der Uhr werden minutenweise abgerechnet (0,09 \u20ac). Das sind nur 0,0015 \u20ac-Cent pro Sekunde!<br \/>\n- Anrufe an die Uhr sind kostenlos.<br \/>\nIn der Lebara App haben Sie einen \u00dcberblick \u00fcber die Kosten der Uhr.<br \/>\nW\u00e4hlen Sie Prepaid Lebara ONE Gespr\u00e4chsguthaben, also kein Abonnement!<br \/>\nWas von diesem Gespr\u00e4chsguthaben nicht verwendet wird, k\u00f6nnen Sie im n\u00e4chsten Monat verwenden.<\/p>\n<p><strong>Produktspezifikationen:<br \/>\n<\/strong><span style=\"color: #00b901;\">\u2713<\/span> Neu: Videogespr\u00e4che mit Ihrem Kind<br \/>\n<span style=\"color: #00b901;\">\u2713<\/span> Einfacher Anruf mit dem Notrufknopf. Ihr Kind kann Sie in bedrohlichen Situationen leicht erreichen.<br \/>\n<span style=\"color: #00b901;\">\u2713<\/span> Mit 12 verschiedenen Zifferblattdesigns kann Ihr Kind schnell lernen, die Uhr zu lesen. W\u00e4hlen Sie entweder eine digitale oder eine analoge Uhr.<br \/>\n\u2713 <span style=\"color: #00b901;\">Sehen Sie<\/span> den Standort Ihres Kindes auf dem Smartphone<br \/>\n<span style=\"color: #00b901;\">\u2713<\/span> Arbeitet in ganz Europa<br \/>\n<span style=\"color: #00b901;\">\u2713<\/span> Produkt enth\u00e4lt kostenlose SIM-Karte (zuverl\u00e4ssiges KPN-Netz)<br \/>\n<span style=\"color: #00b901;\">\u2713<\/span> Mit einstellbarem Sicherheitsbereich, in dem sich Ihr Kind bewegen darf. Es kommt KUUS. hier aufpassen? Dann erhalten Sie eine Benachrichtigung.<br \/>\n<span style=\"color: #00b901;\">\u2713<\/span> Benutzerfreundlich, innerhalb weniger Minuten einsatzbereit<br \/>\n<span style=\"color: #00b901;\">\u2713<\/span> Schrittz\u00e4hler<br \/>\n<span style=\"color: #00b901;\">\u2713<\/span> WiFi-Verbindung f\u00fcr genaue Indoor-Ortung<br \/>\n<span style=\"color: #00b901;\">\u2713<\/span> GPS Genauigkeit: 10 Meter<br \/>\n<span style=\"color: #00b901;\">\u2713<\/span> Material: Kunststoff und Silikonband<br \/>\n<span style=\"color: #00b901;\">\u2713<\/span> Batterielebensdauer 1 bis 2 Tage<br \/>\n<span style=\"color: #00b901;\">\u2713<\/span> Kostenlose App<br \/>\n<span style=\"color: #00b901;\">\u2713<\/span> IP67 wasserdicht. F\u00fcr den t\u00e4glichen Gebrauch (funktioniert also auch bei Regen oder am Strand \/ beim Snowboarden \/ Skifahren)<br \/>\n<span style=\"color: #00b901;\">\u2713<\/span> Telefonbuch f\u00fcr 10 Kontakte<br \/>\n<span style=\"color: #00b901;\">\u2713<\/span> Mindestumfang des Handgelenks 10 cm<br \/>\n<span style=\"color: #00b901;\">\u2713<\/span> Meldung bei niedrigem Batteriestand<br \/>\n<span style=\"color: #00b901;\">\u2713<\/span> Touchscreen mit Farben<br \/>\n<span style=\"color: #00b901;\">\u2713<\/span> Uhr vibriert bei Anruf oder Nachricht<br \/>\n<span style=\"color: #00b901;\">\u2713<\/span> Ohne monatliches Abonnement. Nur die \u00fcblichen Telefon- oder Internetgeb\u00fchren<br \/>\n<span style=\"color: #00b901;\">\u2713<\/span> Verfolgen Sie mehrere Uhren gleichzeitig<\/p>\n<p>Kein gutes Geld zur\u00fcck!<\/p>\n<p><strong>Packungsinhalt:<br \/>\n<\/strong>1 x Deutsches Handbuch<br \/>\n1 x GPS Uhr Kind Modell W2<br \/>\n1 x Bildschirmschutz aus Kunststoff. Glas-Bildschirmschutz separat erh\u00e4ltlich.<br \/>\n1 x Ladekabel micro USB<br \/>\n1x Prepaid SIM-Karte f\u00fcr ganz Europa!<\/p>\n<p>Copyright \u00a9<br \/>\nDiese Produktbeschreibung und Bilder wurden von KUUS. erstellt und d\u00fcrfen ohne Genehmigung von KUUS. nicht von anderen verwendet werden. vervielf\u00e4ltigt und\/oder offengelegt werden.<\/p>\n<\/div>\n","protected":false},"excerpt":{"rendered":"<p>Kinderuhr mit GPS-Tracker f\u00fcr Ihr Kind. Eine Kinder-Smartwatch von KUUS ist eine Kinderuhr mit Klingelfunktion. GPS-Uhr f\u00fcr Kinder<\/p>\n<p><strong>Die KUUS W2 GPS-Uhr f\u00fcr Kinder ist aus unserem Sortiment. Diese wurde durch die <a href=\"https:\/\/kuus.shop\/de\/notruf-uhr-senioren\/kuus-s5\/\">S5 Notfalluhr<\/a>\u00a0ersetzt<\/strong><\/p>\n","protected":false},"featured_media":447591,"comment_status":"open","ping_status":"closed","template":"","meta":{"_acf_changed":false,"inline_featured_image":false},"product_brand":[],"product_cat":[123],"product_tag":[],"woo-feed-brand":[],"class_list":{"0":"post-12901","1":"product","2":"type-product","3":"status-publish","4":"has-post-thumbnail","6":"product_cat-smartwatch-kinder","8":"first","9":"instock","10":"taxable","11":"shipping-taxable","12":"purchasable","13":"product-type-variable","14":"has-default-attributes"},"bundled_by":["23246","23249","23249","23249"],"bundle_stock_status":"instock","bundle_stock_quantity":3,"bundle_virtual":false,"bundle_layout":"","bundle_add_to_cart_form_location":"","bundle_editable_in_cart":false,"bundle_sold_individually_context":"","bundle_item_grouping":"","bundle_min_size":"","bundle_max_size":"","bundle_price":[],"bundled_items":[],"bundle_sell_ids":[],"acf":[],"yoast_head":"<!-- This site is optimized with the Yoast SEO plugin v27.3 - https:\/\/yoast.com\/product\/yoast-seo-wordpress\/ -->\n<title>KUUS. W2 | Kinderuhr mit GPS-Tracker - KUUS.<\/title>\n<meta name=\"description\" content=\"Entdecken Sie die KUUS W2, die Smartwatch f\u00fcr Kinder mit (Video-)Anruffunktion, GPS-Tracker, Alarmfunktion und Notrufknopf im 4G-Netz.\" \/>\n<meta name=\"robots\" content=\"index, follow, max-snippet:-1, max-image-preview:large, max-video-preview:-1\" \/>\n<link rel=\"canonical\" href=\"https:\/\/kuus.shop\/de\/einkaufsseite\/smartwatch-kinder\/kuus-w2-kinder-smartwatch-kinderuhr-mit-gps-tracker-gps-uhr-kind-videotelefonie-funktion-4g-netzwerk\/\" \/>\n<meta property=\"og:locale\" content=\"de_DE\" \/>\n<meta property=\"og:type\" content=\"article\" \/>\n<meta property=\"og:title\" content=\"KUUS. W2 | Kinderuhr mit GPS-Tracker - KUUS.\" \/>\n<meta property=\"og:description\" content=\"Entdecken Sie die KUUS W2, die Smartwatch f\u00fcr Kinder mit (Video-)Anruffunktion, GPS-Tracker, Alarmfunktion und Notrufknopf im 4G-Netz.\" \/>\n<meta property=\"og:url\" content=\"https:\/\/kuus.shop\/de\/einkaufsseite\/smartwatch-kinder\/kuus-w2-kinder-smartwatch-kinderuhr-mit-gps-tracker-gps-uhr-kind-videotelefonie-funktion-4g-netzwerk\/\" \/>\n<meta property=\"og:site_name\" content=\"KUUS.\" \/>\n<meta property=\"article:publisher\" content=\"https:\/\/www.facebook.com\/Kuus.nederland\/\" \/>\n<meta property=\"article:modified_time\" content=\"2026-04-07T14:35:54+00:00\" \/>\n<meta property=\"og:image\" content=\"https:\/\/kuus.shop\/wp-content\/uploads\/2023\/02\/gps-horloge-kind-blauw.webp\" \/>\n\t<meta property=\"og:image:width\" content=\"600\" \/>\n\t<meta property=\"og:image:height\" content=\"600\" \/>\n\t<meta property=\"og:image:type\" content=\"image\/webp\" \/>\n<meta name=\"twitter:card\" content=\"summary_large_image\" \/>\n<meta name=\"twitter:label1\" content=\"Gesch\u00e4tzte Lesezeit\" \/>\n\t<meta name=\"twitter:data1\" content=\"6 Minuten\" \/>\n<script type=\"application\/ld+json\" class=\"yoast-schema-graph\">{\"@context\":\"https:\\\/\\\/schema.org\",\"@graph\":[{\"@type\":\"WebPage\",\"@id\":\"https:\\\/\\\/kuus.shop\\\/de\\\/einkaufsseite\\\/smartwatch-kinder\\\/kuus-w2-kinder-smartwatch-kinderuhr-mit-gps-tracker-gps-uhr-kind-videotelefonie-funktion-4g-netzwerk\\\/\",\"url\":\"https:\\\/\\\/kuus.shop\\\/de\\\/einkaufsseite\\\/smartwatch-kinder\\\/kuus-w2-kinder-smartwatch-kinderuhr-mit-gps-tracker-gps-uhr-kind-videotelefonie-funktion-4g-netzwerk\\\/\",\"name\":\"KUUS. W2 | Kinderuhr mit GPS-Tracker - KUUS.\",\"isPartOf\":{\"@id\":\"https:\\\/\\\/kuus.shop\\\/de\\\/#website\"},\"primaryImageOfPage\":{\"@id\":\"https:\\\/\\\/kuus.shop\\\/de\\\/einkaufsseite\\\/smartwatch-kinder\\\/kuus-w2-kinder-smartwatch-kinderuhr-mit-gps-tracker-gps-uhr-kind-videotelefonie-funktion-4g-netzwerk\\\/#primaryimage\"},\"image\":{\"@id\":\"https:\\\/\\\/kuus.shop\\\/de\\\/einkaufsseite\\\/smartwatch-kinder\\\/kuus-w2-kinder-smartwatch-kinderuhr-mit-gps-tracker-gps-uhr-kind-videotelefonie-funktion-4g-netzwerk\\\/#primaryimage\"},\"thumbnailUrl\":\"https:\\\/\\\/kuus.shop\\\/wp-content\\\/uploads\\\/2023\\\/02\\\/gps-horloge-kind-blauw.webp\",\"datePublished\":\"2023-02-21T12:36:31+00:00\",\"dateModified\":\"2026-04-07T14:35:54+00:00\",\"description\":\"Entdecken Sie die KUUS W2, die Smartwatch f\u00fcr Kinder mit (Video-)Anruffunktion, GPS-Tracker, Alarmfunktion und Notrufknopf im 4G-Netz.\",\"breadcrumb\":{\"@id\":\"https:\\\/\\\/kuus.shop\\\/de\\\/einkaufsseite\\\/smartwatch-kinder\\\/kuus-w2-kinder-smartwatch-kinderuhr-mit-gps-tracker-gps-uhr-kind-videotelefonie-funktion-4g-netzwerk\\\/#breadcrumb\"},\"inLanguage\":\"de\",\"potentialAction\":[{\"@type\":\"ReadAction\",\"target\":[\"https:\\\/\\\/kuus.shop\\\/de\\\/einkaufsseite\\\/smartwatch-kinder\\\/kuus-w2-kinder-smartwatch-kinderuhr-mit-gps-tracker-gps-uhr-kind-videotelefonie-funktion-4g-netzwerk\\\/\"]}]},{\"@type\":\"ImageObject\",\"inLanguage\":\"de\",\"@id\":\"https:\\\/\\\/kuus.shop\\\/de\\\/einkaufsseite\\\/smartwatch-kinder\\\/kuus-w2-kinder-smartwatch-kinderuhr-mit-gps-tracker-gps-uhr-kind-videotelefonie-funktion-4g-netzwerk\\\/#primaryimage\",\"url\":\"https:\\\/\\\/kuus.shop\\\/wp-content\\\/uploads\\\/2023\\\/02\\\/gps-horloge-kind-blauw.webp\",\"contentUrl\":\"https:\\\/\\\/kuus.shop\\\/wp-content\\\/uploads\\\/2023\\\/02\\\/gps-horloge-kind-blauw.webp\",\"width\":600,\"height\":600,\"caption\":\"gps uhr smartwatch f\u00fcr kinder ohne spiele mit anruffunktion und sim karte blau\"},{\"@type\":\"BreadcrumbList\",\"@id\":\"https:\\\/\\\/kuus.shop\\\/de\\\/einkaufsseite\\\/smartwatch-kinder\\\/kuus-w2-kinder-smartwatch-kinderuhr-mit-gps-tracker-gps-uhr-kind-videotelefonie-funktion-4g-netzwerk\\\/#breadcrumb\",\"itemListElement\":[{\"@type\":\"ListItem\",\"position\":1,\"name\":\"KUUS.\",\"item\":\"https:\\\/\\\/kuus.shop\\\/de\\\/\"},{\"@type\":\"ListItem\",\"position\":2,\"name\":\"Shop\",\"item\":\"https:\\\/\\\/kuus.shop\\\/de\\\/shop\\\/\"},{\"@type\":\"ListItem\",\"position\":3,\"name\":\"Smartwatch Kinder\",\"item\":\"https:\\\/\\\/kuus.shop\\\/de\\\/smartwatch-kinder\\\/\"},{\"@type\":\"ListItem\",\"position\":4,\"name\":\"KUUS. W2 GPS-Uhr f\u00fcr Kinder ohne Spiele\"}]},{\"@type\":\"WebSite\",\"@id\":\"https:\\\/\\\/kuus.shop\\\/de\\\/#website\",\"url\":\"https:\\\/\\\/kuus.shop\\\/de\\\/\",\"name\":\"KUUS.\",\"description\":\"Watch your valuables\",\"publisher\":{\"@id\":\"https:\\\/\\\/kuus.shop\\\/de\\\/#organization\"},\"potentialAction\":[{\"@type\":\"SearchAction\",\"target\":{\"@type\":\"EntryPoint\",\"urlTemplate\":\"https:\\\/\\\/kuus.shop\\\/de\\\/?s={search_term_string}\"},\"query-input\":{\"@type\":\"PropertyValueSpecification\",\"valueRequired\":true,\"valueName\":\"search_term_string\"}}],\"inLanguage\":\"de\"},{\"@type\":\"Organization\",\"@id\":\"https:\\\/\\\/kuus.shop\\\/de\\\/#organization\",\"name\":\"KUUS.\",\"url\":\"https:\\\/\\\/kuus.shop\",\"logo\":{\"@type\":\"ImageObject\",\"inLanguage\":\"de\",\"@id\":\"https:\\\/\\\/kuus.shop\\\/de\\\/#\\\/schema\\\/logo\\\/image\\\/\",\"url\":\"https:\\\/\\\/kuus.shop\\\/wp-content\\\/uploads\\\/2023\\\/06\\\/groot-vierkant-2000x2000-1.png\",\"contentUrl\":\"https:\\\/\\\/kuus.shop\\\/wp-content\\\/uploads\\\/2023\\\/06\\\/groot-vierkant-2000x2000-1.png\",\"width\":2000,\"height\":2000,\"caption\":\"KUUS.\"},\"image\":{\"@id\":\"https:\\\/\\\/kuus.shop\\\/de\\\/#\\\/schema\\\/logo\\\/image\\\/\"},\"sameAs\":[\"https:\\\/\\\/www.facebook.com\\\/Kuus.nederland\\\/\",\"https:\\\/\\\/www.instagram.com\\\/kuus.nederland\\\/\"],\"legalName\":\"WCMK B.V\",\"alternateName\":\"KUUS\"}]}<\/script>\n<!-- \/ Yoast SEO plugin. -->","yoast_head_json":{"title":"KUUS. W2 | Kinderuhr mit GPS-Tracker - KUUS.","description":"Entdecken Sie die KUUS W2, die Smartwatch f\u00fcr Kinder mit (Video-)Anruffunktion, GPS-Tracker, Alarmfunktion und Notrufknopf im 4G-Netz.","robots":{"index":"index","follow":"follow","max-snippet":"max-snippet:-1","max-image-preview":"max-image-preview:large","max-video-preview":"max-video-preview:-1"},"canonical":"https:\/\/kuus.shop\/de\/einkaufsseite\/smartwatch-kinder\/kuus-w2-kinder-smartwatch-kinderuhr-mit-gps-tracker-gps-uhr-kind-videotelefonie-funktion-4g-netzwerk\/","og_locale":"de_DE","og_type":"article","og_title":"KUUS. W2 | Kinderuhr mit GPS-Tracker - KUUS.","og_description":"Entdecken Sie die KUUS W2, die Smartwatch f\u00fcr Kinder mit (Video-)Anruffunktion, GPS-Tracker, Alarmfunktion und Notrufknopf im 4G-Netz.","og_url":"https:\/\/kuus.shop\/de\/einkaufsseite\/smartwatch-kinder\/kuus-w2-kinder-smartwatch-kinderuhr-mit-gps-tracker-gps-uhr-kind-videotelefonie-funktion-4g-netzwerk\/","og_site_name":"KUUS.","article_publisher":"https:\/\/www.facebook.com\/Kuus.nederland\/","article_modified_time":"2026-04-07T14:35:54+00:00","og_image":[{"width":600,"height":600,"url":"https:\/\/kuus.shop\/wp-content\/uploads\/2023\/02\/gps-horloge-kind-blauw.webp","type":"image\/webp"}],"twitter_card":"summary_large_image","twitter_misc":{"Gesch\u00e4tzte Lesezeit":"6 Minuten"},"schema":{"@context":"https:\/\/schema.org","@graph":[{"@type":"WebPage","@id":"https:\/\/kuus.shop\/de\/einkaufsseite\/smartwatch-kinder\/kuus-w2-kinder-smartwatch-kinderuhr-mit-gps-tracker-gps-uhr-kind-videotelefonie-funktion-4g-netzwerk\/","url":"https:\/\/kuus.shop\/de\/einkaufsseite\/smartwatch-kinder\/kuus-w2-kinder-smartwatch-kinderuhr-mit-gps-tracker-gps-uhr-kind-videotelefonie-funktion-4g-netzwerk\/","name":"KUUS. W2 | Kinderuhr mit GPS-Tracker - KUUS.","isPartOf":{"@id":"https:\/\/kuus.shop\/de\/#website"},"primaryImageOfPage":{"@id":"https:\/\/kuus.shop\/de\/einkaufsseite\/smartwatch-kinder\/kuus-w2-kinder-smartwatch-kinderuhr-mit-gps-tracker-gps-uhr-kind-videotelefonie-funktion-4g-netzwerk\/#primaryimage"},"image":{"@id":"https:\/\/kuus.shop\/de\/einkaufsseite\/smartwatch-kinder\/kuus-w2-kinder-smartwatch-kinderuhr-mit-gps-tracker-gps-uhr-kind-videotelefonie-funktion-4g-netzwerk\/#primaryimage"},"thumbnailUrl":"https:\/\/kuus.shop\/wp-content\/uploads\/2023\/02\/gps-horloge-kind-blauw.webp","datePublished":"2023-02-21T12:36:31+00:00","dateModified":"2026-04-07T14:35:54+00:00","description":"Entdecken Sie die KUUS W2, die Smartwatch f\u00fcr Kinder mit (Video-)Anruffunktion, GPS-Tracker, Alarmfunktion und Notrufknopf im 4G-Netz.","breadcrumb":{"@id":"https:\/\/kuus.shop\/de\/einkaufsseite\/smartwatch-kinder\/kuus-w2-kinder-smartwatch-kinderuhr-mit-gps-tracker-gps-uhr-kind-videotelefonie-funktion-4g-netzwerk\/#breadcrumb"},"inLanguage":"de","potentialAction":[{"@type":"ReadAction","target":["https:\/\/kuus.shop\/de\/einkaufsseite\/smartwatch-kinder\/kuus-w2-kinder-smartwatch-kinderuhr-mit-gps-tracker-gps-uhr-kind-videotelefonie-funktion-4g-netzwerk\/"]}]},{"@type":"ImageObject","inLanguage":"de","@id":"https:\/\/kuus.shop\/de\/einkaufsseite\/smartwatch-kinder\/kuus-w2-kinder-smartwatch-kinderuhr-mit-gps-tracker-gps-uhr-kind-videotelefonie-funktion-4g-netzwerk\/#primaryimage","url":"https:\/\/kuus.shop\/wp-content\/uploads\/2023\/02\/gps-horloge-kind-blauw.webp","contentUrl":"https:\/\/kuus.shop\/wp-content\/uploads\/2023\/02\/gps-horloge-kind-blauw.webp","width":600,"height":600,"caption":"gps uhr smartwatch f\u00fcr kinder ohne spiele mit anruffunktion und sim karte blau"},{"@type":"BreadcrumbList","@id":"https:\/\/kuus.shop\/de\/einkaufsseite\/smartwatch-kinder\/kuus-w2-kinder-smartwatch-kinderuhr-mit-gps-tracker-gps-uhr-kind-videotelefonie-funktion-4g-netzwerk\/#breadcrumb","itemListElement":[{"@type":"ListItem","position":1,"name":"KUUS.","item":"https:\/\/kuus.shop\/de\/"},{"@type":"ListItem","position":2,"name":"Shop","item":"https:\/\/kuus.shop\/de\/shop\/"},{"@type":"ListItem","position":3,"name":"Smartwatch Kinder","item":"https:\/\/kuus.shop\/de\/smartwatch-kinder\/"},{"@type":"ListItem","position":4,"name":"KUUS. W2 GPS-Uhr f\u00fcr Kinder ohne Spiele"}]},{"@type":"WebSite","@id":"https:\/\/kuus.shop\/de\/#website","url":"https:\/\/kuus.shop\/de\/","name":"KUUS.","description":"Watch your valuables","publisher":{"@id":"https:\/\/kuus.shop\/de\/#organization"},"potentialAction":[{"@type":"SearchAction","target":{"@type":"EntryPoint","urlTemplate":"https:\/\/kuus.shop\/de\/?s={search_term_string}"},"query-input":{"@type":"PropertyValueSpecification","valueRequired":true,"valueName":"search_term_string"}}],"inLanguage":"de"},{"@type":"Organization","@id":"https:\/\/kuus.shop\/de\/#organization","name":"KUUS.","url":"https:\/\/kuus.shop","logo":{"@type":"ImageObject","inLanguage":"de","@id":"https:\/\/kuus.shop\/de\/#\/schema\/logo\/image\/","url":"https:\/\/kuus.shop\/wp-content\/uploads\/2023\/06\/groot-vierkant-2000x2000-1.png","contentUrl":"https:\/\/kuus.shop\/wp-content\/uploads\/2023\/06\/groot-vierkant-2000x2000-1.png","width":2000,"height":2000,"caption":"KUUS."},"image":{"@id":"https:\/\/kuus.shop\/de\/#\/schema\/logo\/image\/"},"sameAs":["https:\/\/www.facebook.com\/Kuus.nederland\/","https:\/\/www.instagram.com\/kuus.nederland\/"],"legalName":"WCMK B.V","alternateName":"KUUS"}]}},"_links":{"self":[{"href":"https:\/\/kuus.shop\/de\/wp-json\/wp\/v2\/product\/12901","targetHints":{"allow":["GET"]}}],"collection":[{"href":"https:\/\/kuus.shop\/de\/wp-json\/wp\/v2\/product"}],"about":[{"href":"https:\/\/kuus.shop\/de\/wp-json\/wp\/v2\/types\/product"}],"replies":[{"embeddable":true,"href":"https:\/\/kuus.shop\/de\/wp-json\/wp\/v2\/comments?post=12901"}],"wp:featuredmedia":[{"embeddable":true,"href":"https:\/\/kuus.shop\/de\/wp-json\/wp\/v2\/media\/447591"}],"wp:attachment":[{"href":"https:\/\/kuus.shop\/de\/wp-json\/wp\/v2\/media?parent=12901"}],"wp:term":[{"taxonomy":"product_brand","embeddable":true,"href":"https:\/\/kuus.shop\/de\/wp-json\/wp\/v2\/product_brand?post=12901"},{"taxonomy":"product_cat","embeddable":true,"href":"https:\/\/kuus.shop\/de\/wp-json\/wp\/v2\/product_cat?post=12901"},{"taxonomy":"product_tag","embeddable":true,"href":"https:\/\/kuus.shop\/de\/wp-json\/wp\/v2\/product_tag?post=12901"},{"taxonomy":"woo-feed-brand","embeddable":true,"href":"https:\/\/kuus.shop\/de\/wp-json\/wp\/v2\/woo-feed-brand?post=12901"}],"curies":[{"name":"wp","href":"https:\/\/api.w.org\/{rel}","templated":true}]}}