{"id":12899,"date":"2023-02-21T11:32:08","date_gmt":"2023-02-21T11:32:08","guid":{"rendered":"https:\/\/kuus.shop\/unkategorisiert\/kuus-s2-alarm-uhr-ohne-abonnement-mit-sturzerkennung-fuer-aeltere-menschen-und-senioren-persoenlicher-alarm-mit-sos-taste-alarm-taste-gps-herzfrequenzmesser\/"},"modified":"2026-04-22T21:54:22","modified_gmt":"2026-04-22T20:54:22","slug":"kuus-s2-alarm-uhr-ohne-abonnement-mit-sturzerkennung-fuer-aeltere-menschen-und-senioren-persoenlicher-alarm-mit-sos-taste-alarm-taste-gps-herzfrequenzmesser","status":"publish","type":"product","link":"https:\/\/kuus.shop\/de\/einkaufsseite\/notfalluhr-senioren\/kuus-s2-alarm-uhr-ohne-abonnement-mit-sturzerkennung-fuer-aeltere-menschen-und-senioren-persoenlicher-alarm-mit-sos-taste-alarm-taste-gps-herzfrequenzmesser\/","title":{"rendered":"KUUS S2 Notfalluhr f\u00fcr Senioren ohne Abo mit Sturzerkennung - Notrufuhr mit Notfallknopf - Notfalluhr GPS Ortung - Seniorenuhr mit notruf - Demenz GPS"},"content":{"rendered":"<h2>KUUS S2 Alarmuhr f\u00fcr Senioren mit Sturzerkennung, Alarmuhr ohne Abonnement<\/h2>\n<p>Die <strong>KUUS S2 Alarmuhr mit Sturzerkennung<\/strong> erm\u00f6glicht es Senioren, l\u00e4nger unabh\u00e4ngig und sicher zu Hause zu leben<br \/>\nohne ein teures Abonnement abzuschlie\u00dfen.<br \/>\nDie Uhr ist speziell f\u00fcr \u00e4ltere Nutzer konzipiert: Gro\u00dfe Symbole, ein gut lesbarer<br \/>\nFarb-Touchscreen und eine eindeutige <strong>SOS-Taste<\/strong> machen die Bedienung von<br \/>\nsehr einfach.<\/p>\n<p>Die S2 ist <strong>sofort einsatzbereit<\/strong>. Sie legen die SIM-Karte ein,<br \/>\nkoppeln die Uhr einmal mit der KUUS-App auf Deutsch<br \/>\nund nach etwa 5 Minuten ist alles einsatzbereit.<\/p>\n<h3>Weckeruhr ohne Abonnement, eigenst\u00e4ndig &amp; freigeschaltet<\/h3>\n<p>Die KUUS S2 ist eine echte <strong>abonnementfreie Weckeruhr<\/strong>. Sie funktioniert mit einer regul\u00e4ren<br \/>\nSIM-Karte und ist <strong>SIM-frei, <\/strong>so dass Sie Ihren eigenen Anbieter<br \/>\nin ganz Europa w\u00e4hlen k\u00f6nnen. Die Uhr ist keine Erweiterung eines Smartphones, sondern funktioniert v\u00f6llig<br \/>\nunabh\u00e4ngig.<\/p>\n<ul>\n<li>Zeitablesung in analoger oder digitaler Anzeige<\/li>\n<li>Anrufen voreingestellter Kontakte direkt von der Uhr aus<\/li>\n<li>Entgegennahme von Anrufen von Familienangeh\u00f6rigen oder Betreuern<\/li>\n<\/ul>\n<p>Familienangeh\u00f6rige oder informelle Betreuer nutzen die kostenlose <strong>KUUS-App<\/strong> (iOS &amp; Android)<br \/>\n, um die Uhr einzurichten, den <strong>GPS-Standort<\/strong> anzuzeigen,<br \/>\neine <strong>Geozone<\/strong> (virtueller Zaun) einzurichten und bei Bedarf einen Anruf<br \/>\noder einen Videoanruf mit der Uhr zu initiieren.<br \/>\nDer Senior selbst ben\u00f6tigt kein Smartphone, alles l\u00e4uft \u00fcber die eingebaute SIM-Karte<br \/>\nund 4G-Verbindung.<\/p>\n<h3>Sturzerkennung &amp; SOS-Taste, doppelte Sicherheit<\/h3>\n<p>Die KUUS S2 ist sowohl ein <strong>Notfallknopf<\/strong> als auch eine Uhr mit<br \/>\n<strong>automatische Sturzerkennung<\/strong>:<\/p>\n<ul>\n<li>Dr\u00fcckt der Tr\u00e4ger die gro\u00dfe <strong>SOS-Taste<\/strong>, wird innerhalb von Sekunden automatisch ein Telefonanruf aufgebaut<br \/>\nmit den eingestellten Notrufnummern<br \/>\n(bis zu 3 Kontakte nacheinander).<\/li>\n<li>Wenn die Uhr einen Sturz erkennt, l\u00f6st die <strong>Sturzerkennung<\/strong><br \/>\nautomatisch den Alarm aus und der aktuelle <strong>GPS-Standort<\/strong> wird \u00fcber die App mitgeteilt.<\/li>\n<\/ul>\n<p>Um unn\u00f6tige Benachrichtigungen zu vermeiden, wird die<br \/>\nDie <strong>Empfindlichkeit der Sturzerkennung<\/strong> kann <strong>in 6 Stufen<\/strong> eingestellt werden, von hochempfindlich bis weniger empfindlich. Auf diese Weise k\u00f6nnen Sie den Alarm genau auf die Mobilit\u00e4t und das Sturzrisiko des Tr\u00e4gers<br \/>\nabstimmen. Sollte es sich um einen Fehlalarm handeln, kann<br \/>\nder Senior den Alarm einfach \u00fcber die Uhr abstellen.<\/p>\n<h3>Seniorenuhr mit GPS, Live-Ortung und Geozone<\/h3>\n<p>Die KUUS S2 ist eine vollwertige <strong>GPS-Uhr f\u00fcr Senioren<\/strong>.<br \/>\nMit der kostenlosen KUUS-App k\u00f6nnen Ihre Angeh\u00f6rigen:<\/p>\n<ul>\n<li>den <strong>GPS-Standort<\/strong> der Uhr <strong>live<\/strong> sehen,<\/li>\n<li>die <strong>Website-Historie<\/strong> des vergangenen Zeitraums einsehen,<\/li>\n<li>Legen Sie eine <strong>Geozone<\/strong> fest (z. B. um das Wohn- oder Pflegeheim).<\/li>\n<\/ul>\n<p>Verl\u00e4sst der Tr\u00e4ger diese Zone, erh\u00e4lt die Familie automatisch eine Benachrichtigung<br \/>\nauf das Smartphone. So beh\u00e4lt man auch bei Demenz oder z.B. Umherwandern den \u00dcberblick,<br \/>\nohne die Freiheit des Seniors unn\u00f6tig einzuschr\u00e4nken.<\/p>\n<h3>Gesundheitsmodus: \u00dcberwachung der Herzfrequenz und Erinnerung an Medikamente<\/h3>\n<p>Die KUUS S2 Alarmuhr ist mehr als nur ein Notfallknopf. Im<br \/>\n<strong>Gesundheitsmodus<\/strong> bietet es:<\/p>\n<ul>\n<li>ein <strong>Herzfrequenzmessger\u00e4t,<\/strong> Messung \u00fcber eingebaute LED-Sensoren,<\/li>\n<li>Bis zu <strong>3 Medikamentenerinnerungen<\/strong> pro Tag.<\/li>\n<\/ul>\n<p>Die <strong>Medikamentenerinnerung<\/strong> wird als Sprachansage auf der Uhr abgespielt, ideal, wenn die Medikamente sonst leicht vergessen werden. In der App<br \/>\nk\u00f6nnen Familienmitglieder die t\u00e4glichen Schritte und Messwerte einsehen, wenn sie dies w\u00fcnschen.<\/p>\n<h3>Videoanrufe und Kontakte<\/h3>\n<p>Durch die niederl\u00e4ndischsprachige, werbefreie <strong>KUUS-App<\/strong> ist auch<br \/>\n<strong>Videoanrufe<\/strong> m\u00f6glich. Angeh\u00f6rige oder informelle Betreuer k\u00f6nnen einen Videoanruf starten<br \/>\n, so dass der Senior nicht nur eine Stimme h\u00f6rt, sondern auch ein vertrautes Gesicht sieht.<\/p>\n<p>Im Telefonbuch der App k\u00f6nnen Sie bis zu <strong>10 wichtige Kontakte <\/strong>speichern. Wenn eine dieser Personen anruft, sieht der Tr\u00e4ger den <strong>Namen<\/strong> auf dem Bildschirm, zus\u00e4tzliche Anerkennung und Seelenfrieden, vor allem mit beginnender Demenz.<\/p>\n<h3>Handgelenkband, Abmessungen und Tragekomfort<\/h3>\n<ul>\n<li>Hochwertiges <strong>Lederarmband<\/strong>, geeignet f\u00fcr einen Handgelenksumfang von ca. 14-20 cm<\/li>\n<li>Zus\u00e4tzliche Gurte (Klettverschluss oder sportliches Silikon) separat erh\u00e4ltlich<\/li>\n<li>Abmessungen des Uhrengeh\u00e4uses: ca. 4,7 cm lang, 4,0 cm breit, 1,5 cm dick<\/li>\n<li>Gewicht: nur <strong>etwa 52 Gramm,<\/strong> bequem f\u00fcr den t\u00e4glichen Gebrauch<\/li>\n<\/ul>\n<h3>Spritzwassergesch\u00fctzt nach IP67<\/h3>\n<p>Der KUUS S2 ist <strong>spritzwassergesch\u00fctzt nach IP67<\/strong>. Duschen ist m\u00f6glich;<br \/>\nl\u00e4ngeres Eintauchen (z. B. beim Schwimmen) wird nicht empfohlen.<\/p>\n<h3>Akku, SIM-Karte &amp; Kosten<\/h3>\n<ul>\n<li>Akkulaufzeit je nach Nutzung <strong>1 bis 2 Tage<\/strong>, Aufladen mit dem mitgelieferten Magnetkabel<\/li>\n<li><strong>Simlock-frei,<\/strong> funktioniert mit praktisch jeder SIM-Karte<\/li>\n<li>Prepaid-SIM-Karte f\u00fcr Europa mit Startguthaben inklusive<\/li>\n<li><strong>Kein Abonnement, <\/strong>Sie laden nur Guthaben auf, wenn Sie die Uhr benutzen<\/li>\n<\/ul>\n<p>Die laufenden Kosten bestehen aus geringen Datengeb\u00fchren f\u00fcr GPS und Nachrichten<br \/>\nund Gespr\u00e4chsminuten f\u00fcr Telefonate. So behalten Sie die volle Kostenkontrolle<br \/>\nund sind nicht an teure Vertr\u00e4ge oder Pflegeanbieter gebunden.<\/p>\n<h3>Qualit\u00e4t, Garantie und niederl\u00e4ndischer Service<\/h3>\n<p>Bei KUUS werden <strong>Qualit\u00e4t<\/strong> und <strong>pers\u00f6nlicher Service<\/strong> gro\u00df geschrieben:<\/p>\n<ul>\n<li><strong>30-t\u00e4gige Bedenkzeit, <\/strong>nicht gut? Geld zur\u00fcck!<\/li>\n<li><strong>12-monatige Garantie<\/strong> auf die Uhr<\/li>\n<li><strong>Niederl\u00e4ndischsprachiges Handbuch<\/strong> und anschauliche Anleitungsvideos<\/li>\n<li><strong>Kundendienst auf Deutsch<\/strong> unter <a href=\"tel:0644991991\">0644 99 1991,<\/a>wir helfen Ihnen Schritt f\u00fcr Schritt bei der Installation<\/li>\n<\/ul>\n<h3>Inhalt der Verpackung<\/h3>\n<ul>\n<li>1 \u00d7 KUUS S2 GPS-Alarmuhr mit Sturzerkennung<\/li>\n<li>1 \u00d7 schwarzes Lederarmband<\/li>\n<li>1 \u00d7 magnetisches Ladekabel<\/li>\n<li>1 \u00d7 Displayschutzfolie aus Kunststoff (Glasschutzfolie separat erh\u00e4ltlich)<\/li>\n<li>1 \u00d7 Prepaid-SIM-Karte f\u00fcr Europa mit Startguthaben<\/li>\n<li>1 \u00d7 Handbuch auf Deutsch<\/li>\n<\/ul>\n","protected":false},"excerpt":{"rendered":"<p><strong>Uhr mit nur einer Notfallknopf! <\/strong><br \/>\nL\u00e4nger sicher zu Hause wohnen bleiben, ohne teures Abonnement. Das ist es, was wir bieten. Die Uhr ist mit einer SOS-Taste, Sturzerkennung &amp; GPS-Ortung ausgestattet, sodass Familie \/ Angeh\u00f6rige im Notfall immer helfen k\u00f6nnen.<\/p>\n","protected":false},"featured_media":16411,"comment_status":"open","ping_status":"closed","template":"","meta":{"_acf_changed":false,"inline_featured_image":false},"product_brand":[],"product_cat":[112],"product_tag":[],"woo-feed-brand":[],"class_list":{"0":"post-12899","1":"product","2":"type-product","3":"status-publish","4":"has-post-thumbnail","6":"product_cat-notfalluhr-senioren","8":"first","9":"instock","10":"taxable","11":"shipping-taxable","12":"purchasable","13":"product-type-simple"},"bundled_by":["23248"],"bundle_stock_status":"instock","bundle_stock_quantity":256,"bundle_virtual":false,"bundle_layout":"","bundle_add_to_cart_form_location":"","bundle_editable_in_cart":false,"bundle_sold_individually_context":"","bundle_item_grouping":"","bundle_min_size":"","bundle_max_size":"","bundle_price":[],"bundled_items":[],"bundle_sell_ids":[],"acf":[],"yoast_head":"<!-- This site is optimized with the Yoast SEO plugin v27.3 - https:\/\/yoast.com\/product\/yoast-seo-wordpress\/ -->\n<title>KUUS S2 Notfalluhr Senioren ohne Abo, Notrufuhr Notfallknopf<\/title>\n<meta name=\"description\" content=\"Entdecken Sie die KUUS. S2, die abonnementfreie Notfalluhr f\u00fcr Senioren ohne Abo mit Sturzerkennung - Notrufuhr mit Notfallknopf - Notfalluhr GPS Ortung\" \/>\n<meta name=\"robots\" content=\"index, follow, max-snippet:-1, max-image-preview:large, max-video-preview:-1\" \/>\n<link rel=\"canonical\" href=\"https:\/\/kuus.shop\/de\/einkaufsseite\/notfalluhr-senioren\/kuus-s2-alarm-uhr-ohne-abonnement-mit-sturzerkennung-fuer-aeltere-menschen-und-senioren-persoenlicher-alarm-mit-sos-taste-alarm-taste-gps-herzfrequenzmesser\/\" \/>\n<meta property=\"og:locale\" content=\"de_DE\" \/>\n<meta property=\"og:type\" content=\"article\" \/>\n<meta property=\"og:title\" content=\"KUUS S2 Notfalluhr Senioren ohne Abo, Notrufuhr Notfallknopf\" \/>\n<meta property=\"og:description\" content=\"Entdecken Sie die KUUS. S2, die abonnementfreie Notfalluhr f\u00fcr Senioren ohne Abo mit Sturzerkennung - Notrufuhr mit Notfallknopf - Notfalluhr GPS Ortung\" \/>\n<meta property=\"og:url\" content=\"https:\/\/kuus.shop\/de\/einkaufsseite\/notfalluhr-senioren\/kuus-s2-alarm-uhr-ohne-abonnement-mit-sturzerkennung-fuer-aeltere-menschen-und-senioren-persoenlicher-alarm-mit-sos-taste-alarm-taste-gps-herzfrequenzmesser\/\" \/>\n<meta property=\"og:site_name\" content=\"KUUS.\" \/>\n<meta property=\"article:publisher\" content=\"https:\/\/www.facebook.com\/Kuus.nederland\/\" \/>\n<meta property=\"article:modified_time\" content=\"2026-04-22T20:54:22+00:00\" \/>\n<meta property=\"og:image\" content=\"https:\/\/kuus.shop\/wp-content\/uploads\/2026\/01\/notruf-uhr-notfallknopf-fur-senioren.png\" \/>\n\t<meta property=\"og:image:width\" content=\"1800\" \/>\n\t<meta property=\"og:image:height\" content=\"1800\" \/>\n\t<meta property=\"og:image:type\" content=\"image\/png\" \/>\n<meta name=\"twitter:card\" content=\"summary_large_image\" \/>\n<meta name=\"twitter:label1\" content=\"Gesch\u00e4tzte Lesezeit\" \/>\n\t<meta name=\"twitter:data1\" content=\"7 Minuten\" \/>\n<script type=\"application\/ld+json\" class=\"yoast-schema-graph\">{\"@context\":\"https:\\\/\\\/schema.org\",\"@graph\":[{\"@type\":\"WebPage\",\"@id\":\"https:\\\/\\\/kuus.shop\\\/de\\\/einkaufsseite\\\/notfalluhr-senioren\\\/kuus-s2-alarm-uhr-ohne-abonnement-mit-sturzerkennung-fuer-aeltere-menschen-und-senioren-persoenlicher-alarm-mit-sos-taste-alarm-taste-gps-herzfrequenzmesser\\\/\",\"url\":\"https:\\\/\\\/kuus.shop\\\/de\\\/einkaufsseite\\\/notfalluhr-senioren\\\/kuus-s2-alarm-uhr-ohne-abonnement-mit-sturzerkennung-fuer-aeltere-menschen-und-senioren-persoenlicher-alarm-mit-sos-taste-alarm-taste-gps-herzfrequenzmesser\\\/\",\"name\":\"KUUS S2 Notfalluhr Senioren ohne Abo, Notrufuhr Notfallknopf\",\"isPartOf\":{\"@id\":\"https:\\\/\\\/kuus.shop\\\/de\\\/#website\"},\"primaryImageOfPage\":{\"@id\":\"https:\\\/\\\/kuus.shop\\\/de\\\/einkaufsseite\\\/notfalluhr-senioren\\\/kuus-s2-alarm-uhr-ohne-abonnement-mit-sturzerkennung-fuer-aeltere-menschen-und-senioren-persoenlicher-alarm-mit-sos-taste-alarm-taste-gps-herzfrequenzmesser\\\/#primaryimage\"},\"image\":{\"@id\":\"https:\\\/\\\/kuus.shop\\\/de\\\/einkaufsseite\\\/notfalluhr-senioren\\\/kuus-s2-alarm-uhr-ohne-abonnement-mit-sturzerkennung-fuer-aeltere-menschen-und-senioren-persoenlicher-alarm-mit-sos-taste-alarm-taste-gps-herzfrequenzmesser\\\/#primaryimage\"},\"thumbnailUrl\":\"https:\\\/\\\/kuus.shop\\\/wp-content\\\/uploads\\\/2026\\\/01\\\/notruf-uhr-notfallknopf-fur-senioren.png\",\"datePublished\":\"2023-02-21T11:32:08+00:00\",\"dateModified\":\"2026-04-22T20:54:22+00:00\",\"description\":\"Entdecken Sie die KUUS. S2, die abonnementfreie Notfalluhr f\u00fcr Senioren ohne Abo mit Sturzerkennung - Notrufuhr mit Notfallknopf - Notfalluhr GPS Ortung\",\"breadcrumb\":{\"@id\":\"https:\\\/\\\/kuus.shop\\\/de\\\/einkaufsseite\\\/notfalluhr-senioren\\\/kuus-s2-alarm-uhr-ohne-abonnement-mit-sturzerkennung-fuer-aeltere-menschen-und-senioren-persoenlicher-alarm-mit-sos-taste-alarm-taste-gps-herzfrequenzmesser\\\/#breadcrumb\"},\"inLanguage\":\"de\",\"potentialAction\":[{\"@type\":\"ReadAction\",\"target\":[\"https:\\\/\\\/kuus.shop\\\/de\\\/einkaufsseite\\\/notfalluhr-senioren\\\/kuus-s2-alarm-uhr-ohne-abonnement-mit-sturzerkennung-fuer-aeltere-menschen-und-senioren-persoenlicher-alarm-mit-sos-taste-alarm-taste-gps-herzfrequenzmesser\\\/\"]}]},{\"@type\":\"ImageObject\",\"inLanguage\":\"de\",\"@id\":\"https:\\\/\\\/kuus.shop\\\/de\\\/einkaufsseite\\\/notfalluhr-senioren\\\/kuus-s2-alarm-uhr-ohne-abonnement-mit-sturzerkennung-fuer-aeltere-menschen-und-senioren-persoenlicher-alarm-mit-sos-taste-alarm-taste-gps-herzfrequenzmesser\\\/#primaryimage\",\"url\":\"https:\\\/\\\/kuus.shop\\\/wp-content\\\/uploads\\\/2026\\\/01\\\/notruf-uhr-notfallknopf-fur-senioren.png\",\"contentUrl\":\"https:\\\/\\\/kuus.shop\\\/wp-content\\\/uploads\\\/2026\\\/01\\\/notruf-uhr-notfallknopf-fur-senioren.png\",\"width\":1800,\"height\":1800,\"caption\":\"KUUS S2 Alarmuhr f\u00fcr Senioren mit notfallknopf\"},{\"@type\":\"BreadcrumbList\",\"@id\":\"https:\\\/\\\/kuus.shop\\\/de\\\/einkaufsseite\\\/notfalluhr-senioren\\\/kuus-s2-alarm-uhr-ohne-abonnement-mit-sturzerkennung-fuer-aeltere-menschen-und-senioren-persoenlicher-alarm-mit-sos-taste-alarm-taste-gps-herzfrequenzmesser\\\/#breadcrumb\",\"itemListElement\":[{\"@type\":\"ListItem\",\"position\":1,\"name\":\"KUUS.\",\"item\":\"https:\\\/\\\/kuus.shop\\\/de\\\/\"},{\"@type\":\"ListItem\",\"position\":2,\"name\":\"Shop\",\"item\":\"https:\\\/\\\/kuus.shop\\\/de\\\/shop\\\/\"},{\"@type\":\"ListItem\",\"position\":3,\"name\":\"Notfalluhr f\u00fcr Senioren\",\"item\":\"https:\\\/\\\/kuus.shop\\\/de\\\/notfalluhr-senioren\\\/\"},{\"@type\":\"ListItem\",\"position\":4,\"name\":\"KUUS S2 Notfalluhr f\u00fcr Senioren ohne Abo mit Sturzerkennung &#8211; Notrufuhr mit Notfallknopf &#8211; Notfalluhr GPS Ortung &#8211; Seniorenuhr mit notruf &#8211; Demenz GPS\"}]},{\"@type\":\"WebSite\",\"@id\":\"https:\\\/\\\/kuus.shop\\\/de\\\/#website\",\"url\":\"https:\\\/\\\/kuus.shop\\\/de\\\/\",\"name\":\"KUUS.\",\"description\":\"Watch your valuables\",\"publisher\":{\"@id\":\"https:\\\/\\\/kuus.shop\\\/de\\\/#organization\"},\"potentialAction\":[{\"@type\":\"SearchAction\",\"target\":{\"@type\":\"EntryPoint\",\"urlTemplate\":\"https:\\\/\\\/kuus.shop\\\/de\\\/?s={search_term_string}\"},\"query-input\":{\"@type\":\"PropertyValueSpecification\",\"valueRequired\":true,\"valueName\":\"search_term_string\"}}],\"inLanguage\":\"de\"},{\"@type\":\"Organization\",\"@id\":\"https:\\\/\\\/kuus.shop\\\/de\\\/#organization\",\"name\":\"KUUS.\",\"url\":\"https:\\\/\\\/kuus.shop\",\"logo\":{\"@type\":\"ImageObject\",\"inLanguage\":\"de\",\"@id\":\"https:\\\/\\\/kuus.shop\\\/de\\\/#\\\/schema\\\/logo\\\/image\\\/\",\"url\":\"https:\\\/\\\/kuus.shop\\\/wp-content\\\/uploads\\\/2023\\\/06\\\/groot-vierkant-2000x2000-1.png\",\"contentUrl\":\"https:\\\/\\\/kuus.shop\\\/wp-content\\\/uploads\\\/2023\\\/06\\\/groot-vierkant-2000x2000-1.png\",\"width\":2000,\"height\":2000,\"caption\":\"KUUS.\"},\"image\":{\"@id\":\"https:\\\/\\\/kuus.shop\\\/de\\\/#\\\/schema\\\/logo\\\/image\\\/\"},\"sameAs\":[\"https:\\\/\\\/www.facebook.com\\\/Kuus.nederland\\\/\",\"https:\\\/\\\/www.instagram.com\\\/kuus.nederland\\\/\"],\"legalName\":\"WCMK B.V\",\"alternateName\":\"KUUS\"}]}<\/script>\n<!-- \/ Yoast SEO plugin. -->","yoast_head_json":{"title":"KUUS S2 Notfalluhr Senioren ohne Abo, Notrufuhr Notfallknopf","description":"Entdecken Sie die KUUS. S2, die abonnementfreie Notfalluhr f\u00fcr Senioren ohne Abo mit Sturzerkennung - Notrufuhr mit Notfallknopf - Notfalluhr GPS Ortung","robots":{"index":"index","follow":"follow","max-snippet":"max-snippet:-1","max-image-preview":"max-image-preview:large","max-video-preview":"max-video-preview:-1"},"canonical":"https:\/\/kuus.shop\/de\/einkaufsseite\/notfalluhr-senioren\/kuus-s2-alarm-uhr-ohne-abonnement-mit-sturzerkennung-fuer-aeltere-menschen-und-senioren-persoenlicher-alarm-mit-sos-taste-alarm-taste-gps-herzfrequenzmesser\/","og_locale":"de_DE","og_type":"article","og_title":"KUUS S2 Notfalluhr Senioren ohne Abo, Notrufuhr Notfallknopf","og_description":"Entdecken Sie die KUUS. S2, die abonnementfreie Notfalluhr f\u00fcr Senioren ohne Abo mit Sturzerkennung - Notrufuhr mit Notfallknopf - Notfalluhr GPS Ortung","og_url":"https:\/\/kuus.shop\/de\/einkaufsseite\/notfalluhr-senioren\/kuus-s2-alarm-uhr-ohne-abonnement-mit-sturzerkennung-fuer-aeltere-menschen-und-senioren-persoenlicher-alarm-mit-sos-taste-alarm-taste-gps-herzfrequenzmesser\/","og_site_name":"KUUS.","article_publisher":"https:\/\/www.facebook.com\/Kuus.nederland\/","article_modified_time":"2026-04-22T20:54:22+00:00","og_image":[{"width":1800,"height":1800,"url":"https:\/\/kuus.shop\/wp-content\/uploads\/2026\/01\/notruf-uhr-notfallknopf-fur-senioren.png","type":"image\/png"}],"twitter_card":"summary_large_image","twitter_misc":{"Gesch\u00e4tzte Lesezeit":"7 Minuten"},"schema":{"@context":"https:\/\/schema.org","@graph":[{"@type":"WebPage","@id":"https:\/\/kuus.shop\/de\/einkaufsseite\/notfalluhr-senioren\/kuus-s2-alarm-uhr-ohne-abonnement-mit-sturzerkennung-fuer-aeltere-menschen-und-senioren-persoenlicher-alarm-mit-sos-taste-alarm-taste-gps-herzfrequenzmesser\/","url":"https:\/\/kuus.shop\/de\/einkaufsseite\/notfalluhr-senioren\/kuus-s2-alarm-uhr-ohne-abonnement-mit-sturzerkennung-fuer-aeltere-menschen-und-senioren-persoenlicher-alarm-mit-sos-taste-alarm-taste-gps-herzfrequenzmesser\/","name":"KUUS S2 Notfalluhr Senioren ohne Abo, Notrufuhr Notfallknopf","isPartOf":{"@id":"https:\/\/kuus.shop\/de\/#website"},"primaryImageOfPage":{"@id":"https:\/\/kuus.shop\/de\/einkaufsseite\/notfalluhr-senioren\/kuus-s2-alarm-uhr-ohne-abonnement-mit-sturzerkennung-fuer-aeltere-menschen-und-senioren-persoenlicher-alarm-mit-sos-taste-alarm-taste-gps-herzfrequenzmesser\/#primaryimage"},"image":{"@id":"https:\/\/kuus.shop\/de\/einkaufsseite\/notfalluhr-senioren\/kuus-s2-alarm-uhr-ohne-abonnement-mit-sturzerkennung-fuer-aeltere-menschen-und-senioren-persoenlicher-alarm-mit-sos-taste-alarm-taste-gps-herzfrequenzmesser\/#primaryimage"},"thumbnailUrl":"https:\/\/kuus.shop\/wp-content\/uploads\/2026\/01\/notruf-uhr-notfallknopf-fur-senioren.png","datePublished":"2023-02-21T11:32:08+00:00","dateModified":"2026-04-22T20:54:22+00:00","description":"Entdecken Sie die KUUS. S2, die abonnementfreie Notfalluhr f\u00fcr Senioren ohne Abo mit Sturzerkennung - Notrufuhr mit Notfallknopf - Notfalluhr GPS Ortung","breadcrumb":{"@id":"https:\/\/kuus.shop\/de\/einkaufsseite\/notfalluhr-senioren\/kuus-s2-alarm-uhr-ohne-abonnement-mit-sturzerkennung-fuer-aeltere-menschen-und-senioren-persoenlicher-alarm-mit-sos-taste-alarm-taste-gps-herzfrequenzmesser\/#breadcrumb"},"inLanguage":"de","potentialAction":[{"@type":"ReadAction","target":["https:\/\/kuus.shop\/de\/einkaufsseite\/notfalluhr-senioren\/kuus-s2-alarm-uhr-ohne-abonnement-mit-sturzerkennung-fuer-aeltere-menschen-und-senioren-persoenlicher-alarm-mit-sos-taste-alarm-taste-gps-herzfrequenzmesser\/"]}]},{"@type":"ImageObject","inLanguage":"de","@id":"https:\/\/kuus.shop\/de\/einkaufsseite\/notfalluhr-senioren\/kuus-s2-alarm-uhr-ohne-abonnement-mit-sturzerkennung-fuer-aeltere-menschen-und-senioren-persoenlicher-alarm-mit-sos-taste-alarm-taste-gps-herzfrequenzmesser\/#primaryimage","url":"https:\/\/kuus.shop\/wp-content\/uploads\/2026\/01\/notruf-uhr-notfallknopf-fur-senioren.png","contentUrl":"https:\/\/kuus.shop\/wp-content\/uploads\/2026\/01\/notruf-uhr-notfallknopf-fur-senioren.png","width":1800,"height":1800,"caption":"KUUS S2 Alarmuhr f\u00fcr Senioren mit notfallknopf"},{"@type":"BreadcrumbList","@id":"https:\/\/kuus.shop\/de\/einkaufsseite\/notfalluhr-senioren\/kuus-s2-alarm-uhr-ohne-abonnement-mit-sturzerkennung-fuer-aeltere-menschen-und-senioren-persoenlicher-alarm-mit-sos-taste-alarm-taste-gps-herzfrequenzmesser\/#breadcrumb","itemListElement":[{"@type":"ListItem","position":1,"name":"KUUS.","item":"https:\/\/kuus.shop\/de\/"},{"@type":"ListItem","position":2,"name":"Shop","item":"https:\/\/kuus.shop\/de\/shop\/"},{"@type":"ListItem","position":3,"name":"Notfalluhr f\u00fcr Senioren","item":"https:\/\/kuus.shop\/de\/notfalluhr-senioren\/"},{"@type":"ListItem","position":4,"name":"KUUS S2 Notfalluhr f\u00fcr Senioren ohne Abo mit Sturzerkennung &#8211; Notrufuhr mit Notfallknopf &#8211; Notfalluhr GPS Ortung &#8211; Seniorenuhr mit notruf &#8211; Demenz GPS"}]},{"@type":"WebSite","@id":"https:\/\/kuus.shop\/de\/#website","url":"https:\/\/kuus.shop\/de\/","name":"KUUS.","description":"Watch your valuables","publisher":{"@id":"https:\/\/kuus.shop\/de\/#organization"},"potentialAction":[{"@type":"SearchAction","target":{"@type":"EntryPoint","urlTemplate":"https:\/\/kuus.shop\/de\/?s={search_term_string}"},"query-input":{"@type":"PropertyValueSpecification","valueRequired":true,"valueName":"search_term_string"}}],"inLanguage":"de"},{"@type":"Organization","@id":"https:\/\/kuus.shop\/de\/#organization","name":"KUUS.","url":"https:\/\/kuus.shop","logo":{"@type":"ImageObject","inLanguage":"de","@id":"https:\/\/kuus.shop\/de\/#\/schema\/logo\/image\/","url":"https:\/\/kuus.shop\/wp-content\/uploads\/2023\/06\/groot-vierkant-2000x2000-1.png","contentUrl":"https:\/\/kuus.shop\/wp-content\/uploads\/2023\/06\/groot-vierkant-2000x2000-1.png","width":2000,"height":2000,"caption":"KUUS."},"image":{"@id":"https:\/\/kuus.shop\/de\/#\/schema\/logo\/image\/"},"sameAs":["https:\/\/www.facebook.com\/Kuus.nederland\/","https:\/\/www.instagram.com\/kuus.nederland\/"],"legalName":"WCMK B.V","alternateName":"KUUS"}]}},"_links":{"self":[{"href":"https:\/\/kuus.shop\/de\/wp-json\/wp\/v2\/product\/12899","targetHints":{"allow":["GET"]}}],"collection":[{"href":"https:\/\/kuus.shop\/de\/wp-json\/wp\/v2\/product"}],"about":[{"href":"https:\/\/kuus.shop\/de\/wp-json\/wp\/v2\/types\/product"}],"replies":[{"embeddable":true,"href":"https:\/\/kuus.shop\/de\/wp-json\/wp\/v2\/comments?post=12899"}],"wp:featuredmedia":[{"embeddable":true,"href":"https:\/\/kuus.shop\/de\/wp-json\/wp\/v2\/media\/16411"}],"wp:attachment":[{"href":"https:\/\/kuus.shop\/de\/wp-json\/wp\/v2\/media?parent=12899"}],"wp:term":[{"taxonomy":"product_brand","embeddable":true,"href":"https:\/\/kuus.shop\/de\/wp-json\/wp\/v2\/product_brand?post=12899"},{"taxonomy":"product_cat","embeddable":true,"href":"https:\/\/kuus.shop\/de\/wp-json\/wp\/v2\/product_cat?post=12899"},{"taxonomy":"product_tag","embeddable":true,"href":"https:\/\/kuus.shop\/de\/wp-json\/wp\/v2\/product_tag?post=12899"},{"taxonomy":"woo-feed-brand","embeddable":true,"href":"https:\/\/kuus.shop\/de\/wp-json\/wp\/v2\/woo-feed-brand?post=12899"}],"curies":[{"name":"wp","href":"https:\/\/api.w.org\/{rel}","templated":true}]}}