{"id":13739,"date":"2023-12-20T10:31:56","date_gmt":"2023-12-20T09:31:56","guid":{"rendered":"https:\/\/kuus.shop\/werden-sie-ein-ugc-ersteller-fuer-kuus\/"},"modified":"2024-09-16T11:19:54","modified_gmt":"2024-09-16T10:19:54","slug":"werden-sie-ein-ugc-ersteller-fuer-kuus","status":"publish","type":"page","link":"https:\/\/kuus.shop\/de\/werden-sie-ein-ugc-ersteller-fuer-kuus\/","title":{"rendered":"Werden Sie ein UGC-Ersteller f\u00fcr KUUS"},"content":{"rendered":"<style>\/*! elementor - v3.21.0 - 08-05-2024 *\/<br \/>\n.elementor-heading-title{padding:0;margin:0;line-height:1}.elementor-widget-heading .elementor-heading-title[class*=elementor-size-]>a{color:inherit;font-size:inherit;line-height:inherit}.elementor-widget-heading .elementor-heading-title.elementor-size-small{font-size:15px}.elementor-widget-heading .elementor-heading-title.elementor-size-medium{font-size:19px}.elementor-widget-heading .elementor-heading-title.elementor-size-large{font-size:29px}.elementor-widget-heading .elementor-heading-title.elementor-size-xl{font-size:39px}.elementor-widget-heading .elementor-heading-title.elementor-size-xxl{font-size:59px}<\/style>\n<h1>Programm f\u00fcr Social Media Creators KUUS.<\/h1>\n<p>Werden Sie ein Sch\u00f6pfer f\u00fcr KUUS. und verdienen Sie bis zu 10 \u20ac Provision pro Verkauf!<\/p>\n<p><a href=\"https:\/\/kuus.shop\/de\/kuus-werden-sie-ein-affiliate-partner\/\"><br \/>\nBeantragen Sie sofort einen Affiliate-Link!<br \/>\n<\/a><\/p>\n<p>Wir suchen nach V\u00e4tern und M\u00fcttern, die Spa\u00df daran haben, kurze Videos \u00fcber unsere Produkte zu drehen. Dies sind Videos, die die Produktmerkmale unserer Produkte zeigen. Unsere Produkte haben den &#8222;WOW&#8220;-Faktor, was bedeutet, dass ein Video \u00fcber unser Produkt ein gro\u00dfes Potenzial hat, viral zu gehen!<\/p>\n<h2><b>KUUS. Produkte haben den &#8222;WOW&#8220;-Faktor<\/b><\/h2>\n<style>\/*! elementor - v3.21.0 - 08-05-2024 *\/<br \/>\n.elementor-column .elementor-spacer-inner{height:var(--spacer-size)}.e-con{--container-widget-width:100%}.e-con-inner>.elementor-widget-spacer,.e-con>.elementor-widget-spacer{width:var(--container-widget-width,var(--spacer-size));--align-self:var(--container-widget-align-self,initial);--flex-shrink:0}.e-con-inner>.elementor-widget-spacer>.elementor-widget-container,.e-con>.elementor-widget-spacer>.elementor-widget-container{height:100%;width:100%}.e-con-inner>.elementor-widget-spacer>.elementor-widget-container>.elementor-spacer,.e-con>.elementor-widget-spacer>.elementor-widget-container>.elementor-spacer{height:100%}.e-con-inner>.elementor-widget-spacer>.elementor-widget-container>.elementor-spacer>.elementor-spacer-inner,.e-con>.elementor-widget-spacer>.elementor-widget-container>.elementor-spacer>.elementor-spacer-inner{height:var(--container-widget-height,var(--spacer-size))}.e-con-inner>.elementor-widget-spacer.elementor-widget-empty,.e-con>.elementor-widget-spacer.elementor-widget-empty{position:relative;min-height:22px;min-width:22px}.e-con-inner>.elementor-widget-spacer.elementor-widget-empty .elementor-widget-empty-icon,.e-con>.elementor-widget-spacer.elementor-widget-empty .elementor-widget-empty-icon{position:absolute;top:0;bottom:0;left:0;right:0;margin:auto;padding:0;width:22px;height:22px}<\/style>\n<h2>Was ist das Besondere an einer KUUS Smartwatch f\u00fcr Kinder?<\/h2>\n<p><img decoding=\"async\" src=\"https:\/\/kuus.shop\/wp-content\/uploads\/2024\/01\/video-call.webp\" alt=\"video call\" \/><\/p>\n<h5>Videotelefonie mit Ihrem Kind<\/h5>\n<p><img decoding=\"async\" src=\"https:\/\/kuus.shop\/wp-content\/uploads\/2024\/01\/sos-bellen.webp\" alt=\"sos bellen\" \/><\/p>\n<h5>Anruf innerhalb von 3 Sekunden mit SOS<\/h5>\n<p><img decoding=\"async\" src=\"https:\/\/kuus.shop\/wp-content\/uploads\/2024\/01\/GPS-location.webp\" alt=\"GPS location\" \/><\/p>\n<h5>Verlieren Sie niemals Ihre Kinder<\/h5>\n<p><img decoding=\"async\" src=\"https:\/\/kuus.shop\/wp-content\/uploads\/2024\/01\/Geo-Fence-blue.webp\" alt=\"Geo Fence blue\" \/><\/p>\n<h5>Einen sicheren Bereich festlegen<\/h5>\n<h2>Warum KUUS W2?<\/h2>\n<p>\ud83d\udeab\ud83c\udfae GPS f\u00fcr Kinder ohne Spiele, keine Ablenkung - nur Sicherheit und Ruhe. Mit der Smartwatch Kinder GPS haben Eltern die Gewissheit, dass ihre Kleinen sicher am Verkehr teilnehmen.<\/p>\n<p>&nbsp;<\/p>\n<ul>\n<li>\nVerlieren Sie Ihr Kind niemals per GPS.<\/li>\n<li>\nLegen Sie einen sicheren Bereich fest. Lassen Sie sich benachrichtigen, wenn Ihr Kind den Bereich betritt oder verl\u00e4sst.<\/li>\n<li>\nDas Kind kann Sie per Video anrufen oder SOS rufen und Sie k\u00f6nnen das Kind anrufen.<\/li>\n<li>\nKein Abonnement wie bei anderen Marken.<\/li>\n<\/ul>\n<p><b style=\"font-family: inherit; color: #1a2733; font-size: 1.5rem;\">Was k\u00f6nnen Sie verdienen?<\/b><\/p>\n<p>Nur ein Rechenbeispiel: Angenommen, die Eltern von Inge und Lars kaufen zwei KUUS \u00fcber Ihren Link. W2 Uhren zu je \u20ac110 inkl. MwSt. Der Gesamtbetrag betr\u00e4gt dann 220 \u20ac. Sie erhalten dann 7% x 220 \u20ac = 15,40 \u20ac. Und mit 9% x 220 \u20ac = 19,80 \u20ac. Und das nur mit der Weiterleitung eines Links. Trotzdem einfach!<\/p>\n<p>* Der Endbetrag kann aufgrund von zus\u00e4tzlichem Zubeh\u00f6r pro Produkt h\u00f6her sein. Auf die Provision muss noch Mehrwertsteuer gezahlt werden.<\/p>\n<h2>UGC Beispielvideo<\/h2>\n<p><iframe title=\"Dit zorgt ervoor dat ik mijn dochter met een gerust hart laat buitenspelen #shorts #GPS #ouders\" width=\"500\" height=\"281\" src=\"https:\/\/www.youtube.com\/embed\/LNLl5zjUYQc?feature=oembed\" frameborder=\"0\" allow=\"accelerometer; autoplay; clipboard-write; encrypted-media; gyroscope; picture-in-picture; web-share\" referrerpolicy=\"strict-origin-when-cross-origin\" allowfullscreen><\/iframe><\/p>\n<h2>Wie fange ich an?<\/h2>\n<ol>\n<li>Erhalten Sie eine KOSTENLOSE GPS-Uhr (im Wert von 110 \u20ac), um Inhalte zu erstellen. <a href=\"mailto:affiliate@kuus.shop?&amp;subject=UGC%20kortingscode%20aanvragen&amp;body=Hoi%20Bas%20en%20Eric,%20%0D%0A%20%0D%0A%20Ik%20wil%20me%20aanmelden%20als%20UGC%20creator%20voor%20KUUS.%20Ik%20wil%20graag%20een%20persoonlijke%20100%%20kortingscode%20ontvangen.%20%0D%0A%20Mijn%20naam%20is:%0D%0A%20Mijn%20instagram%20\/%20tiktok%20is:\">Fordern Sie hier Ihren 100% Rabattcode an<\/a><\/li>\n<li>Verwenden Sie Ihr aktuelles Konto oder erstellen Sie ein neues Konto auf Instagram und TikTok.<\/li>\n<li>Platzieren Sie Ihren einzigartigen Link zu unserem Produkt in Ihrer Bio<\/li>\n<li>Laden Sie kurze, lustige Videos \u00fcber unsere GPS-Uhr f\u00fcr Kinder hoch! (Wir k\u00f6nnen Ihnen mit Drehbuchideen helfen)<\/li>\n<li>Verdienen Sie 7% Provision von jedem erfolgreichen Verkauf!<\/li>\n<li>Verkaufen Sie 10 Uhren und erhalten Sie 9% Provision \ud83c\udf81.<\/li>\n<\/ol>\n<p><a href=\"https:\/\/kuus.shop\/de\/kuus-werden-sie-ein-affiliate-partner\/\"><br \/>\nBeantragen Sie sofort einen Affiliate-Link!<br \/>\n<\/a><\/p>\n<h3>Bis zu 9% Provision pro Kauf<\/h3>\n<p>\u00dcber den gesamten Betrag im Warenkorb, also auch wenn Eltern 2 Uhren f\u00fcr ihre Kinder kaufen!<\/p>\n<h3>Dashboard f\u00fcr Partner<\/h3>\n<p>Verfolgen Sie live, wie viele Kunden und wie viele Verk\u00e4ufe Sie mit Ihrem eigenen, einzigartigen Werbelink gemacht haben!<\/p>\n<h3>Monatliche Zahlung<\/h3>\n<p>Ihre Provision wird jeden Monat automatisch ausgezahlt<\/p>\n<h3>Bereit in 60 Sekunden<\/h3>\n<p>Melden Sie sich als Qualit\u00e4tspartner an, und wenn Sie unserem Profil entsprechen, k\u00f6nnen Sie sofort mit der Werbung beginnen!<\/p>\n<h2>Beginnen Sie noch heute!<\/h2>\n<p><a href=\"https:\/\/kuus.shop\/de\/kuus-werden-sie-ein-affiliate-partner\/\"><br \/>\nBeantragen Sie sofort einen Affiliate-Link!<br \/>\n<\/a><\/p>\n<h2>H\u00e4ufig gestellte Fragen<\/h2>\n<p>Woher wissen Sie, dass ein Verkauf durch mich zustande gekommen ist?<\/p>\n<p>Sie erhalten einen personalisierten Affiliate-Link, mit dem Sie unsere Produkte bewerben k\u00f6nnen. Wenn jemand auf Ihren Partnerlink klickt, wird ein Cookie auf seinem Ger\u00e4t platziert, das unserem Zahlungssystem mitteilt, dass dieser Verkauf \u00fcber Sie get\u00e4tigt wurde. Dieser Verkauf wird dann automatisch mit Ihrem Konto verkn\u00fcpft.<\/p>\n<p>Wie viel kann ich als Partner verdienen?<\/p>\n<p>Es gibt keine Obergrenze f\u00fcr die Einnahmen, die Sie erzielen k\u00f6nnen. Die Provision, die Sie erhalten, betr\u00e4gt 7 bis 9 %. Je mehr Leute Sie vermitteln, desto schneller steigt Ihr Verdienst.<\/p>\n<p>Wie lange dauert das Cookie?<\/p>\n<p>Wir verwenden eine Cookie-Dauer von 30 Tagen. Wenn sich jemand innerhalb von 30 Tagen, nachdem er auf Ihren Link geklickt hat, entschlie\u00dft, unsere Software zu nutzen, wird die Provision Ihrem Konto gutgeschrieben. Der zuletzt angeklickte Link z\u00e4hlt als Affiliate-Link.<\/p>\n<p>Wie lange ist der Auszahlungszeitraum?<\/p>\n<p>Jeden Monat wird eine Auszahlung f\u00fcr freigegebene Zahlungen vorgenommen. Bei iDEAL-Zahlungen werden sie nach 28 Tagen freigegeben, bei Lastschriften nach 60 Tagen. In Ihrem pers\u00f6nlichen Partnerkonto k\u00f6nnen Sie genau sehen, welche Zahlungen freigegeben wurden und wie viele Provisionen Sie bisher verdient haben.<\/p>\n<p>Kann ich neben dem Link auch direkt zu den Produkten auf Ihrer Website verlinken?<\/p>\n<p>Sie k\u00f6nnen unser Angebot sogar ganz oder teilweise auf Ihrer eigenen Website platzieren. Das liegt ganz in Ihrem eigenen Ermessen. Wenn ein Kunde auf ein Produkt klickt und bei uns kauft, erhalten Sie bis zu 9 % des Umsatzes. Sie m\u00fcssen nichts dagegen tun.<\/p>\n<p>Das scheint zu sch\u00f6n, um wahr zu sein. Wo ist der Haken?<\/p>\n<p>Nein, definitiv nicht. KUUS. ist ein renommiertes und f\u00fchrendes Unternehmen in seiner Branche. Wenn Sie unten ein Partnerkonto erstellen, erhalten Sie Ihr eigenes Dashboard, auf dem Sie sehen k\u00f6nnen, wie beliebt Ihre Links sind (wie viele Klicks, Verk\u00e4ufe und Konversionen). Auf diese Weise k\u00f6nnen Sie auch alles selbst \u00fcberpr\u00fcfen und verbessern.<\/p>\n<h2>Kollaboration?<\/h2>\n<p>Stehen Sie hinter unseren Produkten und sind Sie an einer Zusammenarbeit interessiert? Haben Sie einen interessanten Kundenkreis, z. B. einen Social-Media-Account, oder denken Sie \u00fcber eine Zusammenarbeit nach?<\/p>\n<p>Wir laden Sie ein, sich mit uns in Verbindung zu setzen.<strong> Wir denken gerne mit Ihnen mit!<\/strong><\/p>\n<p><a href=\"https:\/\/kuus.shop\/de\/kontakt\/\"><br \/>\nKontakt aufnehmen<br \/>\n<\/a><\/p>\n","protected":false},"excerpt":{"rendered":"<p>Sie erhalten bis zu 10 \u20ac pro Verkauf f\u00fcr einen KUUS. GPS-Uhr f\u00fcr Kinder<\/p>\n","protected":false},"author":2,"featured_media":12107,"parent":0,"menu_order":0,"comment_status":"closed","ping_status":"closed","template":"","meta":{"_acf_changed":false,"inline_featured_image":false,"footnotes":""},"class_list":["post-13739","page","type-page","status-publish","has-post-thumbnail","hentry"],"acf":[],"yoast_head":"<!-- This site is optimized with the Yoast SEO plugin v27.5 - https:\/\/yoast.com\/product\/yoast-seo-wordpress\/ -->\n<title>Werden Sie ein UGC-Ersteller f\u00fcr KUUS - KUUS.<\/title>\n<meta name=\"robots\" content=\"index, follow, max-snippet:-1, max-image-preview:large, max-video-preview:-1\" \/>\n<link rel=\"canonical\" href=\"https:\/\/kuus.shop\/de\/werden-sie-ein-ugc-ersteller-fuer-kuus\/\" \/>\n<meta property=\"og:locale\" content=\"de_DE\" \/>\n<meta property=\"og:type\" content=\"article\" \/>\n<meta property=\"og:title\" content=\"Werden Sie ein UGC-Ersteller f\u00fcr KUUS - KUUS.\" \/>\n<meta property=\"og:description\" content=\"Sie erhalten bis zu 10 \u20ac pro Verkauf f\u00fcr einen KUUS. GPS-Uhr f\u00fcr Kinder\" \/>\n<meta property=\"og:url\" content=\"https:\/\/kuus.shop\/de\/werden-sie-ein-ugc-ersteller-fuer-kuus\/\" \/>\n<meta property=\"og:site_name\" content=\"KUUS.\" \/>\n<meta property=\"article:publisher\" content=\"https:\/\/www.facebook.com\/Kuus.nederland\/\" \/>\n<meta property=\"article:modified_time\" content=\"2024-09-16T10:19:54+00:00\" \/>\n<meta property=\"og:image\" content=\"https:\/\/kuus.shop\/wp-content\/uploads\/2023\/05\/image-1.jpeg\" \/>\n\t<meta property=\"og:image:width\" content=\"2560\" \/>\n\t<meta property=\"og:image:height\" content=\"1100\" \/>\n\t<meta property=\"og:image:type\" content=\"image\/jpeg\" \/>\n<meta name=\"twitter:card\" content=\"summary_large_image\" \/>\n<meta name=\"twitter:label1\" content=\"Gesch\u00e4tzte Lesezeit\" \/>\n\t<meta name=\"twitter:data1\" content=\"4 Minuten\" \/>\n<script type=\"application\/ld+json\" class=\"yoast-schema-graph\">{\"@context\":\"https:\\\/\\\/schema.org\",\"@graph\":[{\"@type\":\"WebPage\",\"@id\":\"https:\\\/\\\/kuus.shop\\\/de\\\/werden-sie-ein-ugc-ersteller-fuer-kuus\\\/\",\"url\":\"https:\\\/\\\/kuus.shop\\\/de\\\/werden-sie-ein-ugc-ersteller-fuer-kuus\\\/\",\"name\":\"Werden Sie ein UGC-Ersteller f\u00fcr KUUS - KUUS.\",\"isPartOf\":{\"@id\":\"https:\\\/\\\/kuus.shop\\\/de\\\/#website\"},\"primaryImageOfPage\":{\"@id\":\"https:\\\/\\\/kuus.shop\\\/de\\\/werden-sie-ein-ugc-ersteller-fuer-kuus\\\/#primaryimage\"},\"image\":{\"@id\":\"https:\\\/\\\/kuus.shop\\\/de\\\/werden-sie-ein-ugc-ersteller-fuer-kuus\\\/#primaryimage\"},\"thumbnailUrl\":\"https:\\\/\\\/kuus.shop\\\/wp-content\\\/uploads\\\/2023\\\/05\\\/image-1.jpeg\",\"datePublished\":\"2023-12-20T09:31:56+00:00\",\"dateModified\":\"2024-09-16T10:19:54+00:00\",\"breadcrumb\":{\"@id\":\"https:\\\/\\\/kuus.shop\\\/de\\\/werden-sie-ein-ugc-ersteller-fuer-kuus\\\/#breadcrumb\"},\"inLanguage\":\"de\",\"potentialAction\":[{\"@type\":\"ReadAction\",\"target\":[\"https:\\\/\\\/kuus.shop\\\/de\\\/werden-sie-ein-ugc-ersteller-fuer-kuus\\\/\"]}]},{\"@type\":\"ImageObject\",\"inLanguage\":\"de\",\"@id\":\"https:\\\/\\\/kuus.shop\\\/de\\\/werden-sie-ein-ugc-ersteller-fuer-kuus\\\/#primaryimage\",\"url\":\"https:\\\/\\\/kuus.shop\\\/wp-content\\\/uploads\\\/2023\\\/05\\\/image-1.jpeg\",\"contentUrl\":\"https:\\\/\\\/kuus.shop\\\/wp-content\\\/uploads\\\/2023\\\/05\\\/image-1.jpeg\",\"width\":2560,\"height\":1100},{\"@type\":\"BreadcrumbList\",\"@id\":\"https:\\\/\\\/kuus.shop\\\/de\\\/werden-sie-ein-ugc-ersteller-fuer-kuus\\\/#breadcrumb\",\"itemListElement\":[{\"@type\":\"ListItem\",\"position\":1,\"name\":\"KUUS.\",\"item\":\"https:\\\/\\\/kuus.shop\\\/de\\\/\"},{\"@type\":\"ListItem\",\"position\":2,\"name\":\"Werden Sie ein UGC-Ersteller f\u00fcr KUUS\"}]},{\"@type\":\"WebSite\",\"@id\":\"https:\\\/\\\/kuus.shop\\\/de\\\/#website\",\"url\":\"https:\\\/\\\/kuus.shop\\\/de\\\/\",\"name\":\"KUUS.\",\"description\":\"Watch your valuables\",\"publisher\":{\"@id\":\"https:\\\/\\\/kuus.shop\\\/de\\\/#organization\"},\"potentialAction\":[{\"@type\":\"SearchAction\",\"target\":{\"@type\":\"EntryPoint\",\"urlTemplate\":\"https:\\\/\\\/kuus.shop\\\/de\\\/?s={search_term_string}\"},\"query-input\":{\"@type\":\"PropertyValueSpecification\",\"valueRequired\":true,\"valueName\":\"search_term_string\"}}],\"inLanguage\":\"de\"},{\"@type\":\"Organization\",\"@id\":\"https:\\\/\\\/kuus.shop\\\/de\\\/#organization\",\"name\":\"KUUS.\",\"url\":\"https:\\\/\\\/kuus.shop\",\"logo\":{\"@type\":\"ImageObject\",\"inLanguage\":\"de\",\"@id\":\"https:\\\/\\\/kuus.shop\\\/de\\\/#\\\/schema\\\/logo\\\/image\\\/\",\"url\":\"https:\\\/\\\/kuus.shop\\\/wp-content\\\/uploads\\\/2023\\\/06\\\/groot-vierkant-2000x2000-1.png\",\"contentUrl\":\"https:\\\/\\\/kuus.shop\\\/wp-content\\\/uploads\\\/2023\\\/06\\\/groot-vierkant-2000x2000-1.png\",\"width\":2000,\"height\":2000,\"caption\":\"KUUS.\"},\"image\":{\"@id\":\"https:\\\/\\\/kuus.shop\\\/de\\\/#\\\/schema\\\/logo\\\/image\\\/\"},\"sameAs\":[\"https:\\\/\\\/www.facebook.com\\\/Kuus.nederland\\\/\",\"https:\\\/\\\/www.instagram.com\\\/kuus.nederland\\\/\"],\"legalName\":\"WCMK B.V\",\"alternateName\":\"KUUS\"}]}<\/script>\n<!-- \/ Yoast SEO plugin. -->","yoast_head_json":{"title":"Werden Sie ein UGC-Ersteller f\u00fcr KUUS - KUUS.","robots":{"index":"index","follow":"follow","max-snippet":"max-snippet:-1","max-image-preview":"max-image-preview:large","max-video-preview":"max-video-preview:-1"},"canonical":"https:\/\/kuus.shop\/de\/werden-sie-ein-ugc-ersteller-fuer-kuus\/","og_locale":"de_DE","og_type":"article","og_title":"Werden Sie ein UGC-Ersteller f\u00fcr KUUS - KUUS.","og_description":"Sie erhalten bis zu 10 \u20ac pro Verkauf f\u00fcr einen KUUS. GPS-Uhr f\u00fcr Kinder","og_url":"https:\/\/kuus.shop\/de\/werden-sie-ein-ugc-ersteller-fuer-kuus\/","og_site_name":"KUUS.","article_publisher":"https:\/\/www.facebook.com\/Kuus.nederland\/","article_modified_time":"2024-09-16T10:19:54+00:00","og_image":[{"width":2560,"height":1100,"url":"https:\/\/kuus.shop\/wp-content\/uploads\/2023\/05\/image-1.jpeg","type":"image\/jpeg"}],"twitter_card":"summary_large_image","twitter_misc":{"Gesch\u00e4tzte Lesezeit":"4 Minuten"},"schema":{"@context":"https:\/\/schema.org","@graph":[{"@type":"WebPage","@id":"https:\/\/kuus.shop\/de\/werden-sie-ein-ugc-ersteller-fuer-kuus\/","url":"https:\/\/kuus.shop\/de\/werden-sie-ein-ugc-ersteller-fuer-kuus\/","name":"Werden Sie ein UGC-Ersteller f\u00fcr KUUS - KUUS.","isPartOf":{"@id":"https:\/\/kuus.shop\/de\/#website"},"primaryImageOfPage":{"@id":"https:\/\/kuus.shop\/de\/werden-sie-ein-ugc-ersteller-fuer-kuus\/#primaryimage"},"image":{"@id":"https:\/\/kuus.shop\/de\/werden-sie-ein-ugc-ersteller-fuer-kuus\/#primaryimage"},"thumbnailUrl":"https:\/\/kuus.shop\/wp-content\/uploads\/2023\/05\/image-1.jpeg","datePublished":"2023-12-20T09:31:56+00:00","dateModified":"2024-09-16T10:19:54+00:00","breadcrumb":{"@id":"https:\/\/kuus.shop\/de\/werden-sie-ein-ugc-ersteller-fuer-kuus\/#breadcrumb"},"inLanguage":"de","potentialAction":[{"@type":"ReadAction","target":["https:\/\/kuus.shop\/de\/werden-sie-ein-ugc-ersteller-fuer-kuus\/"]}]},{"@type":"ImageObject","inLanguage":"de","@id":"https:\/\/kuus.shop\/de\/werden-sie-ein-ugc-ersteller-fuer-kuus\/#primaryimage","url":"https:\/\/kuus.shop\/wp-content\/uploads\/2023\/05\/image-1.jpeg","contentUrl":"https:\/\/kuus.shop\/wp-content\/uploads\/2023\/05\/image-1.jpeg","width":2560,"height":1100},{"@type":"BreadcrumbList","@id":"https:\/\/kuus.shop\/de\/werden-sie-ein-ugc-ersteller-fuer-kuus\/#breadcrumb","itemListElement":[{"@type":"ListItem","position":1,"name":"KUUS.","item":"https:\/\/kuus.shop\/de\/"},{"@type":"ListItem","position":2,"name":"Werden Sie ein UGC-Ersteller f\u00fcr KUUS"}]},{"@type":"WebSite","@id":"https:\/\/kuus.shop\/de\/#website","url":"https:\/\/kuus.shop\/de\/","name":"KUUS.","description":"Watch your valuables","publisher":{"@id":"https:\/\/kuus.shop\/de\/#organization"},"potentialAction":[{"@type":"SearchAction","target":{"@type":"EntryPoint","urlTemplate":"https:\/\/kuus.shop\/de\/?s={search_term_string}"},"query-input":{"@type":"PropertyValueSpecification","valueRequired":true,"valueName":"search_term_string"}}],"inLanguage":"de"},{"@type":"Organization","@id":"https:\/\/kuus.shop\/de\/#organization","name":"KUUS.","url":"https:\/\/kuus.shop","logo":{"@type":"ImageObject","inLanguage":"de","@id":"https:\/\/kuus.shop\/de\/#\/schema\/logo\/image\/","url":"https:\/\/kuus.shop\/wp-content\/uploads\/2023\/06\/groot-vierkant-2000x2000-1.png","contentUrl":"https:\/\/kuus.shop\/wp-content\/uploads\/2023\/06\/groot-vierkant-2000x2000-1.png","width":2000,"height":2000,"caption":"KUUS."},"image":{"@id":"https:\/\/kuus.shop\/de\/#\/schema\/logo\/image\/"},"sameAs":["https:\/\/www.facebook.com\/Kuus.nederland\/","https:\/\/www.instagram.com\/kuus.nederland\/"],"legalName":"WCMK B.V","alternateName":"KUUS"}]}},"_links":{"self":[{"href":"https:\/\/kuus.shop\/de\/wp-json\/wp\/v2\/pages\/13739","targetHints":{"allow":["GET"]}}],"collection":[{"href":"https:\/\/kuus.shop\/de\/wp-json\/wp\/v2\/pages"}],"about":[{"href":"https:\/\/kuus.shop\/de\/wp-json\/wp\/v2\/types\/page"}],"author":[{"embeddable":true,"href":"https:\/\/kuus.shop\/de\/wp-json\/wp\/v2\/users\/2"}],"replies":[{"embeddable":true,"href":"https:\/\/kuus.shop\/de\/wp-json\/wp\/v2\/comments?post=13739"}],"version-history":[{"count":2,"href":"https:\/\/kuus.shop\/de\/wp-json\/wp\/v2\/pages\/13739\/revisions"}],"predecessor-version":[{"id":18024,"href":"https:\/\/kuus.shop\/de\/wp-json\/wp\/v2\/pages\/13739\/revisions\/18024"}],"wp:featuredmedia":[{"embeddable":true,"href":"https:\/\/kuus.shop\/de\/wp-json\/wp\/v2\/media\/12107"}],"wp:attachment":[{"href":"https:\/\/kuus.shop\/de\/wp-json\/wp\/v2\/media?parent=13739"}],"curies":[{"name":"wp","href":"https:\/\/api.w.org\/{rel}","templated":true}]}}