{"id":13572,"date":"2023-05-04T10:37:40","date_gmt":"2023-05-04T09:37:40","guid":{"rendered":"https:\/\/kuus.shop\/bezahlung-bestellen\/"},"modified":"2025-04-11T03:02:38","modified_gmt":"2025-04-11T02:02:38","slug":"bezahlung-bestellen","status":"publish","type":"page","link":"https:\/\/kuus.shop\/de\/bezahlung-bestellen\/","title":{"rendered":"Bezahlung bestellen"},"content":{"rendered":"<ul>\n<li><a href=\"\/\"><br \/>\nStartseite<br \/>\n<\/a><\/li>\n<li>\/ Bestellung Zahlung<\/li>\n<\/ul>\n<style>\/*! elementor - v3.21.0 - 26-05-2024 *\/<br \/>\n.elementor-heading-title{padding:0;margin:0;line-height:1}.elementor-widget-heading .elementor-heading-title[class*=elementor-size-]>a{color:inherit;font-size:inherit;line-height:inherit}.elementor-widget-heading .elementor-heading-title.elementor-size-small{font-size:15px}.elementor-widget-heading .elementor-heading-title.elementor-size-medium{font-size:19px}.elementor-widget-heading .elementor-heading-title.elementor-size-large{font-size:29px}.elementor-widget-heading .elementor-heading-title.elementor-size-xl{font-size:39px}.elementor-widget-heading .elementor-heading-title.elementor-size-xxl{font-size:59px}<\/style>\n<h1>Bezahlung bestellen<\/h1>\n<h3><strong>Bestellung<\/strong><\/h3>\n<p>Bestellungen, die vor 17 Uhr eingehen, werden am n\u00e4chsten Tag zugestellt. W\u00e4hrend der Ferien oder in anderen arbeitsreichen Zeiten kann dies l\u00e4nger dauern. Sie k\u00f6nnen die Sendung (Track &amp; Trace) \u00fcber unsere E-Mail support@kuus.shop abfragen.<\/p>\n<p>Sollte etwas mit der Bestellung nicht in Ordnung sein, werden Sie so schnell wie m\u00f6glich kontaktiert. Unsere Verkaufspreise enthalten die Versandkosten.<\/p>\n<h3><strong id=\"hoe_kan_ik_een_bestelling_plaatsen?\">Wie kann ich eine Bestellung aufgeben?<\/strong><\/h3>\n<p>Auf der Produktseite k\u00f6nnen Sie Ihr Produkt bestellen, indem Sie auf die gr\u00fcne Schaltfl\u00e4che klicken. Geben Sie Ihre Daten ein, w\u00e4hlen Sie Ihre Zahlungsmethode und dr\u00fccken Sie dann auf: &#8222;Bestellen und bezahlen&#8220;. Sie werden automatisch zu der von Ihnen gew\u00e4hlten Zahlungsmethode weitergeleitet.<\/p>\n<h3 id=\"betalen\"><strong>Bezahlen Sie<\/strong><\/h3>\n<p>Sie k\u00f6nnen die Produkte \u00fcber die Bestellumgebung des Webshops bestellen und bezahlen. Sie haben die M\u00f6glichkeit, mit IDEAL, Mastercard, Visa, Bancontact, Giropay oder Paypal zu bezahlen. Alle Produkte enthalten 21% Mehrwertsteuer.<\/p>\n<p>&nbsp;<\/p>\n","protected":false},"excerpt":{"rendered":"<p>Startseite \/ Bestellung Zahlung Bezahlung bestellen Bestellung Bestellungen, die vor 17 Uhr eingehen, werden am n\u00e4chsten Tag zugestellt. W\u00e4hrend der Ferien oder in anderen arbeitsreichen Zeiten kann dies l\u00e4nger dauern. Sie k\u00f6nnen die Sendung (Track &amp; Trace) \u00fcber unsere E-Mail support@kuus.shop abfragen. Sollte etwas mit der Bestellung nicht in Ordnung sein, werden Sie so schnell [&hellip;]<\/p>\n","protected":false},"author":2,"featured_media":11625,"parent":0,"menu_order":0,"comment_status":"closed","ping_status":"closed","template":"","meta":{"_acf_changed":false,"inline_featured_image":false,"footnotes":""},"class_list":["post-13572","page","type-page","status-publish","has-post-thumbnail","hentry"],"acf":[],"yoast_head":"<!-- This site is optimized with the Yoast SEO plugin v27.3 - https:\/\/yoast.com\/product\/yoast-seo-wordpress\/ -->\n<title>Alle Informationen \u00fcber Bestellung &amp; Bezahlung bei GenericProductName. - KUUS.<\/title>\n<meta name=\"description\" content=\"Alle Informationen \u00fcber die Bestellung &amp; Bezahlung bei GenericProductName. \u2713 Sichere Bezahlung \u2713 Nicht zufriedenstellend? Geld zur\u00fcck! 14-t\u00e4giges R\u00fcckgaberecht\" \/>\n<meta name=\"robots\" content=\"index, follow, max-snippet:-1, max-image-preview:large, max-video-preview:-1\" \/>\n<link rel=\"canonical\" href=\"https:\/\/kuus.shop\/de\/bezahlung-bestellen\/\" \/>\n<meta property=\"og:locale\" content=\"de_DE\" \/>\n<meta property=\"og:type\" content=\"article\" \/>\n<meta property=\"og:title\" content=\"Alle Informationen \u00fcber Bestellung &amp; Bezahlung bei GenericProductName. - KUUS.\" \/>\n<meta property=\"og:description\" content=\"Alle Informationen \u00fcber die Bestellung &amp; Bezahlung bei GenericProductName. \u2713 Sichere Bezahlung \u2713 Nicht zufriedenstellend? Geld zur\u00fcck! 14-t\u00e4giges R\u00fcckgaberecht\" \/>\n<meta property=\"og:url\" content=\"https:\/\/kuus.shop\/de\/bezahlung-bestellen\/\" \/>\n<meta property=\"og:site_name\" content=\"KUUS.\" \/>\n<meta property=\"article:publisher\" content=\"https:\/\/www.facebook.com\/Kuus.nederland\/\" \/>\n<meta property=\"article:modified_time\" content=\"2025-04-11T02:02:38+00:00\" \/>\n<meta property=\"og:image\" content=\"https:\/\/kuus.shop\/wp-content\/uploads\/2023\/02\/s1-top-bg.jpg\" \/>\n\t<meta property=\"og:image:width\" content=\"2400\" \/>\n\t<meta property=\"og:image:height\" content=\"635\" \/>\n\t<meta property=\"og:image:type\" content=\"image\/jpeg\" \/>\n<meta name=\"twitter:card\" content=\"summary_large_image\" \/>\n<meta name=\"twitter:label1\" content=\"Gesch\u00e4tzte Lesezeit\" \/>\n\t<meta name=\"twitter:data1\" content=\"1\u00a0Minute\" \/>\n<script type=\"application\/ld+json\" class=\"yoast-schema-graph\">{\"@context\":\"https:\\\/\\\/schema.org\",\"@graph\":[{\"@type\":\"WebPage\",\"@id\":\"https:\\\/\\\/kuus.shop\\\/de\\\/bezahlung-bestellen\\\/\",\"url\":\"https:\\\/\\\/kuus.shop\\\/de\\\/bezahlung-bestellen\\\/\",\"name\":\"Alle Informationen \u00fcber Bestellung & Bezahlung bei GenericProductName. - KUUS.\",\"isPartOf\":{\"@id\":\"https:\\\/\\\/kuus.shop\\\/de\\\/#website\"},\"primaryImageOfPage\":{\"@id\":\"https:\\\/\\\/kuus.shop\\\/de\\\/bezahlung-bestellen\\\/#primaryimage\"},\"image\":{\"@id\":\"https:\\\/\\\/kuus.shop\\\/de\\\/bezahlung-bestellen\\\/#primaryimage\"},\"thumbnailUrl\":\"https:\\\/\\\/kuus.shop\\\/wp-content\\\/uploads\\\/2023\\\/02\\\/s1-top-bg.jpg\",\"datePublished\":\"2023-05-04T09:37:40+00:00\",\"dateModified\":\"2025-04-11T02:02:38+00:00\",\"description\":\"Alle Informationen \u00fcber die Bestellung & Bezahlung bei GenericProductName. \u2713 Sichere Bezahlung \u2713 Nicht zufriedenstellend? Geld zur\u00fcck! 14-t\u00e4giges R\u00fcckgaberecht\",\"breadcrumb\":{\"@id\":\"https:\\\/\\\/kuus.shop\\\/de\\\/bezahlung-bestellen\\\/#breadcrumb\"},\"inLanguage\":\"de\",\"potentialAction\":[{\"@type\":\"ReadAction\",\"target\":[\"https:\\\/\\\/kuus.shop\\\/de\\\/bezahlung-bestellen\\\/\"]}]},{\"@type\":\"ImageObject\",\"inLanguage\":\"de\",\"@id\":\"https:\\\/\\\/kuus.shop\\\/de\\\/bezahlung-bestellen\\\/#primaryimage\",\"url\":\"https:\\\/\\\/kuus.shop\\\/wp-content\\\/uploads\\\/2023\\\/02\\\/s1-top-bg.jpg\",\"contentUrl\":\"https:\\\/\\\/kuus.shop\\\/wp-content\\\/uploads\\\/2023\\\/02\\\/s1-top-bg.jpg\",\"width\":2400,\"height\":635,\"caption\":\"Alarm horloge ouderen\"},{\"@type\":\"BreadcrumbList\",\"@id\":\"https:\\\/\\\/kuus.shop\\\/de\\\/bezahlung-bestellen\\\/#breadcrumb\",\"itemListElement\":[{\"@type\":\"ListItem\",\"position\":1,\"name\":\"KUUS.\",\"item\":\"https:\\\/\\\/kuus.shop\\\/de\\\/\"},{\"@type\":\"ListItem\",\"position\":2,\"name\":\"Bezahlung bestellen\"}]},{\"@type\":\"WebSite\",\"@id\":\"https:\\\/\\\/kuus.shop\\\/de\\\/#website\",\"url\":\"https:\\\/\\\/kuus.shop\\\/de\\\/\",\"name\":\"KUUS.\",\"description\":\"Watch your valuables\",\"publisher\":{\"@id\":\"https:\\\/\\\/kuus.shop\\\/de\\\/#organization\"},\"potentialAction\":[{\"@type\":\"SearchAction\",\"target\":{\"@type\":\"EntryPoint\",\"urlTemplate\":\"https:\\\/\\\/kuus.shop\\\/de\\\/?s={search_term_string}\"},\"query-input\":{\"@type\":\"PropertyValueSpecification\",\"valueRequired\":true,\"valueName\":\"search_term_string\"}}],\"inLanguage\":\"de\"},{\"@type\":\"Organization\",\"@id\":\"https:\\\/\\\/kuus.shop\\\/de\\\/#organization\",\"name\":\"KUUS.\",\"url\":\"https:\\\/\\\/kuus.shop\",\"logo\":{\"@type\":\"ImageObject\",\"inLanguage\":\"de\",\"@id\":\"https:\\\/\\\/kuus.shop\\\/de\\\/#\\\/schema\\\/logo\\\/image\\\/\",\"url\":\"https:\\\/\\\/kuus.shop\\\/wp-content\\\/uploads\\\/2023\\\/06\\\/groot-vierkant-2000x2000-1.png\",\"contentUrl\":\"https:\\\/\\\/kuus.shop\\\/wp-content\\\/uploads\\\/2023\\\/06\\\/groot-vierkant-2000x2000-1.png\",\"width\":2000,\"height\":2000,\"caption\":\"KUUS.\"},\"image\":{\"@id\":\"https:\\\/\\\/kuus.shop\\\/de\\\/#\\\/schema\\\/logo\\\/image\\\/\"},\"sameAs\":[\"https:\\\/\\\/www.facebook.com\\\/Kuus.nederland\\\/\",\"https:\\\/\\\/www.instagram.com\\\/kuus.nederland\\\/\"],\"legalName\":\"WCMK B.V\",\"alternateName\":\"KUUS\"}]}<\/script>\n<!-- \/ Yoast SEO plugin. -->","yoast_head_json":{"title":"Alle Informationen \u00fcber Bestellung & Bezahlung bei GenericProductName. - KUUS.","description":"Alle Informationen \u00fcber die Bestellung & Bezahlung bei GenericProductName. \u2713 Sichere Bezahlung \u2713 Nicht zufriedenstellend? Geld zur\u00fcck! 14-t\u00e4giges R\u00fcckgaberecht","robots":{"index":"index","follow":"follow","max-snippet":"max-snippet:-1","max-image-preview":"max-image-preview:large","max-video-preview":"max-video-preview:-1"},"canonical":"https:\/\/kuus.shop\/de\/bezahlung-bestellen\/","og_locale":"de_DE","og_type":"article","og_title":"Alle Informationen \u00fcber Bestellung & Bezahlung bei GenericProductName. - KUUS.","og_description":"Alle Informationen \u00fcber die Bestellung & Bezahlung bei GenericProductName. \u2713 Sichere Bezahlung \u2713 Nicht zufriedenstellend? Geld zur\u00fcck! 14-t\u00e4giges R\u00fcckgaberecht","og_url":"https:\/\/kuus.shop\/de\/bezahlung-bestellen\/","og_site_name":"KUUS.","article_publisher":"https:\/\/www.facebook.com\/Kuus.nederland\/","article_modified_time":"2025-04-11T02:02:38+00:00","og_image":[{"width":2400,"height":635,"url":"https:\/\/kuus.shop\/wp-content\/uploads\/2023\/02\/s1-top-bg.jpg","type":"image\/jpeg"}],"twitter_card":"summary_large_image","twitter_misc":{"Gesch\u00e4tzte Lesezeit":"1\u00a0Minute"},"schema":{"@context":"https:\/\/schema.org","@graph":[{"@type":"WebPage","@id":"https:\/\/kuus.shop\/de\/bezahlung-bestellen\/","url":"https:\/\/kuus.shop\/de\/bezahlung-bestellen\/","name":"Alle Informationen \u00fcber Bestellung & Bezahlung bei GenericProductName. - KUUS.","isPartOf":{"@id":"https:\/\/kuus.shop\/de\/#website"},"primaryImageOfPage":{"@id":"https:\/\/kuus.shop\/de\/bezahlung-bestellen\/#primaryimage"},"image":{"@id":"https:\/\/kuus.shop\/de\/bezahlung-bestellen\/#primaryimage"},"thumbnailUrl":"https:\/\/kuus.shop\/wp-content\/uploads\/2023\/02\/s1-top-bg.jpg","datePublished":"2023-05-04T09:37:40+00:00","dateModified":"2025-04-11T02:02:38+00:00","description":"Alle Informationen \u00fcber die Bestellung & Bezahlung bei GenericProductName. \u2713 Sichere Bezahlung \u2713 Nicht zufriedenstellend? Geld zur\u00fcck! 14-t\u00e4giges R\u00fcckgaberecht","breadcrumb":{"@id":"https:\/\/kuus.shop\/de\/bezahlung-bestellen\/#breadcrumb"},"inLanguage":"de","potentialAction":[{"@type":"ReadAction","target":["https:\/\/kuus.shop\/de\/bezahlung-bestellen\/"]}]},{"@type":"ImageObject","inLanguage":"de","@id":"https:\/\/kuus.shop\/de\/bezahlung-bestellen\/#primaryimage","url":"https:\/\/kuus.shop\/wp-content\/uploads\/2023\/02\/s1-top-bg.jpg","contentUrl":"https:\/\/kuus.shop\/wp-content\/uploads\/2023\/02\/s1-top-bg.jpg","width":2400,"height":635,"caption":"Alarm horloge ouderen"},{"@type":"BreadcrumbList","@id":"https:\/\/kuus.shop\/de\/bezahlung-bestellen\/#breadcrumb","itemListElement":[{"@type":"ListItem","position":1,"name":"KUUS.","item":"https:\/\/kuus.shop\/de\/"},{"@type":"ListItem","position":2,"name":"Bezahlung bestellen"}]},{"@type":"WebSite","@id":"https:\/\/kuus.shop\/de\/#website","url":"https:\/\/kuus.shop\/de\/","name":"KUUS.","description":"Watch your valuables","publisher":{"@id":"https:\/\/kuus.shop\/de\/#organization"},"potentialAction":[{"@type":"SearchAction","target":{"@type":"EntryPoint","urlTemplate":"https:\/\/kuus.shop\/de\/?s={search_term_string}"},"query-input":{"@type":"PropertyValueSpecification","valueRequired":true,"valueName":"search_term_string"}}],"inLanguage":"de"},{"@type":"Organization","@id":"https:\/\/kuus.shop\/de\/#organization","name":"KUUS.","url":"https:\/\/kuus.shop","logo":{"@type":"ImageObject","inLanguage":"de","@id":"https:\/\/kuus.shop\/de\/#\/schema\/logo\/image\/","url":"https:\/\/kuus.shop\/wp-content\/uploads\/2023\/06\/groot-vierkant-2000x2000-1.png","contentUrl":"https:\/\/kuus.shop\/wp-content\/uploads\/2023\/06\/groot-vierkant-2000x2000-1.png","width":2000,"height":2000,"caption":"KUUS."},"image":{"@id":"https:\/\/kuus.shop\/de\/#\/schema\/logo\/image\/"},"sameAs":["https:\/\/www.facebook.com\/Kuus.nederland\/","https:\/\/www.instagram.com\/kuus.nederland\/"],"legalName":"WCMK B.V","alternateName":"KUUS"}]}},"_links":{"self":[{"href":"https:\/\/kuus.shop\/de\/wp-json\/wp\/v2\/pages\/13572","targetHints":{"allow":["GET"]}}],"collection":[{"href":"https:\/\/kuus.shop\/de\/wp-json\/wp\/v2\/pages"}],"about":[{"href":"https:\/\/kuus.shop\/de\/wp-json\/wp\/v2\/types\/page"}],"author":[{"embeddable":true,"href":"https:\/\/kuus.shop\/de\/wp-json\/wp\/v2\/users\/2"}],"replies":[{"embeddable":true,"href":"https:\/\/kuus.shop\/de\/wp-json\/wp\/v2\/comments?post=13572"}],"version-history":[{"count":3,"href":"https:\/\/kuus.shop\/de\/wp-json\/wp\/v2\/pages\/13572\/revisions"}],"predecessor-version":[{"id":18007,"href":"https:\/\/kuus.shop\/de\/wp-json\/wp\/v2\/pages\/13572\/revisions\/18007"}],"wp:featuredmedia":[{"embeddable":true,"href":"https:\/\/kuus.shop\/de\/wp-json\/wp\/v2\/media\/11625"}],"wp:attachment":[{"href":"https:\/\/kuus.shop\/de\/wp-json\/wp\/v2\/media?parent=13572"}],"curies":[{"name":"wp","href":"https:\/\/api.w.org\/{rel}","templated":true}]}}