{"id":13532,"date":"2023-05-04T10:25:57","date_gmt":"2023-05-04T09:25:57","guid":{"rendered":"https:\/\/kuus.shop\/lieferbedingungen\/"},"modified":"2025-04-11T03:02:45","modified_gmt":"2025-04-11T02:02:45","slug":"lieferbedingungen","status":"publish","type":"page","link":"https:\/\/kuus.shop\/de\/lieferbedingungen\/","title":{"rendered":"Lieferbedingungen"},"content":{"rendered":"<ul>\n<li><a href=\"\/\"><br \/>\nStartseite<br \/>\n<\/a><\/li>\n<li>\/ Lieferbedingungen<\/li>\n<\/ul>\n<style>\/*! elementor - v3.21.0 - 08-05-2024 *\/<br \/>\n.elementor-heading-title{padding:0;margin:0;line-height:1}.elementor-widget-heading .elementor-heading-title[class*=elementor-size-]>a{color:inherit;font-size:inherit;line-height:inherit}.elementor-widget-heading .elementor-heading-title.elementor-size-small{font-size:15px}.elementor-widget-heading .elementor-heading-title.elementor-size-medium{font-size:19px}.elementor-widget-heading .elementor-heading-title.elementor-size-large{font-size:29px}.elementor-widget-heading .elementor-heading-title.elementor-size-xl{font-size:39px}.elementor-widget-heading .elementor-heading-title.elementor-size-xxl{font-size:59px}<\/style>\n<h1>Lieferbedingungen<\/h1>\n<p><strong>Sicheres und gesch\u00fctztes Einkaufen<br \/>\n<\/strong><br \/>\n<strong>Kontaktangaben<\/strong><br \/>\nKUUS.<br \/>\nExpedition Stra\u00dfe 12<br \/>\n5961 PX Horst<br \/>\nE-Mail: info@kuus.shop<br \/>\nNummer der Handelskammer: 80867677<br \/>\n<strong>Ihre Wertpapiere<\/strong><br \/>\nAuf dieser Seite informieren wir Sie \u00fcber unseren Webshop Keurmerk und die Garantien, die er Ihnen f\u00fcr einen sicheren und zuverl\u00e4ssigen Einkauf bietet.<\/p>\n<ul style=\"list-style: none;\">\n<li>\u2705 Unternehmerin<br \/>\nSie machen Gesch\u00e4fte mit KUUS.<br \/>\nExpeditiestraat 12 - 5961 PX - Horst<\/li>\n<li>\u2705 MEHRWERTSTEUER<br \/>\nAlle auf dieser Website genannten Betr\u00e4ge enthalten die Mehrwertsteuer.<\/li>\n<li>\u2705 Versandkosten<br \/>\nWir versenden fast alle unsere Produkte kostenlos.<\/li>\n<li>\u2705 Zahlungsm\u00f6glichkeiten<br \/>\nSicher bezahlen mit iDeal<\/li>\n<li>\u2705 Datenschutz<br \/>\nWir verwenden Ihre pers\u00f6nlichen Daten nur f\u00fcr Verwaltungszwecke und werden sie nicht an Dritte weiterverkaufen.<\/li>\n<li>\u2705 Recht auf Widerruf<br \/>\nSie haben das Recht, den Vertrag innerhalb einer Frist von 30 Tagen ohne Angabe von Gr\u00fcnden zu widerrufen.<\/li>\n<\/ul>\n<p><mark><strong>Alle unsere Artikel werden anonym und diskret ohne Absender verschickt. <\/strong><\/mark><\/p>\n<style>\/*! elementor - v3.21.0 - 08-05-2024 *\/<br \/>\n.elementor-widget-image{text-align:center}.elementor-widget-image a{display:inline-block}.elementor-widget-image a img[src$=\".svg\"]{width:48px}.elementor-widget-image img{vertical-align:middle;display:inline-block}<\/style>\n<p><img decoding=\"async\" src=\"https:\/\/kuus.shop\/wp-content\/uploads\/2023\/02\/bottom-banner-1.png\" sizes=\"(max-width: 952px) 100vw, 952px\" srcset=\"https:\/\/kuus.shop\/wp-content\/uploads\/2023\/02\/bottom-banner-1.png 952w, https:\/\/kuus.shop\/wp-content\/uploads\/2023\/02\/bottom-banner-1-300x257.png 300w, https:\/\/kuus.shop\/wp-content\/uploads\/2023\/02\/bottom-banner-1-600x514.png 600w, https:\/\/kuus.shop\/wp-content\/uploads\/2023\/02\/bottom-banner-1-768x658.png 768w\" alt=\"\" width=\"952\" height=\"816\" \/><\/p>\n<h2>Ontvang 10% welkoms korting op je eerste bestelling boven de \u20ac 75.<\/h2>\n","protected":false},"excerpt":{"rendered":"<p>Startseite \/ Lieferbedingungen Lieferbedingungen Sicheres und gesch\u00fctztes Einkaufen Kontaktangaben KUUS. Expedition Stra\u00dfe 12 5961 PX Horst E-Mail: info@kuus.shop Nummer der Handelskammer: 80867677 Ihre Wertpapiere Auf dieser Seite informieren wir Sie \u00fcber unseren Webshop Keurmerk und die Garantien, die er Ihnen f\u00fcr einen sicheren und zuverl\u00e4ssigen Einkauf bietet. \u2705 Unternehmerin Sie machen Gesch\u00e4fte mit KUUS. Expeditiestraat [&hellip;]<\/p>\n","protected":false},"author":2,"featured_media":11625,"parent":0,"menu_order":0,"comment_status":"closed","ping_status":"closed","template":"","meta":{"_acf_changed":false,"inline_featured_image":false,"footnotes":""},"class_list":["post-13532","page","type-page","status-publish","has-post-thumbnail","hentry"],"acf":[],"yoast_head":"<!-- This site is optimized with the Yoast SEO plugin v27.3 - https:\/\/yoast.com\/product\/yoast-seo-wordpress\/ -->\n<title>Die Lieferbedingungen von KUUS.<\/title>\n<meta name=\"description\" content=\"Lesen Sie unsere Lieferbedingungen. Hier finden Sie die Kontaktdaten und die R\u00fcckgaberichtlinien.\" \/>\n<meta name=\"robots\" content=\"index, follow, max-snippet:-1, max-image-preview:large, max-video-preview:-1\" \/>\n<link rel=\"canonical\" href=\"https:\/\/kuus.shop\/de\/lieferbedingungen\/\" \/>\n<meta property=\"og:locale\" content=\"de_DE\" \/>\n<meta property=\"og:type\" content=\"article\" \/>\n<meta property=\"og:title\" content=\"Die Lieferbedingungen von KUUS.\" \/>\n<meta property=\"og:description\" content=\"Lesen Sie unsere Lieferbedingungen. Hier finden Sie die Kontaktdaten und die R\u00fcckgaberichtlinien.\" \/>\n<meta property=\"og:url\" content=\"https:\/\/kuus.shop\/de\/lieferbedingungen\/\" \/>\n<meta property=\"og:site_name\" content=\"KUUS.\" \/>\n<meta property=\"article:publisher\" content=\"https:\/\/www.facebook.com\/Kuus.nederland\/\" \/>\n<meta property=\"article:modified_time\" content=\"2025-04-11T02:02:45+00:00\" \/>\n<meta property=\"og:image\" content=\"https:\/\/kuus.shop\/wp-content\/uploads\/2023\/02\/s1-top-bg.jpg\" \/>\n\t<meta property=\"og:image:width\" content=\"2400\" \/>\n\t<meta property=\"og:image:height\" content=\"635\" \/>\n\t<meta property=\"og:image:type\" content=\"image\/jpeg\" \/>\n<meta name=\"twitter:card\" content=\"summary_large_image\" \/>\n<meta name=\"twitter:label1\" content=\"Gesch\u00e4tzte Lesezeit\" \/>\n\t<meta name=\"twitter:data1\" content=\"1\u00a0Minute\" \/>\n<script type=\"application\/ld+json\" class=\"yoast-schema-graph\">{\"@context\":\"https:\\\/\\\/schema.org\",\"@graph\":[{\"@type\":\"WebPage\",\"@id\":\"https:\\\/\\\/kuus.shop\\\/de\\\/lieferbedingungen\\\/\",\"url\":\"https:\\\/\\\/kuus.shop\\\/de\\\/lieferbedingungen\\\/\",\"name\":\"Die Lieferbedingungen von KUUS.\",\"isPartOf\":{\"@id\":\"https:\\\/\\\/kuus.shop\\\/de\\\/#website\"},\"primaryImageOfPage\":{\"@id\":\"https:\\\/\\\/kuus.shop\\\/de\\\/lieferbedingungen\\\/#primaryimage\"},\"image\":{\"@id\":\"https:\\\/\\\/kuus.shop\\\/de\\\/lieferbedingungen\\\/#primaryimage\"},\"thumbnailUrl\":\"https:\\\/\\\/kuus.shop\\\/wp-content\\\/uploads\\\/2023\\\/02\\\/s1-top-bg.jpg\",\"datePublished\":\"2023-05-04T09:25:57+00:00\",\"dateModified\":\"2025-04-11T02:02:45+00:00\",\"description\":\"Lesen Sie unsere Lieferbedingungen. Hier finden Sie die Kontaktdaten und die R\u00fcckgaberichtlinien.\",\"breadcrumb\":{\"@id\":\"https:\\\/\\\/kuus.shop\\\/de\\\/lieferbedingungen\\\/#breadcrumb\"},\"inLanguage\":\"de\",\"potentialAction\":[{\"@type\":\"ReadAction\",\"target\":[\"https:\\\/\\\/kuus.shop\\\/de\\\/lieferbedingungen\\\/\"]}]},{\"@type\":\"ImageObject\",\"inLanguage\":\"de\",\"@id\":\"https:\\\/\\\/kuus.shop\\\/de\\\/lieferbedingungen\\\/#primaryimage\",\"url\":\"https:\\\/\\\/kuus.shop\\\/wp-content\\\/uploads\\\/2023\\\/02\\\/s1-top-bg.jpg\",\"contentUrl\":\"https:\\\/\\\/kuus.shop\\\/wp-content\\\/uploads\\\/2023\\\/02\\\/s1-top-bg.jpg\",\"width\":2400,\"height\":635,\"caption\":\"Alarm horloge ouderen\"},{\"@type\":\"BreadcrumbList\",\"@id\":\"https:\\\/\\\/kuus.shop\\\/de\\\/lieferbedingungen\\\/#breadcrumb\",\"itemListElement\":[{\"@type\":\"ListItem\",\"position\":1,\"name\":\"KUUS.\",\"item\":\"https:\\\/\\\/kuus.shop\\\/de\\\/\"},{\"@type\":\"ListItem\",\"position\":2,\"name\":\"Lieferbedingungen\"}]},{\"@type\":\"WebSite\",\"@id\":\"https:\\\/\\\/kuus.shop\\\/de\\\/#website\",\"url\":\"https:\\\/\\\/kuus.shop\\\/de\\\/\",\"name\":\"KUUS.\",\"description\":\"Watch your valuables\",\"publisher\":{\"@id\":\"https:\\\/\\\/kuus.shop\\\/de\\\/#organization\"},\"potentialAction\":[{\"@type\":\"SearchAction\",\"target\":{\"@type\":\"EntryPoint\",\"urlTemplate\":\"https:\\\/\\\/kuus.shop\\\/de\\\/?s={search_term_string}\"},\"query-input\":{\"@type\":\"PropertyValueSpecification\",\"valueRequired\":true,\"valueName\":\"search_term_string\"}}],\"inLanguage\":\"de\"},{\"@type\":\"Organization\",\"@id\":\"https:\\\/\\\/kuus.shop\\\/de\\\/#organization\",\"name\":\"KUUS.\",\"url\":\"https:\\\/\\\/kuus.shop\",\"logo\":{\"@type\":\"ImageObject\",\"inLanguage\":\"de\",\"@id\":\"https:\\\/\\\/kuus.shop\\\/de\\\/#\\\/schema\\\/logo\\\/image\\\/\",\"url\":\"https:\\\/\\\/kuus.shop\\\/wp-content\\\/uploads\\\/2023\\\/06\\\/groot-vierkant-2000x2000-1.png\",\"contentUrl\":\"https:\\\/\\\/kuus.shop\\\/wp-content\\\/uploads\\\/2023\\\/06\\\/groot-vierkant-2000x2000-1.png\",\"width\":2000,\"height\":2000,\"caption\":\"KUUS.\"},\"image\":{\"@id\":\"https:\\\/\\\/kuus.shop\\\/de\\\/#\\\/schema\\\/logo\\\/image\\\/\"},\"sameAs\":[\"https:\\\/\\\/www.facebook.com\\\/Kuus.nederland\\\/\",\"https:\\\/\\\/www.instagram.com\\\/kuus.nederland\\\/\"],\"legalName\":\"WCMK B.V\",\"alternateName\":\"KUUS\"}]}<\/script>\n<!-- \/ Yoast SEO plugin. -->","yoast_head_json":{"title":"Die Lieferbedingungen von KUUS.","description":"Lesen Sie unsere Lieferbedingungen. Hier finden Sie die Kontaktdaten und die R\u00fcckgaberichtlinien.","robots":{"index":"index","follow":"follow","max-snippet":"max-snippet:-1","max-image-preview":"max-image-preview:large","max-video-preview":"max-video-preview:-1"},"canonical":"https:\/\/kuus.shop\/de\/lieferbedingungen\/","og_locale":"de_DE","og_type":"article","og_title":"Die Lieferbedingungen von KUUS.","og_description":"Lesen Sie unsere Lieferbedingungen. Hier finden Sie die Kontaktdaten und die R\u00fcckgaberichtlinien.","og_url":"https:\/\/kuus.shop\/de\/lieferbedingungen\/","og_site_name":"KUUS.","article_publisher":"https:\/\/www.facebook.com\/Kuus.nederland\/","article_modified_time":"2025-04-11T02:02:45+00:00","og_image":[{"width":2400,"height":635,"url":"https:\/\/kuus.shop\/wp-content\/uploads\/2023\/02\/s1-top-bg.jpg","type":"image\/jpeg"}],"twitter_card":"summary_large_image","twitter_misc":{"Gesch\u00e4tzte Lesezeit":"1\u00a0Minute"},"schema":{"@context":"https:\/\/schema.org","@graph":[{"@type":"WebPage","@id":"https:\/\/kuus.shop\/de\/lieferbedingungen\/","url":"https:\/\/kuus.shop\/de\/lieferbedingungen\/","name":"Die Lieferbedingungen von KUUS.","isPartOf":{"@id":"https:\/\/kuus.shop\/de\/#website"},"primaryImageOfPage":{"@id":"https:\/\/kuus.shop\/de\/lieferbedingungen\/#primaryimage"},"image":{"@id":"https:\/\/kuus.shop\/de\/lieferbedingungen\/#primaryimage"},"thumbnailUrl":"https:\/\/kuus.shop\/wp-content\/uploads\/2023\/02\/s1-top-bg.jpg","datePublished":"2023-05-04T09:25:57+00:00","dateModified":"2025-04-11T02:02:45+00:00","description":"Lesen Sie unsere Lieferbedingungen. Hier finden Sie die Kontaktdaten und die R\u00fcckgaberichtlinien.","breadcrumb":{"@id":"https:\/\/kuus.shop\/de\/lieferbedingungen\/#breadcrumb"},"inLanguage":"de","potentialAction":[{"@type":"ReadAction","target":["https:\/\/kuus.shop\/de\/lieferbedingungen\/"]}]},{"@type":"ImageObject","inLanguage":"de","@id":"https:\/\/kuus.shop\/de\/lieferbedingungen\/#primaryimage","url":"https:\/\/kuus.shop\/wp-content\/uploads\/2023\/02\/s1-top-bg.jpg","contentUrl":"https:\/\/kuus.shop\/wp-content\/uploads\/2023\/02\/s1-top-bg.jpg","width":2400,"height":635,"caption":"Alarm horloge ouderen"},{"@type":"BreadcrumbList","@id":"https:\/\/kuus.shop\/de\/lieferbedingungen\/#breadcrumb","itemListElement":[{"@type":"ListItem","position":1,"name":"KUUS.","item":"https:\/\/kuus.shop\/de\/"},{"@type":"ListItem","position":2,"name":"Lieferbedingungen"}]},{"@type":"WebSite","@id":"https:\/\/kuus.shop\/de\/#website","url":"https:\/\/kuus.shop\/de\/","name":"KUUS.","description":"Watch your valuables","publisher":{"@id":"https:\/\/kuus.shop\/de\/#organization"},"potentialAction":[{"@type":"SearchAction","target":{"@type":"EntryPoint","urlTemplate":"https:\/\/kuus.shop\/de\/?s={search_term_string}"},"query-input":{"@type":"PropertyValueSpecification","valueRequired":true,"valueName":"search_term_string"}}],"inLanguage":"de"},{"@type":"Organization","@id":"https:\/\/kuus.shop\/de\/#organization","name":"KUUS.","url":"https:\/\/kuus.shop","logo":{"@type":"ImageObject","inLanguage":"de","@id":"https:\/\/kuus.shop\/de\/#\/schema\/logo\/image\/","url":"https:\/\/kuus.shop\/wp-content\/uploads\/2023\/06\/groot-vierkant-2000x2000-1.png","contentUrl":"https:\/\/kuus.shop\/wp-content\/uploads\/2023\/06\/groot-vierkant-2000x2000-1.png","width":2000,"height":2000,"caption":"KUUS."},"image":{"@id":"https:\/\/kuus.shop\/de\/#\/schema\/logo\/image\/"},"sameAs":["https:\/\/www.facebook.com\/Kuus.nederland\/","https:\/\/www.instagram.com\/kuus.nederland\/"],"legalName":"WCMK B.V","alternateName":"KUUS"}]}},"_links":{"self":[{"href":"https:\/\/kuus.shop\/de\/wp-json\/wp\/v2\/pages\/13532","targetHints":{"allow":["GET"]}}],"collection":[{"href":"https:\/\/kuus.shop\/de\/wp-json\/wp\/v2\/pages"}],"about":[{"href":"https:\/\/kuus.shop\/de\/wp-json\/wp\/v2\/types\/page"}],"author":[{"embeddable":true,"href":"https:\/\/kuus.shop\/de\/wp-json\/wp\/v2\/users\/2"}],"replies":[{"embeddable":true,"href":"https:\/\/kuus.shop\/de\/wp-json\/wp\/v2\/comments?post=13532"}],"version-history":[{"count":3,"href":"https:\/\/kuus.shop\/de\/wp-json\/wp\/v2\/pages\/13532\/revisions"}],"predecessor-version":[{"id":18005,"href":"https:\/\/kuus.shop\/de\/wp-json\/wp\/v2\/pages\/13532\/revisions\/18005"}],"wp:featuredmedia":[{"embeddable":true,"href":"https:\/\/kuus.shop\/de\/wp-json\/wp\/v2\/media\/11625"}],"wp:attachment":[{"href":"https:\/\/kuus.shop\/de\/wp-json\/wp\/v2\/media?parent=13532"}],"curies":[{"name":"wp","href":"https:\/\/api.w.org\/{rel}","templated":true}]}}