{"id":13489,"date":"2023-11-13T10:48:02","date_gmt":"2023-11-13T09:48:02","guid":{"rendered":"https:\/\/kuus.shop\/ai-diese-seite-kann-leider-nicht-mehr-gefunden-werden\/"},"modified":"2025-04-24T10:08:13","modified_gmt":"2025-04-24T09:08:13","slug":"partnerprogramm","status":"publish","type":"page","link":"https:\/\/kuus.shop\/de\/partnerprogramm\/","title":{"rendered":"Partnerprogramm"},"content":{"rendered":"<h1>Erl\u00e4uterung zum Partnerprogramm KUUS.<\/h1>\n<p>Werden Sie Mitglied von KUUS. und erhalten Sie bis zu 9% Provision pro Verkauf!<\/p>\n<p><a href=\"https:\/\/kuus.shop\/de\/kuus-werden-sie-ein-affiliate-partner\/\"><br \/>\nBeantragen Sie sofort einen Affiliate-Link!<br \/>\n<\/a><\/p>\n<h2><strong>Wie funktioniert das Affiliate-Marketing?<\/strong><\/h2>\n<p>Mit dem Partnerprogramm von KUUS Geld verdienen. ist sehr einfach. Das Partnerprogramm funktioniert nach dem Modell des Affiliate Marketing. Es funktioniert ganz einfach: Melden Sie sich an und werden Sie Partner. Sie bewerben dann unsere Artikel und erhalten eine Provision f\u00fcr jeden Kauf, den Besucher \u00fcber Ihren Link auf KUUS.shop t\u00e4tigen.<\/p>\n<p>Sie k\u00f6nnen den Link \u00fcberall platzieren, z. B. auf Ihrer Website, in sozialen Medien oder in einem Informationsflyer.<\/p>\n<p>F\u00fcr jeden Kauf, der \u00fcber Ihren Link get\u00e4tigt wird, erhalten Sie 7% Provision! Wenn Sie mehr als 25 Eink\u00e4ufe \u00fcber Ihren Link in einem Monat t\u00e4tigen, erhalten Sie 9%.<\/p>\n<h2><strong>Berechnungsbeispiel<\/strong><\/h2>\n<p>Nur ein Rechenbeispiel: Angenommen, die Eltern von Inge und Lars kaufen zwei KUUS \u00fcber Ihren Link. W2-Uhren zu je 110 \u20ac inkl. MwSt. (90,91 \u20ac ohne MwSt.). Der Gesamtbetrag bel\u00e4uft sich dann auf \u00a0 \u20ac ohne MwSt.wpml_nbspSie erhalten 7% *181,82 \u20ac = 12,73 \u20ac. Und um 9% * 181,82 \u20ac = 16,36 \u20ac. Und das nur mit der Weiterleitung eines Links. Trotzdem einfach!<\/p>\n<h2>Vorteile unseres Partnerprogramms<\/h2>\n<p><a href=\"https:\/\/kuus.shop\/de\/kuus-werden-sie-ein-affiliate-partner\/\"><br \/>\nBeantragen Sie sofort einen Affiliate-Link!<br \/>\n<\/a><\/p>\n<h3>Bis zu 9% Provision pro Kauf<\/h3>\n<p>\u00dcber den gesamten Betrag im Warenkorb, also auch wenn Eltern 2 Uhren f\u00fcr ihre Kinder kaufen!<\/p>\n<h3>Dashboard f\u00fcr Partner<\/h3>\n<p>Verfolgen Sie live, wie viele Kunden und wie viele Verk\u00e4ufe Sie mit Ihrem eigenen, einzigartigen Werbelink gemacht haben!<\/p>\n<h3>Monatliche Zahlung<\/h3>\n<p>Ihre Provision wird jeden Monat automatisch ausgezahlt<\/p>\n<h3>Bereit in 60 Sekunden<\/h3>\n<p>Melden Sie sich als Qualit\u00e4tspartner an, und wenn Sie unserem Profil entsprechen, k\u00f6nnen Sie sofort mit der Werbung beginnen!<\/p>\n<h2>Beginnen Sie noch heute!<\/h2>\n<p><a href=\"https:\/\/kuus.shop\/de\/kuus-werden-sie-ein-affiliate-partner\/\"><br \/>\nBeantragen Sie sofort einen Affiliate-Link!<br \/>\n<\/a><\/p>\n<h2>H\u00e4ufig gestellte Fragen<\/h2>\n<p>Woher wissen Sie, dass ein Verkauf durch mich zustande gekommen ist?<\/p>\n<p>Sie erhalten einen personalisierten Affiliate-Link, mit dem Sie unsere Produkte bewerben k\u00f6nnen. Wenn jemand auf Ihren Partnerlink klickt, wird ein Cookie auf seinem Ger\u00e4t platziert, das unserem Zahlungssystem mitteilt, dass dieser Verkauf \u00fcber Sie get\u00e4tigt wurde. Dieser Verkauf wird dann automatisch mit Ihrem Konto verkn\u00fcpft.<\/p>\n<p>Wie viel kann ich als Partner verdienen?<\/p>\n<p>Es gibt keine Obergrenze f\u00fcr die Einnahmen, die Sie erzielen k\u00f6nnen. Die Provision, die Sie erhalten, betr\u00e4gt 7 bis 9 %. Je mehr Leute Sie vermitteln, desto schneller steigt Ihr Verdienst.<\/p>\n<p>Wie lange dauert das Cookie?<\/p>\n<p>Wir verwenden eine Cookie-Dauer von 30 Tagen. Wenn sich jemand innerhalb von 30 Tagen, nachdem er auf Ihren Link geklickt hat, entschlie\u00dft, unsere Software zu nutzen, wird die Provision Ihrem Konto gutgeschrieben. Der zuletzt angeklickte Link z\u00e4hlt als Affiliate-Link.<\/p>\n<p>Wie lange ist der Auszahlungszeitraum?<\/p>\n<p>Jeden Monat wird eine Auszahlung f\u00fcr freigegebene Zahlungen vorgenommen. Bei iDEAL-Zahlungen werden sie nach 28 Tagen freigegeben, bei Lastschriften nach 60 Tagen. In Ihrem pers\u00f6nlichen Partnerkonto k\u00f6nnen Sie genau sehen, welche Zahlungen freigegeben wurden und wie viele Provisionen Sie bisher verdient haben.<\/p>\n<p>Kann ich neben dem Link auch direkt zu den Produkten auf Ihrer Website verlinken?<\/p>\n<p>Sie k\u00f6nnen unser Angebot sogar ganz oder teilweise auf Ihrer eigenen Website platzieren. Das liegt ganz in Ihrem eigenen Ermessen. Wenn ein Kunde auf ein Produkt klickt und bei uns kauft, erhalten Sie bis zu 9 % des Umsatzes. Sie m\u00fcssen nichts dagegen tun.<\/p>\n<p>Das scheint zu sch\u00f6n, um wahr zu sein. Wo ist der Haken?<\/p>\n<p>Nein, definitiv nicht. KUUS. ist ein renommiertes und f\u00fchrendes Unternehmen in seiner Branche. Wenn Sie unten ein Partnerkonto erstellen, erhalten Sie Ihr eigenes Dashboard, auf dem Sie sehen k\u00f6nnen, wie beliebt Ihre Links sind (wie viele Klicks, Verk\u00e4ufe und Konversionen). Auf diese Weise k\u00f6nnen Sie auch alles selbst \u00fcberpr\u00fcfen und verbessern.<\/p>\n<h2>Kollaboration?<\/h2>\n<p>Stehen Sie hinter unseren Produkten und sind Sie an einer Zusammenarbeit interessiert? Haben Sie einen interessanten Kundenkreis, z. B. einen Social-Media-Account, oder denken Sie \u00fcber eine Zusammenarbeit nach?<\/p>\n<p>Wir laden Sie ein, sich mit uns in Verbindung zu setzen.<strong> Wir denken gerne mit Ihnen mit!<\/strong><\/p>\n<p><a href=\"https:\/\/kuus.shop\/de\/kontakt\/\"><br \/>\nKontakt aufnehmen<br \/>\n<\/a><br \/>\n<img decoding=\"async\" src=\"https:\/\/kuus.shop\/wp-content\/uploads\/2023\/11\/IMG_8087-1024x768.jpg\" sizes=\"(max-width: 800px) 100vw, 800px\" srcset=\"https:\/\/kuus.shop\/wp-content\/uploads\/2023\/11\/IMG_8087-1024x768.jpg 1024w, https:\/\/kuus.shop\/wp-content\/uploads\/2023\/11\/IMG_8087-300x225.jpg 300w, https:\/\/kuus.shop\/wp-content\/uploads\/2023\/11\/IMG_8087-768x576.jpg 768w, https:\/\/kuus.shop\/wp-content\/uploads\/2023\/11\/IMG_8087-1536x1152.jpg 1536w, https:\/\/kuus.shop\/wp-content\/uploads\/2023\/11\/IMG_8087-2048x1536.jpg 2048w, https:\/\/kuus.shop\/wp-content\/uploads\/2023\/11\/IMG_8087-600x450.jpg 600w\" alt=\"\" width=\"800\" height=\"600\" \/><\/p>\n<h2>Ein echtes Familienunternehmen!<\/h2>\n<p>Een echt familie bedrijf! Vater und Sohn. Die Gr\u00fcnder von KUUS. Wir sind also ein Familienunternehmen, m\u00f6chten Sie unserem KUUS beitreten. Familie?<\/p>\n<p><a href=\"https:\/\/kuus.shop\/de\/kuus-werden-sie-ein-affiliate-partner\/\"><br \/>\nBeantragen Sie sofort einen Affiliate-Link!<br \/>\n<\/a><\/p>\n","protected":false},"excerpt":{"rendered":"<p>Erl\u00e4uterung zum Partnerprogramm KUUS. Werden Sie Mitglied von KUUS. und erhalten Sie bis zu 9% Provision pro Verkauf! Beantragen Sie sofort einen Affiliate-Link! Wie funktioniert das Affiliate-Marketing? Mit dem Partnerprogramm von KUUS Geld verdienen. ist sehr einfach. Das Partnerprogramm funktioniert nach dem Modell des Affiliate Marketing. Es funktioniert ganz einfach: Melden Sie sich an und [&hellip;]<\/p>\n","protected":false},"author":2,"featured_media":415871,"parent":0,"menu_order":0,"comment_status":"closed","ping_status":"closed","template":"","meta":{"_acf_changed":false,"inline_featured_image":false,"footnotes":""},"class_list":["post-13489","page","type-page","status-publish","has-post-thumbnail","hentry"],"acf":[],"yoast_head":"<!-- This site is optimized with the Yoast SEO plugin v27.3 - https:\/\/yoast.com\/product\/yoast-seo-wordpress\/ -->\n<title>Partnerprogramm - KUUS.<\/title>\n<meta name=\"description\" content=\"Werden Sie Mitglied von KUUS. und erhalten Sie bis zu 9% Provision pro Verkauf! \u2713 Eigenes Partnerprogramm-Dashboard \u2713 Bis zu 9% Provision pro Einkauf\" \/>\n<meta name=\"robots\" content=\"index, follow, max-snippet:-1, max-image-preview:large, max-video-preview:-1\" \/>\n<link rel=\"canonical\" href=\"https:\/\/kuus.shop\/de\/partnerprogramm\/\" \/>\n<meta property=\"og:locale\" content=\"de_DE\" \/>\n<meta property=\"og:type\" content=\"article\" \/>\n<meta property=\"og:title\" content=\"Partnerprogramm - KUUS.\" \/>\n<meta property=\"og:description\" content=\"Werden Sie Mitglied von KUUS. und erhalten Sie bis zu 9% Provision pro Verkauf! \u2713 Eigenes Partnerprogramm-Dashboard \u2713 Bis zu 9% Provision pro Einkauf\" \/>\n<meta property=\"og:url\" content=\"https:\/\/kuus.shop\/de\/partnerprogramm\/\" \/>\n<meta property=\"og:site_name\" content=\"KUUS.\" \/>\n<meta property=\"article:publisher\" content=\"https:\/\/www.facebook.com\/Kuus.nederland\/\" \/>\n<meta property=\"article:modified_time\" content=\"2025-04-24T09:08:13+00:00\" \/>\n<meta property=\"og:image\" content=\"https:\/\/kuus.shop\/wp-content\/uploads\/2023\/04\/Mask-group-3.jpg\" \/>\n\t<meta property=\"og:image:width\" content=\"1051\" \/>\n\t<meta property=\"og:image:height\" content=\"701\" \/>\n\t<meta property=\"og:image:type\" content=\"image\/jpeg\" \/>\n<meta name=\"twitter:card\" content=\"summary_large_image\" \/>\n<meta name=\"twitter:label1\" content=\"Gesch\u00e4tzte Lesezeit\" \/>\n\t<meta name=\"twitter:data1\" content=\"3 Minuten\" \/>\n<script type=\"application\/ld+json\" class=\"yoast-schema-graph\">{\"@context\":\"https:\\\/\\\/schema.org\",\"@graph\":[{\"@type\":\"WebPage\",\"@id\":\"https:\\\/\\\/kuus.shop\\\/de\\\/partnerprogramm\\\/\",\"url\":\"https:\\\/\\\/kuus.shop\\\/de\\\/partnerprogramm\\\/\",\"name\":\"Partnerprogramm - KUUS.\",\"isPartOf\":{\"@id\":\"https:\\\/\\\/kuus.shop\\\/de\\\/#website\"},\"primaryImageOfPage\":{\"@id\":\"https:\\\/\\\/kuus.shop\\\/de\\\/partnerprogramm\\\/#primaryimage\"},\"image\":{\"@id\":\"https:\\\/\\\/kuus.shop\\\/de\\\/partnerprogramm\\\/#primaryimage\"},\"thumbnailUrl\":\"https:\\\/\\\/kuus.shop\\\/wp-content\\\/uploads\\\/2025\\\/06\\\/kuus-solar-dummy-camera-wit.jpg\",\"datePublished\":\"2023-11-13T09:48:02+00:00\",\"dateModified\":\"2025-04-24T09:08:13+00:00\",\"description\":\"Werden Sie Mitglied von KUUS. und erhalten Sie bis zu 9% Provision pro Verkauf! \u2713 Eigenes Partnerprogramm-Dashboard \u2713 Bis zu 9% Provision pro Einkauf\",\"breadcrumb\":{\"@id\":\"https:\\\/\\\/kuus.shop\\\/de\\\/partnerprogramm\\\/#breadcrumb\"},\"inLanguage\":\"de\",\"potentialAction\":[{\"@type\":\"ReadAction\",\"target\":[\"https:\\\/\\\/kuus.shop\\\/de\\\/partnerprogramm\\\/\"]}]},{\"@type\":\"ImageObject\",\"inLanguage\":\"de\",\"@id\":\"https:\\\/\\\/kuus.shop\\\/de\\\/partnerprogramm\\\/#primaryimage\",\"url\":\"https:\\\/\\\/kuus.shop\\\/wp-content\\\/uploads\\\/2025\\\/06\\\/kuus-solar-dummy-camera-wit.jpg\",\"contentUrl\":\"https:\\\/\\\/kuus.shop\\\/wp-content\\\/uploads\\\/2025\\\/06\\\/kuus-solar-dummy-camera-wit.jpg\",\"width\":2048,\"height\":960,\"caption\":\"Solar Dummy Camera in gebruik\"},{\"@type\":\"BreadcrumbList\",\"@id\":\"https:\\\/\\\/kuus.shop\\\/de\\\/partnerprogramm\\\/#breadcrumb\",\"itemListElement\":[{\"@type\":\"ListItem\",\"position\":1,\"name\":\"KUUS.\",\"item\":\"https:\\\/\\\/kuus.shop\\\/de\\\/\"},{\"@type\":\"ListItem\",\"position\":2,\"name\":\"Partnerprogramm\"}]},{\"@type\":\"WebSite\",\"@id\":\"https:\\\/\\\/kuus.shop\\\/de\\\/#website\",\"url\":\"https:\\\/\\\/kuus.shop\\\/de\\\/\",\"name\":\"KUUS.\",\"description\":\"Watch your valuables\",\"publisher\":{\"@id\":\"https:\\\/\\\/kuus.shop\\\/de\\\/#organization\"},\"potentialAction\":[{\"@type\":\"SearchAction\",\"target\":{\"@type\":\"EntryPoint\",\"urlTemplate\":\"https:\\\/\\\/kuus.shop\\\/de\\\/?s={search_term_string}\"},\"query-input\":{\"@type\":\"PropertyValueSpecification\",\"valueRequired\":true,\"valueName\":\"search_term_string\"}}],\"inLanguage\":\"de\"},{\"@type\":\"Organization\",\"@id\":\"https:\\\/\\\/kuus.shop\\\/de\\\/#organization\",\"name\":\"KUUS.\",\"url\":\"https:\\\/\\\/kuus.shop\",\"logo\":{\"@type\":\"ImageObject\",\"inLanguage\":\"de\",\"@id\":\"https:\\\/\\\/kuus.shop\\\/de\\\/#\\\/schema\\\/logo\\\/image\\\/\",\"url\":\"https:\\\/\\\/kuus.shop\\\/wp-content\\\/uploads\\\/2023\\\/06\\\/groot-vierkant-2000x2000-1.png\",\"contentUrl\":\"https:\\\/\\\/kuus.shop\\\/wp-content\\\/uploads\\\/2023\\\/06\\\/groot-vierkant-2000x2000-1.png\",\"width\":2000,\"height\":2000,\"caption\":\"KUUS.\"},\"image\":{\"@id\":\"https:\\\/\\\/kuus.shop\\\/de\\\/#\\\/schema\\\/logo\\\/image\\\/\"},\"sameAs\":[\"https:\\\/\\\/www.facebook.com\\\/Kuus.nederland\\\/\",\"https:\\\/\\\/www.instagram.com\\\/kuus.nederland\\\/\"],\"legalName\":\"WCMK B.V\",\"alternateName\":\"KUUS\"}]}<\/script>\n<!-- \/ Yoast SEO plugin. -->","yoast_head_json":{"title":"Partnerprogramm - KUUS.","description":"Werden Sie Mitglied von KUUS. und erhalten Sie bis zu 9% Provision pro Verkauf! \u2713 Eigenes Partnerprogramm-Dashboard \u2713 Bis zu 9% Provision pro Einkauf","robots":{"index":"index","follow":"follow","max-snippet":"max-snippet:-1","max-image-preview":"max-image-preview:large","max-video-preview":"max-video-preview:-1"},"canonical":"https:\/\/kuus.shop\/de\/partnerprogramm\/","og_locale":"de_DE","og_type":"article","og_title":"Partnerprogramm - KUUS.","og_description":"Werden Sie Mitglied von KUUS. und erhalten Sie bis zu 9% Provision pro Verkauf! \u2713 Eigenes Partnerprogramm-Dashboard \u2713 Bis zu 9% Provision pro Einkauf","og_url":"https:\/\/kuus.shop\/de\/partnerprogramm\/","og_site_name":"KUUS.","article_publisher":"https:\/\/www.facebook.com\/Kuus.nederland\/","article_modified_time":"2025-04-24T09:08:13+00:00","og_image":[{"width":1051,"height":701,"url":"https:\/\/kuus.shop\/wp-content\/uploads\/2023\/04\/Mask-group-3.jpg","type":"image\/jpeg"}],"twitter_card":"summary_large_image","twitter_misc":{"Gesch\u00e4tzte Lesezeit":"3 Minuten"},"schema":{"@context":"https:\/\/schema.org","@graph":[{"@type":"WebPage","@id":"https:\/\/kuus.shop\/de\/partnerprogramm\/","url":"https:\/\/kuus.shop\/de\/partnerprogramm\/","name":"Partnerprogramm - KUUS.","isPartOf":{"@id":"https:\/\/kuus.shop\/de\/#website"},"primaryImageOfPage":{"@id":"https:\/\/kuus.shop\/de\/partnerprogramm\/#primaryimage"},"image":{"@id":"https:\/\/kuus.shop\/de\/partnerprogramm\/#primaryimage"},"thumbnailUrl":"https:\/\/kuus.shop\/wp-content\/uploads\/2025\/06\/kuus-solar-dummy-camera-wit.jpg","datePublished":"2023-11-13T09:48:02+00:00","dateModified":"2025-04-24T09:08:13+00:00","description":"Werden Sie Mitglied von KUUS. und erhalten Sie bis zu 9% Provision pro Verkauf! \u2713 Eigenes Partnerprogramm-Dashboard \u2713 Bis zu 9% Provision pro Einkauf","breadcrumb":{"@id":"https:\/\/kuus.shop\/de\/partnerprogramm\/#breadcrumb"},"inLanguage":"de","potentialAction":[{"@type":"ReadAction","target":["https:\/\/kuus.shop\/de\/partnerprogramm\/"]}]},{"@type":"ImageObject","inLanguage":"de","@id":"https:\/\/kuus.shop\/de\/partnerprogramm\/#primaryimage","url":"https:\/\/kuus.shop\/wp-content\/uploads\/2025\/06\/kuus-solar-dummy-camera-wit.jpg","contentUrl":"https:\/\/kuus.shop\/wp-content\/uploads\/2025\/06\/kuus-solar-dummy-camera-wit.jpg","width":2048,"height":960,"caption":"Solar Dummy Camera in gebruik"},{"@type":"BreadcrumbList","@id":"https:\/\/kuus.shop\/de\/partnerprogramm\/#breadcrumb","itemListElement":[{"@type":"ListItem","position":1,"name":"KUUS.","item":"https:\/\/kuus.shop\/de\/"},{"@type":"ListItem","position":2,"name":"Partnerprogramm"}]},{"@type":"WebSite","@id":"https:\/\/kuus.shop\/de\/#website","url":"https:\/\/kuus.shop\/de\/","name":"KUUS.","description":"Watch your valuables","publisher":{"@id":"https:\/\/kuus.shop\/de\/#organization"},"potentialAction":[{"@type":"SearchAction","target":{"@type":"EntryPoint","urlTemplate":"https:\/\/kuus.shop\/de\/?s={search_term_string}"},"query-input":{"@type":"PropertyValueSpecification","valueRequired":true,"valueName":"search_term_string"}}],"inLanguage":"de"},{"@type":"Organization","@id":"https:\/\/kuus.shop\/de\/#organization","name":"KUUS.","url":"https:\/\/kuus.shop","logo":{"@type":"ImageObject","inLanguage":"de","@id":"https:\/\/kuus.shop\/de\/#\/schema\/logo\/image\/","url":"https:\/\/kuus.shop\/wp-content\/uploads\/2023\/06\/groot-vierkant-2000x2000-1.png","contentUrl":"https:\/\/kuus.shop\/wp-content\/uploads\/2023\/06\/groot-vierkant-2000x2000-1.png","width":2000,"height":2000,"caption":"KUUS."},"image":{"@id":"https:\/\/kuus.shop\/de\/#\/schema\/logo\/image\/"},"sameAs":["https:\/\/www.facebook.com\/Kuus.nederland\/","https:\/\/www.instagram.com\/kuus.nederland\/"],"legalName":"WCMK B.V","alternateName":"KUUS"}]}},"_links":{"self":[{"href":"https:\/\/kuus.shop\/de\/wp-json\/wp\/v2\/pages\/13489","targetHints":{"allow":["GET"]}}],"collection":[{"href":"https:\/\/kuus.shop\/de\/wp-json\/wp\/v2\/pages"}],"about":[{"href":"https:\/\/kuus.shop\/de\/wp-json\/wp\/v2\/types\/page"}],"author":[{"embeddable":true,"href":"https:\/\/kuus.shop\/de\/wp-json\/wp\/v2\/users\/2"}],"replies":[{"embeddable":true,"href":"https:\/\/kuus.shop\/de\/wp-json\/wp\/v2\/comments?post=13489"}],"version-history":[{"count":8,"href":"https:\/\/kuus.shop\/de\/wp-json\/wp\/v2\/pages\/13489\/revisions"}],"predecessor-version":[{"id":304906,"href":"https:\/\/kuus.shop\/de\/wp-json\/wp\/v2\/pages\/13489\/revisions\/304906"}],"wp:featuredmedia":[{"embeddable":true,"href":"https:\/\/kuus.shop\/de\/wp-json\/wp\/v2\/media\/415871"}],"wp:attachment":[{"href":"https:\/\/kuus.shop\/de\/wp-json\/wp\/v2\/media?parent=13489"}],"curies":[{"name":"wp","href":"https:\/\/api.w.org\/{rel}","templated":true}]}}