{"id":13471,"date":"2023-09-26T13:12:38","date_gmt":"2023-09-26T12:12:38","guid":{"rendered":"https:\/\/kuus.shop\/5-unverzichtbare-tools-fuer-senioren\/"},"modified":"2025-04-11T03:03:00","modified_gmt":"2025-04-11T02:03:00","slug":"5-unverzichtbare-tools-fuer-senioren","status":"publish","type":"page","link":"https:\/\/kuus.shop\/de\/5-unverzichtbare-tools-fuer-senioren\/","title":{"rendered":"5 unverzichtbare Tools f\u00fcr Senioren"},"content":{"rendered":"<style>\/*! elementor - v3.21.0 - 30-04-2024 *\/\n.elementor-heading-title{padding:0;margin:0;line-height:1}.elementor-widget-heading .elementor-heading-title[class*=elementor-size-]>a{color:inherit;font-size:inherit;line-height:inherit}.elementor-widget-heading .elementor-heading-title.elementor-size-small{font-size:15px}.elementor-widget-heading .elementor-heading-title.elementor-size-medium{font-size:19px}.elementor-widget-heading .elementor-heading-title.elementor-size-large{font-size:29px}.elementor-widget-heading .elementor-heading-title.elementor-size-xl{font-size:39px}.elementor-widget-heading .elementor-heading-title.elementor-size-xxl{font-size:59px}<\/style>\n<h1>Lassen Sie Ihre Eltern l\u00e4nger zu Hause wohnen!<\/h1>\n<h4>Mit diesen 5 brandneuen Technologie-Tools.<\/h4>\n<style>\/*! elementor - v3.21.0 - 30-04-2024 *\/\n.elementor-widget-image{text-align:center}.elementor-widget-image a{display:inline-block}.elementor-widget-image a img[src$=\".svg\"]{width:48px}.elementor-widget-image img{vertical-align:middle;display:inline-block}<\/style>\n<p>\t\t\t\t\t\t\t\t\t\t<img decoding=\"async\" width=\"243\" height=\"300\" src=\"https:\/\/kuus.shop\/wp-content\/uploads\/2023\/09\/e-essentiele-hulpmiddelen-voor-senioren-243x300.png\" alt=\"\" srcset=\"https:\/\/kuus.shop\/wp-content\/uploads\/2023\/09\/e-essentiele-hulpmiddelen-voor-senioren-243x300.png 243w, https:\/\/kuus.shop\/wp-content\/uploads\/2023\/09\/e-essentiele-hulpmiddelen-voor-senioren-829x1024.png 829w, https:\/\/kuus.shop\/wp-content\/uploads\/2023\/09\/e-essentiele-hulpmiddelen-voor-senioren-768x948.png 768w, https:\/\/kuus.shop\/wp-content\/uploads\/2023\/09\/e-essentiele-hulpmiddelen-voor-senioren-300x370.png 300w, https:\/\/kuus.shop\/wp-content\/uploads\/2023\/09\/e-essentiele-hulpmiddelen-voor-senioren-600x741.png 600w, https:\/\/kuus.shop\/wp-content\/uploads\/2023\/09\/e-essentiele-hulpmiddelen-voor-senioren.png 979w\" sizes=\"(max-width: 243px) 100vw, 243px\" \/>\t\t\t\t\t\t\t\t\t\t\t\t\t<\/p>\n<h5>Lassen Sie Ihre Eltern l\u00e4nger verantwortungsbewusst zu Hause leben<\/h5>\n<p data-css=\"tve-u-17979ba8113\">Geben Sie Ihren Namen und Ihre E-Mail-Adresse ein, um den Leitfaden mit 5 brandneuen Ressourcen f\u00fcr Senioren zu erhalten.<\/p>\n<p>Lassen Sie Ihre Eltern l\u00e4nger unabh\u00e4ngig zu Hause leben!<\/p>\n","protected":false},"excerpt":{"rendered":"<p>Lassen Sie Ihre Eltern l\u00e4nger zu Hause wohnen! Mit diesen 5 brandneuen Technologie-Tools. Lassen Sie Ihre Eltern l\u00e4nger verantwortungsbewusst zu Hause leben Geben Sie Ihren Namen und Ihre E-Mail-Adresse ein, um den Leitfaden mit 5 brandneuen Ressourcen f\u00fcr Senioren zu erhalten. Lassen Sie Ihre Eltern l\u00e4nger unabh\u00e4ngig zu Hause leben!<\/p>\n","protected":false},"author":2,"featured_media":0,"parent":0,"menu_order":0,"comment_status":"closed","ping_status":"closed","template":"","meta":{"_acf_changed":false,"inline_featured_image":false,"footnotes":""},"class_list":["post-13471","page","type-page","status-publish","hentry"],"acf":[],"yoast_head":"<!-- This site is optimized with the Yoast SEO plugin v27.3 - https:\/\/yoast.com\/product\/yoast-seo-wordpress\/ -->\n<title>5 unverzichtbare Tools f\u00fcr Senioren - KUUS.<\/title>\n<meta name=\"description\" content=\"KUUS Seniorenleitfaden: 5 wichtige Hilfsmittel. Sch\u00fctzen Sie \u00c4ltere.\" \/>\n<meta name=\"robots\" content=\"noindex, nofollow\" \/>\n<meta property=\"og:locale\" content=\"de_DE\" \/>\n<meta property=\"og:type\" content=\"article\" \/>\n<meta property=\"og:title\" content=\"5 unverzichtbare Tools f\u00fcr Senioren - KUUS.\" \/>\n<meta property=\"og:description\" content=\"KUUS Seniorenleitfaden: 5 wichtige Hilfsmittel. Sch\u00fctzen Sie \u00c4ltere.\" \/>\n<meta property=\"og:url\" content=\"https:\/\/kuus.shop\/de\/5-unverzichtbare-tools-fuer-senioren\/\" \/>\n<meta property=\"og:site_name\" content=\"KUUS.\" \/>\n<meta property=\"article:publisher\" content=\"https:\/\/www.facebook.com\/Kuus.nederland\/\" \/>\n<meta property=\"article:modified_time\" content=\"2025-04-11T02:03:00+00:00\" \/>\n<meta property=\"og:image\" content=\"https:\/\/kuus.shop\/wp-content\/uploads\/2023\/09\/e-essentiele-hulpmiddelen-voor-senioren-243x300.png\" \/>\n<meta name=\"twitter:card\" content=\"summary_large_image\" \/>\n<script type=\"application\/ld+json\" class=\"yoast-schema-graph\">{\"@context\":\"https:\\\/\\\/schema.org\",\"@graph\":[{\"@type\":\"WebPage\",\"@id\":\"https:\\\/\\\/kuus.shop\\\/de\\\/5-unverzichtbare-tools-fuer-senioren\\\/\",\"url\":\"https:\\\/\\\/kuus.shop\\\/de\\\/5-unverzichtbare-tools-fuer-senioren\\\/\",\"name\":\"5 unverzichtbare Tools f\u00fcr Senioren - KUUS.\",\"isPartOf\":{\"@id\":\"https:\\\/\\\/kuus.shop\\\/de\\\/#website\"},\"primaryImageOfPage\":{\"@id\":\"https:\\\/\\\/kuus.shop\\\/de\\\/5-unverzichtbare-tools-fuer-senioren\\\/#primaryimage\"},\"image\":{\"@id\":\"https:\\\/\\\/kuus.shop\\\/de\\\/5-unverzichtbare-tools-fuer-senioren\\\/#primaryimage\"},\"thumbnailUrl\":\"https:\\\/\\\/kuus.shop\\\/wp-content\\\/uploads\\\/2023\\\/09\\\/e-essentiele-hulpmiddelen-voor-senioren-243x300.png\",\"datePublished\":\"2023-09-26T12:12:38+00:00\",\"dateModified\":\"2025-04-11T02:03:00+00:00\",\"description\":\"KUUS Seniorenleitfaden: 5 wichtige Hilfsmittel. Sch\u00fctzen Sie \u00c4ltere.\",\"breadcrumb\":{\"@id\":\"https:\\\/\\\/kuus.shop\\\/de\\\/5-unverzichtbare-tools-fuer-senioren\\\/#breadcrumb\"},\"inLanguage\":\"de\",\"potentialAction\":[{\"@type\":\"ReadAction\",\"target\":[\"https:\\\/\\\/kuus.shop\\\/de\\\/5-unverzichtbare-tools-fuer-senioren\\\/\"]}]},{\"@type\":\"ImageObject\",\"inLanguage\":\"de\",\"@id\":\"https:\\\/\\\/kuus.shop\\\/de\\\/5-unverzichtbare-tools-fuer-senioren\\\/#primaryimage\",\"url\":\"https:\\\/\\\/kuus.shop\\\/wp-content\\\/uploads\\\/2023\\\/09\\\/e-essentiele-hulpmiddelen-voor-senioren-243x300.png\",\"contentUrl\":\"https:\\\/\\\/kuus.shop\\\/wp-content\\\/uploads\\\/2023\\\/09\\\/e-essentiele-hulpmiddelen-voor-senioren-243x300.png\"},{\"@type\":\"BreadcrumbList\",\"@id\":\"https:\\\/\\\/kuus.shop\\\/de\\\/5-unverzichtbare-tools-fuer-senioren\\\/#breadcrumb\",\"itemListElement\":[{\"@type\":\"ListItem\",\"position\":1,\"name\":\"KUUS.\",\"item\":\"https:\\\/\\\/kuus.shop\\\/de\\\/\"},{\"@type\":\"ListItem\",\"position\":2,\"name\":\"5 unverzichtbare Tools f\u00fcr Senioren\"}]},{\"@type\":\"WebSite\",\"@id\":\"https:\\\/\\\/kuus.shop\\\/de\\\/#website\",\"url\":\"https:\\\/\\\/kuus.shop\\\/de\\\/\",\"name\":\"KUUS.\",\"description\":\"Watch your valuables\",\"publisher\":{\"@id\":\"https:\\\/\\\/kuus.shop\\\/de\\\/#organization\"},\"potentialAction\":[{\"@type\":\"SearchAction\",\"target\":{\"@type\":\"EntryPoint\",\"urlTemplate\":\"https:\\\/\\\/kuus.shop\\\/de\\\/?s={search_term_string}\"},\"query-input\":{\"@type\":\"PropertyValueSpecification\",\"valueRequired\":true,\"valueName\":\"search_term_string\"}}],\"inLanguage\":\"de\"},{\"@type\":\"Organization\",\"@id\":\"https:\\\/\\\/kuus.shop\\\/de\\\/#organization\",\"name\":\"KUUS.\",\"url\":\"https:\\\/\\\/kuus.shop\",\"logo\":{\"@type\":\"ImageObject\",\"inLanguage\":\"de\",\"@id\":\"https:\\\/\\\/kuus.shop\\\/de\\\/#\\\/schema\\\/logo\\\/image\\\/\",\"url\":\"https:\\\/\\\/kuus.shop\\\/wp-content\\\/uploads\\\/2023\\\/06\\\/groot-vierkant-2000x2000-1.png\",\"contentUrl\":\"https:\\\/\\\/kuus.shop\\\/wp-content\\\/uploads\\\/2023\\\/06\\\/groot-vierkant-2000x2000-1.png\",\"width\":2000,\"height\":2000,\"caption\":\"KUUS.\"},\"image\":{\"@id\":\"https:\\\/\\\/kuus.shop\\\/de\\\/#\\\/schema\\\/logo\\\/image\\\/\"},\"sameAs\":[\"https:\\\/\\\/www.facebook.com\\\/Kuus.nederland\\\/\",\"https:\\\/\\\/www.instagram.com\\\/kuus.nederland\\\/\"],\"legalName\":\"WCMK B.V\",\"alternateName\":\"KUUS\"}]}<\/script>\n<!-- \/ Yoast SEO plugin. -->","yoast_head_json":{"title":"5 unverzichtbare Tools f\u00fcr Senioren - KUUS.","description":"KUUS Seniorenleitfaden: 5 wichtige Hilfsmittel. Sch\u00fctzen Sie \u00c4ltere.","robots":{"index":"noindex","follow":"nofollow"},"og_locale":"de_DE","og_type":"article","og_title":"5 unverzichtbare Tools f\u00fcr Senioren - KUUS.","og_description":"KUUS Seniorenleitfaden: 5 wichtige Hilfsmittel. Sch\u00fctzen Sie \u00c4ltere.","og_url":"https:\/\/kuus.shop\/de\/5-unverzichtbare-tools-fuer-senioren\/","og_site_name":"KUUS.","article_publisher":"https:\/\/www.facebook.com\/Kuus.nederland\/","article_modified_time":"2025-04-11T02:03:00+00:00","og_image":[{"url":"https:\/\/kuus.shop\/wp-content\/uploads\/2023\/09\/e-essentiele-hulpmiddelen-voor-senioren-243x300.png","type":"","width":"","height":""}],"twitter_card":"summary_large_image","schema":{"@context":"https:\/\/schema.org","@graph":[{"@type":"WebPage","@id":"https:\/\/kuus.shop\/de\/5-unverzichtbare-tools-fuer-senioren\/","url":"https:\/\/kuus.shop\/de\/5-unverzichtbare-tools-fuer-senioren\/","name":"5 unverzichtbare Tools f\u00fcr Senioren - KUUS.","isPartOf":{"@id":"https:\/\/kuus.shop\/de\/#website"},"primaryImageOfPage":{"@id":"https:\/\/kuus.shop\/de\/5-unverzichtbare-tools-fuer-senioren\/#primaryimage"},"image":{"@id":"https:\/\/kuus.shop\/de\/5-unverzichtbare-tools-fuer-senioren\/#primaryimage"},"thumbnailUrl":"https:\/\/kuus.shop\/wp-content\/uploads\/2023\/09\/e-essentiele-hulpmiddelen-voor-senioren-243x300.png","datePublished":"2023-09-26T12:12:38+00:00","dateModified":"2025-04-11T02:03:00+00:00","description":"KUUS Seniorenleitfaden: 5 wichtige Hilfsmittel. Sch\u00fctzen Sie \u00c4ltere.","breadcrumb":{"@id":"https:\/\/kuus.shop\/de\/5-unverzichtbare-tools-fuer-senioren\/#breadcrumb"},"inLanguage":"de","potentialAction":[{"@type":"ReadAction","target":["https:\/\/kuus.shop\/de\/5-unverzichtbare-tools-fuer-senioren\/"]}]},{"@type":"ImageObject","inLanguage":"de","@id":"https:\/\/kuus.shop\/de\/5-unverzichtbare-tools-fuer-senioren\/#primaryimage","url":"https:\/\/kuus.shop\/wp-content\/uploads\/2023\/09\/e-essentiele-hulpmiddelen-voor-senioren-243x300.png","contentUrl":"https:\/\/kuus.shop\/wp-content\/uploads\/2023\/09\/e-essentiele-hulpmiddelen-voor-senioren-243x300.png"},{"@type":"BreadcrumbList","@id":"https:\/\/kuus.shop\/de\/5-unverzichtbare-tools-fuer-senioren\/#breadcrumb","itemListElement":[{"@type":"ListItem","position":1,"name":"KUUS.","item":"https:\/\/kuus.shop\/de\/"},{"@type":"ListItem","position":2,"name":"5 unverzichtbare Tools f\u00fcr Senioren"}]},{"@type":"WebSite","@id":"https:\/\/kuus.shop\/de\/#website","url":"https:\/\/kuus.shop\/de\/","name":"KUUS.","description":"Watch your valuables","publisher":{"@id":"https:\/\/kuus.shop\/de\/#organization"},"potentialAction":[{"@type":"SearchAction","target":{"@type":"EntryPoint","urlTemplate":"https:\/\/kuus.shop\/de\/?s={search_term_string}"},"query-input":{"@type":"PropertyValueSpecification","valueRequired":true,"valueName":"search_term_string"}}],"inLanguage":"de"},{"@type":"Organization","@id":"https:\/\/kuus.shop\/de\/#organization","name":"KUUS.","url":"https:\/\/kuus.shop","logo":{"@type":"ImageObject","inLanguage":"de","@id":"https:\/\/kuus.shop\/de\/#\/schema\/logo\/image\/","url":"https:\/\/kuus.shop\/wp-content\/uploads\/2023\/06\/groot-vierkant-2000x2000-1.png","contentUrl":"https:\/\/kuus.shop\/wp-content\/uploads\/2023\/06\/groot-vierkant-2000x2000-1.png","width":2000,"height":2000,"caption":"KUUS."},"image":{"@id":"https:\/\/kuus.shop\/de\/#\/schema\/logo\/image\/"},"sameAs":["https:\/\/www.facebook.com\/Kuus.nederland\/","https:\/\/www.instagram.com\/kuus.nederland\/"],"legalName":"WCMK B.V","alternateName":"KUUS"}]}},"_links":{"self":[{"href":"https:\/\/kuus.shop\/de\/wp-json\/wp\/v2\/pages\/13471","targetHints":{"allow":["GET"]}}],"collection":[{"href":"https:\/\/kuus.shop\/de\/wp-json\/wp\/v2\/pages"}],"about":[{"href":"https:\/\/kuus.shop\/de\/wp-json\/wp\/v2\/types\/page"}],"author":[{"embeddable":true,"href":"https:\/\/kuus.shop\/de\/wp-json\/wp\/v2\/users\/2"}],"replies":[{"embeddable":true,"href":"https:\/\/kuus.shop\/de\/wp-json\/wp\/v2\/comments?post=13471"}],"version-history":[{"count":1,"href":"https:\/\/kuus.shop\/de\/wp-json\/wp\/v2\/pages\/13471\/revisions"}],"predecessor-version":[{"id":13472,"href":"https:\/\/kuus.shop\/de\/wp-json\/wp\/v2\/pages\/13471\/revisions\/13472"}],"wp:attachment":[{"href":"https:\/\/kuus.shop\/de\/wp-json\/wp\/v2\/media?parent=13471"}],"curies":[{"name":"wp","href":"https:\/\/api.w.org\/{rel}","templated":true}]}}